{"id":1066,"date":"2020-05-20T11:56:10","date_gmt":"2020-05-20T11:56:10","guid":{"rendered":"https:\/\/alarmanlagen-puttinger.at\/?page_id=1066"},"modified":"2020-07-23T12:00:01","modified_gmt":"2020-07-23T12:00:01","slug":"wlan-kameras","status":"publish","type":"page","link":"https:\/\/alarmanlagen-puttinger.at\/index.php\/wlan-kameras\/","title":{"rendered":"WLAN-Kameras"},"content":{"rendered":"\t\t<div data-elementor-type=\"wp-page\" data-elementor-id=\"1066\" class=\"elementor elementor-1066\" data-elementor-post-type=\"page\">\n\t\t\t\t\t\t<section class=\"elementor-section elementor-top-section elementor-element elementor-element-52b25a1 elementor-section-boxed elementor-section-height-default elementor-section-height-default\" data-id=\"52b25a1\" data-element_type=\"section\">\n\t\t\t\t\t\t<div class=\"elementor-container elementor-column-gap-default\">\n\t\t\t\t\t<div class=\"elementor-column elementor-col-100 elementor-top-column elementor-element elementor-element-4aa7a88\" data-id=\"4aa7a88\" data-element_type=\"column\">\n\t\t\t<div class=\"elementor-widget-wrap elementor-element-populated\">\n\t\t\t\t\t\t<div class=\"elementor-element elementor-element-e84dbe5 elementor-widget elementor-widget-heading\" data-id=\"e84dbe5\" data-element_type=\"widget\" data-widget_type=\"heading.default\">\n\t\t\t\t<div class=\"elementor-widget-container\">\n\t\t\t\t\t<h1 class=\"elementor-heading-title elementor-size-large\">WLAN-KAMERAS<\/h1>\t\t\t\t<\/div>\n\t\t\t\t<\/div>\n\t\t\t\t\t<\/div>\n\t\t<\/div>\n\t\t\t\t\t<\/div>\n\t\t<\/section>\n\t\t\t\t<section class=\"elementor-section elementor-top-section elementor-element elementor-element-222feb9 elementor-section-boxed elementor-section-height-default elementor-section-height-default\" data-id=\"222feb9\" data-element_type=\"section\">\n\t\t\t\t\t\t<div class=\"elementor-container elementor-column-gap-default\">\n\t\t\t\t\t<div class=\"elementor-column elementor-col-100 elementor-top-column elementor-element elementor-element-315d6a9\" data-id=\"315d6a9\" data-element_type=\"column\">\n\t\t\t<div class=\"elementor-widget-wrap elementor-element-populated\">\n\t\t\t\t\t\t<div class=\"elementor-element elementor-element-cb6b4c2 elementor-widget-divider--view-line elementor-widget elementor-widget-divider\" data-id=\"cb6b4c2\" data-element_type=\"widget\" data-widget_type=\"divider.default\">\n\t\t\t\t<div class=\"elementor-widget-container\">\n\t\t\t\t\t\t\t<div class=\"elementor-divider\">\n\t\t\t<span class=\"elementor-divider-separator\">\n\t\t\t\t\t\t<\/span>\n\t\t<\/div>\n\t\t\t\t\t\t<\/div>\n\t\t\t\t<\/div>\n\t\t\t\t<div class=\"elementor-element elementor-element-300dd6c elementor-widget elementor-widget-spacer\" data-id=\"300dd6c\" data-element_type=\"widget\" data-widget_type=\"spacer.default\">\n\t\t\t\t<div class=\"elementor-widget-container\">\n\t\t\t\t\t\t\t<div class=\"elementor-spacer\">\n\t\t\t<div class=\"elementor-spacer-inner\"><\/div>\n\t\t<\/div>\n\t\t\t\t\t\t<\/div>\n\t\t\t\t<\/div>\n\t\t\t\t\t<\/div>\n\t\t<\/div>\n\t\t\t\t\t<\/div>\n\t\t<\/section>\n\t\t\t\t<section class=\"elementor-section elementor-top-section elementor-element elementor-element-b5cbdf2 elementor-section-boxed elementor-section-height-default elementor-section-height-default\" data-id=\"b5cbdf2\" data-element_type=\"section\">\n\t\t\t\t\t\t<div class=\"elementor-container elementor-column-gap-default\">\n\t\t\t\t\t<div class=\"elementor-column elementor-col-100 elementor-top-column elementor-element elementor-element-bbef7b3\" data-id=\"bbef7b3\" data-element_type=\"column\">\n\t\t\t<div class=\"elementor-widget-wrap elementor-element-populated\">\n\t\t\t\t\t\t<div class=\"elementor-element elementor-element-93a643d elementor-widget elementor-widget-text-editor\" data-id=\"93a643d\" data-element_type=\"widget\" data-widget_type=\"text-editor.default\">\n\t\t\t\t<div class=\"elementor-widget-container\">\n\t\t\t\t\t\t\t\t\t<p>Neben unseren herk\u00f6mmlichen Kameras haben wir auch zwei WLAN-Kameras &#8211; zur hausinternen \u00dcberwachung &#8211; in unserem Sortiment.<\/p>\t\t\t\t\t\t\t\t<\/div>\n\t\t\t\t<\/div>\n\t\t\t\t<div class=\"elementor-element elementor-element-77b3a2f elementor-widget elementor-widget-spacer\" data-id=\"77b3a2f\" data-element_type=\"widget\" data-widget_type=\"spacer.default\">\n\t\t\t\t<div class=\"elementor-widget-container\">\n\t\t\t\t\t\t\t<div class=\"elementor-spacer\">\n\t\t\t<div class=\"elementor-spacer-inner\"><\/div>\n\t\t<\/div>\n\t\t\t\t\t\t<\/div>\n\t\t\t\t<\/div>\n\t\t\t\t\t<\/div>\n\t\t<\/div>\n\t\t\t\t\t<\/div>\n\t\t<\/section>\n\t\t\t\t<section class=\"elementor-section elementor-top-section elementor-element elementor-element-66518a9 elementor-section-boxed elementor-section-height-default elementor-section-height-default\" data-id=\"66518a9\" data-element_type=\"section\">\n\t\t\t\t\t\t<div class=\"elementor-container elementor-column-gap-default\">\n\t\t\t\t\t<div class=\"elementor-column elementor-col-25 elementor-top-column elementor-element elementor-element-d2f492f\" data-id=\"d2f492f\" data-element_type=\"column\">\n\t\t\t<div class=\"elementor-widget-wrap\">\n\t\t\t\t\t\t\t<\/div>\n\t\t<\/div>\n\t\t\t\t<div class=\"elementor-column elementor-col-25 elementor-top-column elementor-element elementor-element-039d122\" data-id=\"039d122\" data-element_type=\"column\">\n\t\t\t<div class=\"elementor-widget-wrap elementor-element-populated\">\n\t\t\t\t\t\t<div class=\"elementor-element elementor-element-85ab62e elementor-invisible elementor-widget elementor-widget-image\" data-id=\"85ab62e\" data-element_type=\"widget\" data-settings=\"{&quot;_animation&quot;:&quot;zoomIn&quot;}\" data-widget_type=\"image.default\">\n\t\t\t\t<div class=\"elementor-widget-container\">\n\t\t\t\t\t\t\t\t\t\t\t\t\t\t\t\t<a href=\"https:\/\/alarmanlagen-puttinger.at\/wp-content\/uploads\/2020\/04\/Video_Dahua-IP_WLAN_Domekamera.png\" data-elementor-open-lightbox=\"yes\" data-elementor-lightbox-title=\"Dahua_WLAN Domekamera\" data-e-action-hash=\"#elementor-action%3Aaction%3Dlightbox%26settings%3DeyJpZCI6OTQ1LCJ1cmwiOiJodHRwczpcL1wvYWxhcm1hbmxhZ2VuLXB1dHRpbmdlci5hdFwvd3AtY29udGVudFwvdXBsb2Fkc1wvMjAyMFwvMDRcL1ZpZGVvX0RhaHVhLUlQX1dMQU5fRG9tZWthbWVyYS5wbmcifQ%3D%3D\">\n\t\t\t\t\t\t\t<img decoding=\"async\" src=\"https:\/\/alarmanlagen-puttinger.at\/wp-content\/uploads\/elementor\/thumbs\/Video_Dahua-IP_WLAN_Domekamera-qp3hdrdmst4erv51h53e5y0tfbtkkgiryndxq3byb4.png\" title=\"Dahua_WLAN Domekamera\" alt=\"Dahua_WLAN Domekamera\" loading=\"lazy\" \/>\t\t\t\t\t\t\t\t<\/a>\n\t\t\t\t\t\t\t\t\t\t\t\t\t\t\t<\/div>\n\t\t\t\t<\/div>\n\t\t\t\t\t<\/div>\n\t\t<\/div>\n\t\t\t\t<div class=\"elementor-column elementor-col-25 elementor-top-column elementor-element elementor-element-be4a8b3\" data-id=\"be4a8b3\" data-element_type=\"column\">\n\t\t\t<div class=\"elementor-widget-wrap elementor-element-populated\">\n\t\t\t\t\t\t<div class=\"elementor-element elementor-element-5377274 elementor-invisible elementor-widget elementor-widget-image\" data-id=\"5377274\" data-element_type=\"widget\" data-settings=\"{&quot;_animation&quot;:&quot;zoomIn&quot;}\" data-widget_type=\"image.default\">\n\t\t\t\t<div class=\"elementor-widget-container\">\n\t\t\t\t\t\t\t\t\t\t\t\t\t\t\t\t<a href=\"https:\/\/alarmanlagen-puttinger.at\/wp-content\/uploads\/2020\/04\/Video_Dahua-IP_WLAN_Bulletkamera.png\" data-elementor-open-lightbox=\"yes\" data-elementor-lightbox-title=\"Dahua_WLAN Bulletkamera\" data-e-action-hash=\"#elementor-action%3Aaction%3Dlightbox%26settings%3DeyJpZCI6OTQ0LCJ1cmwiOiJodHRwczpcL1wvYWxhcm1hbmxhZ2VuLXB1dHRpbmdlci5hdFwvd3AtY29udGVudFwvdXBsb2Fkc1wvMjAyMFwvMDRcL1ZpZGVvX0RhaHVhLUlQX1dMQU5fQnVsbGV0a2FtZXJhLnBuZyJ9\">\n\t\t\t\t\t\t\t<img decoding=\"async\" src=\"https:\/\/alarmanlagen-puttinger.at\/wp-content\/uploads\/elementor\/thumbs\/Video_Dahua-IP_WLAN_Bulletkamera-qp3hdrdmst4erv51h53e5y0tfbtkkgiryndxq3byb4.png\" title=\"Dahua_WLAN Bulletkamera\" alt=\"Dahua_WLAN Bulletkamera\" loading=\"lazy\" \/>\t\t\t\t\t\t\t\t<\/a>\n\t\t\t\t\t\t\t\t\t\t\t\t\t\t\t<\/div>\n\t\t\t\t<\/div>\n\t\t\t\t\t<\/div>\n\t\t<\/div>\n\t\t\t\t<div class=\"elementor-column elementor-col-25 elementor-top-column elementor-element elementor-element-cb6e86f\" data-id=\"cb6e86f\" data-element_type=\"column\">\n\t\t\t<div class=\"elementor-widget-wrap\">\n\t\t\t\t\t\t\t<\/div>\n\t\t<\/div>\n\t\t\t\t\t<\/div>\n\t\t<\/section>\n\t\t\t\t<section class=\"elementor-section elementor-top-section elementor-element elementor-element-3999010 elementor-section-boxed elementor-section-height-default elementor-section-height-default\" data-id=\"3999010\" data-element_type=\"section\">\n\t\t\t\t\t\t<div class=\"elementor-container elementor-column-gap-default\">\n\t\t\t\t\t<div class=\"elementor-column elementor-col-100 elementor-top-column elementor-element elementor-element-0657808\" data-id=\"0657808\" data-element_type=\"column\">\n\t\t\t<div class=\"elementor-widget-wrap elementor-element-populated\">\n\t\t\t\t\t\t<div class=\"elementor-element elementor-element-664f947 elementor-widget elementor-widget-spacer\" data-id=\"664f947\" data-element_type=\"widget\" data-widget_type=\"spacer.default\">\n\t\t\t\t<div class=\"elementor-widget-container\">\n\t\t\t\t\t\t\t<div class=\"elementor-spacer\">\n\t\t\t<div class=\"elementor-spacer-inner\"><\/div>\n\t\t<\/div>\n\t\t\t\t\t\t<\/div>\n\t\t\t\t<\/div>\n\t\t\t\t<div class=\"elementor-element elementor-element-67fb017 elementor-button-danger elementor-align-center elementor-widget elementor-widget-button\" data-id=\"67fb017\" data-element_type=\"widget\" data-widget_type=\"button.default\">\n\t\t\t\t<div class=\"elementor-widget-container\">\n\t\t\t\t\t\t\t\t\t<div class=\"elementor-button-wrapper\">\n\t\t\t\t\t<a class=\"elementor-button elementor-button-link elementor-size-md\" href=\"https:\/\/alarmanlagen-puttinger.at\/index.php\/kontakt\/\">\n\t\t\t\t\t\t<span class=\"elementor-button-content-wrapper\">\n\t\t\t\t\t\t\t\t\t<span class=\"elementor-button-text\">Kontakt<\/span>\n\t\t\t\t\t<\/span>\n\t\t\t\t\t<\/a>\n\t\t\t\t<\/div>\n\t\t\t\t\t\t\t\t<\/div>\n\t\t\t\t<\/div>\n\t\t\t\t\t<\/div>\n\t\t<\/div>\n\t\t\t\t\t<\/div>\n\t\t<\/section>\n\t\t\t\t<\/div>\n\t\t","protected":false},"excerpt":{"rendered":"<p>WLAN-KAMERAS Neben unseren herk\u00f6mmlichen Kameras haben wir auch zwei WLAN-Kameras &#8211; zur hausinternen \u00dcberwachung &#8211; in unserem Sortiment. Kontakt<\/p>\n","protected":false},"author":2,"featured_media":0,"parent":0,"menu_order":0,"comment_status":"closed","ping_status":"closed","template":"elementor_header_footer","meta":{"footnotes":""},"class_list":["post-1066","page","type-page","status-publish","hentry"],"yoast_head":"<!-- This site is optimized with the Yoast SEO Premium plugin v26.6 (Yoast SEO v26.6) - https:\/\/yoast.com\/wordpress\/plugins\/seo\/ -->\n<title>WLAN-Kameras I Gerald Puttinger - Video\u00fcberwachung, WLAN-Kameras<\/title>\n<meta name=\"description\" content=\"Neben unserem herk\u00f6mmlichen Kameras haben wir auch WLAN-Kameras zur Video\u00fcberwachung in unserem Sortiment. Wir bieten zwei verschiedene Ausf\u00fchrungen.\" \/>\n<meta name=\"robots\" content=\"index, follow, max-snippet:-1, max-image-preview:large, max-video-preview:-1\" \/>\n<link rel=\"canonical\" href=\"https:\/\/alarmanlagen-puttinger.at\/index.php\/wlan-kameras\/\" \/>\n<meta property=\"og:locale\" content=\"de_DE\" \/>\n<meta property=\"og:type\" content=\"article\" \/>\n<meta property=\"og:title\" content=\"WLAN-Kameras\" \/>\n<meta property=\"og:description\" content=\"Neben unserem herk\u00f6mmlichen Kameras haben wir auch WLAN-Kameras zur Video\u00fcberwachung in unserem Sortiment. Wir bieten zwei verschiedene Ausf\u00fchrungen.\" \/>\n<meta property=\"og:url\" content=\"https:\/\/alarmanlagen-puttinger.at\/index.php\/wlan-kameras\/\" \/>\n<meta property=\"og:site_name\" content=\"Puttinger\" \/>\n<meta property=\"article:modified_time\" content=\"2020-07-23T12:00:01+00:00\" \/>\n<meta property=\"og:image\" content=\"https:\/\/alarmanlagen-puttinger.at\/wp-content\/uploads\/elementor\/thumbs\/Video_Dahua-IP_WLAN_Domekamera-onutghz2kf787mm78wlmd30139usjsuyairgfr5njk.png\" \/>\n<meta name=\"twitter:card\" content=\"summary_large_image\" \/>\n<script type=\"application\/ld+json\" class=\"yoast-schema-graph\">{\"@context\":\"https:\/\/schema.org\",\"@graph\":[{\"@type\":\"WebPage\",\"@id\":\"https:\/\/alarmanlagen-puttinger.at\/index.php\/wlan-kameras\/\",\"url\":\"https:\/\/alarmanlagen-puttinger.at\/index.php\/wlan-kameras\/\",\"name\":\"WLAN-Kameras I Gerald Puttinger - Video\u00fcberwachung, WLAN-Kameras\",\"isPartOf\":{\"@id\":\"https:\/\/alarmanlagen-puttinger.at\/#website\"},\"primaryImageOfPage\":{\"@id\":\"https:\/\/alarmanlagen-puttinger.at\/index.php\/wlan-kameras\/#primaryimage\"},\"image\":{\"@id\":\"https:\/\/alarmanlagen-puttinger.at\/index.php\/wlan-kameras\/#primaryimage\"},\"thumbnailUrl\":\"https:\/\/alarmanlagen-puttinger.at\/wp-content\/uploads\/elementor\/thumbs\/Video_Dahua-IP_WLAN_Domekamera-onutghz2kf787mm78wlmd30139usjsuyairgfr5njk.png\",\"datePublished\":\"2020-05-20T11:56:10+00:00\",\"dateModified\":\"2020-07-23T12:00:01+00:00\",\"description\":\"Neben unserem herk\u00f6mmlichen Kameras haben wir auch WLAN-Kameras zur Video\u00fcberwachung in unserem Sortiment. Wir bieten zwei verschiedene Ausf\u00fchrungen.\",\"breadcrumb\":{\"@id\":\"https:\/\/alarmanlagen-puttinger.at\/index.php\/wlan-kameras\/#breadcrumb\"},\"inLanguage\":\"de\",\"potentialAction\":[{\"@type\":\"ReadAction\",\"target\":[\"https:\/\/alarmanlagen-puttinger.at\/index.php\/wlan-kameras\/\"]}]},{\"@type\":\"ImageObject\",\"inLanguage\":\"de\",\"@id\":\"https:\/\/alarmanlagen-puttinger.at\/index.php\/wlan-kameras\/#primaryimage\",\"url\":\"https:\/\/alarmanlagen-puttinger.at\/wp-content\/uploads\/elementor\/thumbs\/Video_Dahua-IP_WLAN_Domekamera-onutghz2kf787mm78wlmd30139usjsuyairgfr5njk.png\",\"contentUrl\":\"https:\/\/alarmanlagen-puttinger.at\/wp-content\/uploads\/elementor\/thumbs\/Video_Dahua-IP_WLAN_Domekamera-onutghz2kf787mm78wlmd30139usjsuyairgfr5njk.png\"},{\"@type\":\"BreadcrumbList\",\"@id\":\"https:\/\/alarmanlagen-puttinger.at\/index.php\/wlan-kameras\/#breadcrumb\",\"itemListElement\":[{\"@type\":\"ListItem\",\"position\":1,\"name\":\"Home\",\"item\":\"https:\/\/alarmanlagen-puttinger.at\/\"},{\"@type\":\"ListItem\",\"position\":2,\"name\":\"WLAN-Kameras\"}]},{\"@type\":\"WebSite\",\"@id\":\"https:\/\/alarmanlagen-puttinger.at\/#website\",\"url\":\"https:\/\/alarmanlagen-puttinger.at\/\",\"name\":\"Puttinger\",\"description\":\"Just another WordPress site\",\"potentialAction\":[{\"@type\":\"SearchAction\",\"target\":{\"@type\":\"EntryPoint\",\"urlTemplate\":\"https:\/\/alarmanlagen-puttinger.at\/?s={search_term_string}\"},\"query-input\":{\"@type\":\"PropertyValueSpecification\",\"valueRequired\":true,\"valueName\":\"search_term_string\"}}],\"inLanguage\":\"de\"}]}<\/script>\n<!-- \/ Yoast SEO Premium plugin. -->","yoast_head_json":{"title":"WLAN-Kameras I Gerald Puttinger - Video\u00fcberwachung, WLAN-Kameras","description":"Neben unserem herk\u00f6mmlichen Kameras haben wir auch WLAN-Kameras zur Video\u00fcberwachung in unserem Sortiment. Wir bieten zwei verschiedene Ausf\u00fchrungen.","robots":{"index":"index","follow":"follow","max-snippet":"max-snippet:-1","max-image-preview":"max-image-preview:large","max-video-preview":"max-video-preview:-1"},"canonical":"https:\/\/alarmanlagen-puttinger.at\/index.php\/wlan-kameras\/","og_locale":"de_DE","og_type":"article","og_title":"WLAN-Kameras","og_description":"Neben unserem herk\u00f6mmlichen Kameras haben wir auch WLAN-Kameras zur Video\u00fcberwachung in unserem Sortiment. Wir bieten zwei verschiedene Ausf\u00fchrungen.","og_url":"https:\/\/alarmanlagen-puttinger.at\/index.php\/wlan-kameras\/","og_site_name":"Puttinger","article_modified_time":"2020-07-23T12:00:01+00:00","og_image":[{"url":"https:\/\/alarmanlagen-puttinger.at\/wp-content\/uploads\/elementor\/thumbs\/Video_Dahua-IP_WLAN_Domekamera-onutghz2kf787mm78wlmd30139usjsuyairgfr5njk.png","type":"","width":"","height":""}],"twitter_card":"summary_large_image","schema":{"@context":"https:\/\/schema.org","@graph":[{"@type":"WebPage","@id":"https:\/\/alarmanlagen-puttinger.at\/index.php\/wlan-kameras\/","url":"https:\/\/alarmanlagen-puttinger.at\/index.php\/wlan-kameras\/","name":"WLAN-Kameras I Gerald Puttinger - Video\u00fcberwachung, WLAN-Kameras","isPartOf":{"@id":"https:\/\/alarmanlagen-puttinger.at\/#website"},"primaryImageOfPage":{"@id":"https:\/\/alarmanlagen-puttinger.at\/index.php\/wlan-kameras\/#primaryimage"},"image":{"@id":"https:\/\/alarmanlagen-puttinger.at\/index.php\/wlan-kameras\/#primaryimage"},"thumbnailUrl":"https:\/\/alarmanlagen-puttinger.at\/wp-content\/uploads\/elementor\/thumbs\/Video_Dahua-IP_WLAN_Domekamera-onutghz2kf787mm78wlmd30139usjsuyairgfr5njk.png","datePublished":"2020-05-20T11:56:10+00:00","dateModified":"2020-07-23T12:00:01+00:00","description":"Neben unserem herk\u00f6mmlichen Kameras haben wir auch WLAN-Kameras zur Video\u00fcberwachung in unserem Sortiment. Wir bieten zwei verschiedene Ausf\u00fchrungen.","breadcrumb":{"@id":"https:\/\/alarmanlagen-puttinger.at\/index.php\/wlan-kameras\/#breadcrumb"},"inLanguage":"de","potentialAction":[{"@type":"ReadAction","target":["https:\/\/alarmanlagen-puttinger.at\/index.php\/wlan-kameras\/"]}]},{"@type":"ImageObject","inLanguage":"de","@id":"https:\/\/alarmanlagen-puttinger.at\/index.php\/wlan-kameras\/#primaryimage","url":"https:\/\/alarmanlagen-puttinger.at\/wp-content\/uploads\/elementor\/thumbs\/Video_Dahua-IP_WLAN_Domekamera-onutghz2kf787mm78wlmd30139usjsuyairgfr5njk.png","contentUrl":"https:\/\/alarmanlagen-puttinger.at\/wp-content\/uploads\/elementor\/thumbs\/Video_Dahua-IP_WLAN_Domekamera-onutghz2kf787mm78wlmd30139usjsuyairgfr5njk.png"},{"@type":"BreadcrumbList","@id":"https:\/\/alarmanlagen-puttinger.at\/index.php\/wlan-kameras\/#breadcrumb","itemListElement":[{"@type":"ListItem","position":1,"name":"Home","item":"https:\/\/alarmanlagen-puttinger.at\/"},{"@type":"ListItem","position":2,"name":"WLAN-Kameras"}]},{"@type":"WebSite","@id":"https:\/\/alarmanlagen-puttinger.at\/#website","url":"https:\/\/alarmanlagen-puttinger.at\/","name":"Puttinger","description":"Just another WordPress site","potentialAction":[{"@type":"SearchAction","target":{"@type":"EntryPoint","urlTemplate":"https:\/\/alarmanlagen-puttinger.at\/?s={search_term_string}"},"query-input":{"@type":"PropertyValueSpecification","valueRequired":true,"valueName":"search_term_string"}}],"inLanguage":"de"}]}},"_links":{"self":[{"href":"https:\/\/alarmanlagen-puttinger.at\/index.php\/wp-json\/wp\/v2\/pages\/1066","targetHints":{"allow":["GET"]}}],"collection":[{"href":"https:\/\/alarmanlagen-puttinger.at\/index.php\/wp-json\/wp\/v2\/pages"}],"about":[{"href":"https:\/\/alarmanlagen-puttinger.at\/index.php\/wp-json\/wp\/v2\/types\/page"}],"author":[{"embeddable":true,"href":"https:\/\/alarmanlagen-puttinger.at\/index.php\/wp-json\/wp\/v2\/users\/2"}],"replies":[{"embeddable":true,"href":"https:\/\/alarmanlagen-puttinger.at\/index.php\/wp-json\/wp\/v2\/comments?post=1066"}],"version-history":[{"count":7,"href":"https:\/\/alarmanlagen-puttinger.at\/index.php\/wp-json\/wp\/v2\/pages\/1066\/revisions"}],"predecessor-version":[{"id":1252,"href":"https:\/\/alarmanlagen-puttinger.at\/index.php\/wp-json\/wp\/v2\/pages\/1066\/revisions\/1252"}],"wp:attachment":[{"href":"https:\/\/alarmanlagen-puttinger.at\/index.php\/wp-json\/wp\/v2\/media?parent=1066"}],"curies":[{"name":"wp","href":"https:\/\/api.w.org\/{rel}","templated":true}]}}