{"id":1136,"date":"2020-07-10T07:14:15","date_gmt":"2020-07-10T07:14:15","guid":{"rendered":"https:\/\/alarmanlagen-puttinger.at\/?page_id=1136"},"modified":"2021-04-29T07:23:18","modified_gmt":"2021-04-29T07:23:18","slug":"rauchmelder","status":"publish","type":"page","link":"https:\/\/alarmanlagen-puttinger.at\/index.php\/rauchmelder\/","title":{"rendered":"Rauchmelder"},"content":{"rendered":"\t\t<div data-elementor-type=\"wp-page\" data-elementor-id=\"1136\" class=\"elementor elementor-1136\" data-elementor-post-type=\"page\">\n\t\t\t\t\t\t<section class=\"elementor-section elementor-top-section elementor-element elementor-element-52b25a1 elementor-section-boxed elementor-section-height-default elementor-section-height-default\" data-id=\"52b25a1\" data-element_type=\"section\">\n\t\t\t\t\t\t<div class=\"elementor-container elementor-column-gap-default\">\n\t\t\t\t\t<div class=\"elementor-column elementor-col-100 elementor-top-column elementor-element elementor-element-4aa7a88\" data-id=\"4aa7a88\" data-element_type=\"column\">\n\t\t\t<div class=\"elementor-widget-wrap elementor-element-populated\">\n\t\t\t\t\t\t<div class=\"elementor-element elementor-element-e84dbe5 elementor-widget elementor-widget-heading\" data-id=\"e84dbe5\" data-element_type=\"widget\" data-widget_type=\"heading.default\">\n\t\t\t\t<div class=\"elementor-widget-container\">\n\t\t\t\t\t<h1 class=\"elementor-heading-title elementor-size-large\">RAUCHMELDER<\/h1>\t\t\t\t<\/div>\n\t\t\t\t<\/div>\n\t\t\t\t\t<\/div>\n\t\t<\/div>\n\t\t\t\t\t<\/div>\n\t\t<\/section>\n\t\t\t\t<section class=\"elementor-section elementor-top-section elementor-element elementor-element-222feb9 elementor-section-boxed elementor-section-height-default elementor-section-height-default\" data-id=\"222feb9\" data-element_type=\"section\">\n\t\t\t\t\t\t<div class=\"elementor-container elementor-column-gap-default\">\n\t\t\t\t\t<div class=\"elementor-column elementor-col-100 elementor-top-column elementor-element elementor-element-315d6a9\" data-id=\"315d6a9\" data-element_type=\"column\">\n\t\t\t<div class=\"elementor-widget-wrap elementor-element-populated\">\n\t\t\t\t\t\t<div class=\"elementor-element elementor-element-cb6b4c2 elementor-widget-divider--view-line elementor-widget elementor-widget-divider\" data-id=\"cb6b4c2\" data-element_type=\"widget\" data-widget_type=\"divider.default\">\n\t\t\t\t<div class=\"elementor-widget-container\">\n\t\t\t\t\t\t\t<div class=\"elementor-divider\">\n\t\t\t<span class=\"elementor-divider-separator\">\n\t\t\t\t\t\t<\/span>\n\t\t<\/div>\n\t\t\t\t\t\t<\/div>\n\t\t\t\t<\/div>\n\t\t\t\t<div class=\"elementor-element elementor-element-300dd6c elementor-widget elementor-widget-spacer\" data-id=\"300dd6c\" data-element_type=\"widget\" data-widget_type=\"spacer.default\">\n\t\t\t\t<div class=\"elementor-widget-container\">\n\t\t\t\t\t\t\t<div class=\"elementor-spacer\">\n\t\t\t<div class=\"elementor-spacer-inner\"><\/div>\n\t\t<\/div>\n\t\t\t\t\t\t<\/div>\n\t\t\t\t<\/div>\n\t\t\t\t\t<\/div>\n\t\t<\/div>\n\t\t\t\t\t<\/div>\n\t\t<\/section>\n\t\t\t\t<section class=\"elementor-section elementor-top-section elementor-element elementor-element-b5cbdf2 elementor-section-boxed elementor-section-height-default elementor-section-height-default\" data-id=\"b5cbdf2\" data-element_type=\"section\">\n\t\t\t\t\t\t<div class=\"elementor-container elementor-column-gap-default\">\n\t\t\t\t\t<div class=\"elementor-column elementor-col-100 elementor-top-column elementor-element elementor-element-bbef7b3\" data-id=\"bbef7b3\" data-element_type=\"column\">\n\t\t\t<div class=\"elementor-widget-wrap elementor-element-populated\">\n\t\t\t\t\t\t<div class=\"elementor-element elementor-element-93a643d elementor-widget elementor-widget-text-editor\" data-id=\"93a643d\" data-element_type=\"widget\" data-widget_type=\"text-editor.default\">\n\t\t\t\t<div class=\"elementor-widget-container\">\n\t\t\t\t\t\t\t\t\t<p>Unsere Rauchmelder haben einen eingebauten Sensor, der sowohl Rauchentwicklung als auch Temperaturanstiege erkennt. Die Rauchmelder k\u00f6nnen somit vor Br\u00e4nden warnen, noch bevor sie ausbrechen.<br>Bei den Einstellungen k\u00f6nnen Sie zwischen vier Varianten w\u00e4hlen: Rauch- und Hitzewarnung, Rauch- oder Hitzewarnung, nur Rauchwarnung oder nur Hitzewarnung. Die Alarmtemperatur bei Hitze liegt dabei zwischen 60 und 70 Grad Celsius.<\/p>\n<p>Wir bieten Rauchmelder wahlweise als BUS- oder Funk-Melder. Die BUS-Variante verf\u00fcgt \u00fcber eine integrierte Sirene als Warnsignal, in der Funk-Variante gibt es die Rauchmelder wahlweise mit oder ohne eingebauter Sirene.<\/p>\n<p>Rauchmelder, Brandmelder, Feuermelder &#8211; wir beraten Sie gerne, welcher f\u00fcr Ihre Bed\u00fcrfnisse am besten geeignet ist!<br><\/p>\t\t\t\t\t\t\t\t<\/div>\n\t\t\t\t<\/div>\n\t\t\t\t<div class=\"elementor-element elementor-element-77b3a2f elementor-widget elementor-widget-spacer\" data-id=\"77b3a2f\" data-element_type=\"widget\" data-widget_type=\"spacer.default\">\n\t\t\t\t<div class=\"elementor-widget-container\">\n\t\t\t\t\t\t\t<div class=\"elementor-spacer\">\n\t\t\t<div class=\"elementor-spacer-inner\"><\/div>\n\t\t<\/div>\n\t\t\t\t\t\t<\/div>\n\t\t\t\t<\/div>\n\t\t\t\t\t<\/div>\n\t\t<\/div>\n\t\t\t\t\t<\/div>\n\t\t<\/section>\n\t\t\t\t<section class=\"elementor-section elementor-top-section elementor-element elementor-element-815f7a1 elementor-section-boxed elementor-section-height-default elementor-section-height-default\" data-id=\"815f7a1\" data-element_type=\"section\">\n\t\t\t\t\t\t<div class=\"elementor-container elementor-column-gap-default\">\n\t\t\t\t\t<div class=\"elementor-column elementor-col-50 elementor-top-column elementor-element elementor-element-b8e77e4\" data-id=\"b8e77e4\" data-element_type=\"column\">\n\t\t\t<div class=\"elementor-widget-wrap elementor-element-populated\">\n\t\t\t\t\t\t<div class=\"elementor-element elementor-element-7a10101 elementor-invisible elementor-widget elementor-widget-image\" data-id=\"7a10101\" data-element_type=\"widget\" data-settings=\"{&quot;_animation&quot;:&quot;zoomIn&quot;}\" data-widget_type=\"image.default\">\n\t\t\t\t<div class=\"elementor-widget-container\">\n\t\t\t\t\t\t\t\t\t\t\t\t\t\t\t\t<a href=\"https:\/\/alarmanlagen-puttinger.at\/wp-content\/uploads\/2020\/07\/Alarmanlagen-Puttinger_Gefahrenmelder_Brandmelder_2.jpg\" data-elementor-open-lightbox=\"yes\" data-elementor-lightbox-title=\"Gefahrenmelder_Rauchmelder\" data-elementor-lightbox-description=\"Unsere Rauchmelder erkennen sowohl Rauchentwicklung als auch Temperaturanstiege und k\u00f6nnen somit vor Br\u00e4nden warnen.\" data-e-action-hash=\"#elementor-action%3Aaction%3Dlightbox%26settings%3DeyJpZCI6MTE0MCwidXJsIjoiaHR0cHM6XC9cL2FsYXJtYW5sYWdlbi1wdXR0aW5nZXIuYXRcL3dwLWNvbnRlbnRcL3VwbG9hZHNcLzIwMjBcLzA3XC9BbGFybWFubGFnZW4tUHV0dGluZ2VyX0dlZmFocmVubWVsZGVyX0JyYW5kbWVsZGVyXzIuanBnIn0%3D\">\n\t\t\t\t\t\t\t<img fetchpriority=\"high\" decoding=\"async\" width=\"768\" height=\"576\" src=\"https:\/\/alarmanlagen-puttinger.at\/wp-content\/uploads\/2020\/07\/Alarmanlagen-Puttinger_Gefahrenmelder_Brandmelder_2-768x576.jpg\" class=\"attachment-medium_large size-medium_large wp-image-1140\" alt=\"Unsere Rauchmelder erkennen sowohl Rauchentwicklung als auch Temperaturanstiege und k\u00f6nnen somit vor Br\u00e4nden warnen.\" srcset=\"https:\/\/alarmanlagen-puttinger.at\/wp-content\/uploads\/2020\/07\/Alarmanlagen-Puttinger_Gefahrenmelder_Brandmelder_2-768x576.jpg 768w, https:\/\/alarmanlagen-puttinger.at\/wp-content\/uploads\/2020\/07\/Alarmanlagen-Puttinger_Gefahrenmelder_Brandmelder_2-300x225.jpg 300w, https:\/\/alarmanlagen-puttinger.at\/wp-content\/uploads\/2020\/07\/Alarmanlagen-Puttinger_Gefahrenmelder_Brandmelder_2-1024x768.jpg 1024w, https:\/\/alarmanlagen-puttinger.at\/wp-content\/uploads\/2020\/07\/Alarmanlagen-Puttinger_Gefahrenmelder_Brandmelder_2-830x622.jpg 830w, https:\/\/alarmanlagen-puttinger.at\/wp-content\/uploads\/2020\/07\/Alarmanlagen-Puttinger_Gefahrenmelder_Brandmelder_2-230x172.jpg 230w, https:\/\/alarmanlagen-puttinger.at\/wp-content\/uploads\/2020\/07\/Alarmanlagen-Puttinger_Gefahrenmelder_Brandmelder_2-350x262.jpg 350w, https:\/\/alarmanlagen-puttinger.at\/wp-content\/uploads\/2020\/07\/Alarmanlagen-Puttinger_Gefahrenmelder_Brandmelder_2-480x360.jpg 480w\" sizes=\"(max-width: 768px) 100vw, 768px\" \/>\t\t\t\t\t\t\t\t<\/a>\n\t\t\t\t\t\t\t\t\t\t\t\t\t\t\t<\/div>\n\t\t\t\t<\/div>\n\t\t\t\t\t<\/div>\n\t\t<\/div>\n\t\t\t\t<div class=\"elementor-column elementor-col-50 elementor-top-column elementor-element elementor-element-28c7ac8 elementor-invisible\" data-id=\"28c7ac8\" data-element_type=\"column\" data-settings=\"{&quot;animation&quot;:&quot;zoomIn&quot;}\">\n\t\t\t<div class=\"elementor-widget-wrap elementor-element-populated\">\n\t\t\t\t\t\t<div class=\"elementor-element elementor-element-40f08ea gallery-spacing-custom elementor-widget elementor-widget-image-gallery\" data-id=\"40f08ea\" data-element_type=\"widget\" data-widget_type=\"image-gallery.default\">\n\t\t\t\t<div class=\"elementor-widget-container\">\n\t\t\t\t\t\t\t<div class=\"elementor-image-gallery\">\n\t\t\t<div id='gallery-1' class='gallery galleryid-1136 gallery-columns-4 gallery-size-thumbnail'><figure class='gallery-item'>\n\t\t\t<div class='gallery-icon landscape'>\n\t\t\t\t<a data-elementor-open-lightbox=\"yes\" data-elementor-lightbox-slideshow=\"40f08ea\" data-elementor-lightbox-title=\"Rauchmelder\" data-e-action-hash=\"#elementor-action%3Aaction%3Dlightbox%26settings%3DeyJpZCI6MTEyNiwidXJsIjoiaHR0cHM6XC9cL2FsYXJtYW5sYWdlbi1wdXR0aW5nZXIuYXRcL3dwLWNvbnRlbnRcL3VwbG9hZHNcLzIwMjBcLzA3XC9BbGFybWFubGFnZW4tUHV0dGluZ2VyX0dlZmFocmVubWVsZGVyX0JyYW5kbWVsZGVyXzEuanBnIiwic2xpZGVzaG93IjoiNDBmMDhlYSJ9\" href='https:\/\/alarmanlagen-puttinger.at\/wp-content\/uploads\/2020\/07\/Alarmanlagen-Puttinger_Gefahrenmelder_Brandmelder_1.jpg'><img decoding=\"async\" width=\"150\" height=\"150\" src=\"https:\/\/alarmanlagen-puttinger.at\/wp-content\/uploads\/2020\/07\/Alarmanlagen-Puttinger_Gefahrenmelder_Brandmelder_1-150x150.jpg\" class=\"attachment-thumbnail size-thumbnail\" alt=\"Rauchmelder\" \/><\/a>\n\t\t\t<\/div><\/figure><figure class='gallery-item'>\n\t\t\t<div class='gallery-icon landscape'>\n\t\t\t\t<a data-elementor-open-lightbox=\"yes\" data-elementor-lightbox-slideshow=\"40f08ea\" data-elementor-lightbox-title=\"Jablotron BUS-RM mit integrierter Sirene\" data-e-action-hash=\"#elementor-action%3Aaction%3Dlightbox%26settings%3DeyJpZCI6ODk2LCJ1cmwiOiJodHRwczpcL1wvYWxhcm1hbmxhZ2VuLXB1dHRpbmdlci5hdFwvd3AtY29udGVudFwvdXBsb2Fkc1wvMjAyMFwvMDRcL0phYmxvdHJvbi0xMDBfQnVzLU1lbGRlcl9CVVMtQnJhbmRtZWxkZXIucG5nIiwic2xpZGVzaG93IjoiNDBmMDhlYSJ9\" href='https:\/\/alarmanlagen-puttinger.at\/wp-content\/uploads\/2020\/04\/Jablotron-100_Bus-Melder_BUS-Brandmelder.png'><img decoding=\"async\" width=\"150\" height=\"150\" src=\"https:\/\/alarmanlagen-puttinger.at\/wp-content\/uploads\/2020\/04\/Jablotron-100_Bus-Melder_BUS-Brandmelder-150x150.png\" class=\"attachment-thumbnail size-thumbnail\" alt=\"Jablotron BUS-RM mit integrierter Sirene\" \/><\/a>\n\t\t\t<\/div><\/figure><figure class='gallery-item'>\n\t\t\t<div class='gallery-icon landscape'>\n\t\t\t\t<a data-elementor-open-lightbox=\"yes\" data-elementor-lightbox-slideshow=\"40f08ea\" data-elementor-lightbox-title=\"Jablotron Funk-RM mit integrierter Sirene\" data-e-action-hash=\"#elementor-action%3Aaction%3Dlightbox%26settings%3DeyJpZCI6OTExLCJ1cmwiOiJodHRwczpcL1wvYWxhcm1hbmxhZ2VuLXB1dHRpbmdlci5hdFwvd3AtY29udGVudFwvdXBsb2Fkc1wvMjAyMFwvMDRcL0phYmxvdHJvbi0xMDBfRnVua21lbGRlcl9GdW5rLUJyYW5kbWVsZGVyLW1pdC1TaXJlbmUucG5nIiwic2xpZGVzaG93IjoiNDBmMDhlYSJ9\" href='https:\/\/alarmanlagen-puttinger.at\/wp-content\/uploads\/2020\/04\/Jablotron-100_Funkmelder_Funk-Brandmelder-mit-Sirene.png'><img loading=\"lazy\" decoding=\"async\" width=\"150\" height=\"150\" src=\"https:\/\/alarmanlagen-puttinger.at\/wp-content\/uploads\/2020\/04\/Jablotron-100_Funkmelder_Funk-Brandmelder-mit-Sirene-150x150.png\" class=\"attachment-thumbnail size-thumbnail\" alt=\"Jablotron Funk-RM mit integrierter Sirene\" \/><\/a>\n\t\t\t<\/div><\/figure><figure class='gallery-item'>\n\t\t\t<div class='gallery-icon landscape'>\n\t\t\t\t<a data-elementor-open-lightbox=\"yes\" data-elementor-lightbox-slideshow=\"40f08ea\" data-elementor-lightbox-title=\"Jablotron Funk-Rauchmelder\" data-e-action-hash=\"#elementor-action%3Aaction%3Dlightbox%26settings%3DeyJpZCI6OTEyLCJ1cmwiOiJodHRwczpcL1wvYWxhcm1hbmxhZ2VuLXB1dHRpbmdlci5hdFwvd3AtY29udGVudFwvdXBsb2Fkc1wvMjAyMFwvMDRcL0phYmxvdHJvbi0xMDBfRnVua21lbGRlcl9GdW5rLUJyYW5kbWVsZGVyLnBuZyIsInNsaWRlc2hvdyI6IjQwZjA4ZWEifQ%3D%3D\" href='https:\/\/alarmanlagen-puttinger.at\/wp-content\/uploads\/2020\/04\/Jablotron-100_Funkmelder_Funk-Brandmelder.png'><img loading=\"lazy\" decoding=\"async\" width=\"150\" height=\"150\" src=\"https:\/\/alarmanlagen-puttinger.at\/wp-content\/uploads\/2020\/04\/Jablotron-100_Funkmelder_Funk-Brandmelder-150x150.png\" class=\"attachment-thumbnail size-thumbnail\" alt=\"Jablotron Funk-Rauchmelder\" \/><\/a>\n\t\t\t<\/div><\/figure>\n\t\t<\/div>\n\t\t<\/div>\n\t\t\t\t\t\t<\/div>\n\t\t\t\t<\/div>\n\t\t\t\t\t<\/div>\n\t\t<\/div>\n\t\t\t\t\t<\/div>\n\t\t<\/section>\n\t\t\t\t<section class=\"elementor-section elementor-top-section elementor-element elementor-element-3999010 elementor-section-boxed elementor-section-height-default elementor-section-height-default\" data-id=\"3999010\" data-element_type=\"section\">\n\t\t\t\t\t\t<div class=\"elementor-container elementor-column-gap-default\">\n\t\t\t\t\t<div class=\"elementor-column elementor-col-100 elementor-top-column elementor-element elementor-element-0657808\" data-id=\"0657808\" data-element_type=\"column\">\n\t\t\t<div class=\"elementor-widget-wrap elementor-element-populated\">\n\t\t\t\t\t\t<div class=\"elementor-element elementor-element-664f947 elementor-widget elementor-widget-spacer\" data-id=\"664f947\" data-element_type=\"widget\" data-widget_type=\"spacer.default\">\n\t\t\t\t<div class=\"elementor-widget-container\">\n\t\t\t\t\t\t\t<div class=\"elementor-spacer\">\n\t\t\t<div class=\"elementor-spacer-inner\"><\/div>\n\t\t<\/div>\n\t\t\t\t\t\t<\/div>\n\t\t\t\t<\/div>\n\t\t\t\t<div class=\"elementor-element elementor-element-67fb017 elementor-button-danger elementor-align-center elementor-widget elementor-widget-button\" data-id=\"67fb017\" data-element_type=\"widget\" data-widget_type=\"button.default\">\n\t\t\t\t<div class=\"elementor-widget-container\">\n\t\t\t\t\t\t\t\t\t<div class=\"elementor-button-wrapper\">\n\t\t\t\t\t<a class=\"elementor-button elementor-button-link elementor-size-md\" href=\"https:\/\/alarmanlagen-puttinger.at\/index.php\/kontakt\/\">\n\t\t\t\t\t\t<span class=\"elementor-button-content-wrapper\">\n\t\t\t\t\t\t\t\t\t<span class=\"elementor-button-text\">Kontakt<\/span>\n\t\t\t\t\t<\/span>\n\t\t\t\t\t<\/a>\n\t\t\t\t<\/div>\n\t\t\t\t\t\t\t\t<\/div>\n\t\t\t\t<\/div>\n\t\t\t\t\t<\/div>\n\t\t<\/div>\n\t\t\t\t\t<\/div>\n\t\t<\/section>\n\t\t\t\t<section class=\"elementor-section elementor-top-section elementor-element elementor-element-a8b3195 elementor-section-boxed elementor-section-height-default elementor-section-height-default\" data-id=\"a8b3195\" data-element_type=\"section\">\n\t\t\t\t\t\t<div class=\"elementor-container elementor-column-gap-default\">\n\t\t\t\t\t<div class=\"elementor-column elementor-col-100 elementor-top-column elementor-element elementor-element-2ec2e1a\" data-id=\"2ec2e1a\" data-element_type=\"column\">\n\t\t\t<div class=\"elementor-widget-wrap elementor-element-populated\">\n\t\t\t\t\t\t<div class=\"elementor-element elementor-element-46fc563 elementor-widget elementor-widget-spacer\" data-id=\"46fc563\" data-element_type=\"widget\" data-widget_type=\"spacer.default\">\n\t\t\t\t<div class=\"elementor-widget-container\">\n\t\t\t\t\t\t\t<div class=\"elementor-spacer\">\n\t\t\t<div class=\"elementor-spacer-inner\"><\/div>\n\t\t<\/div>\n\t\t\t\t\t\t<\/div>\n\t\t\t\t<\/div>\n\t\t\t\t<div class=\"elementor-element elementor-element-e0e7453 elementor-widget elementor-widget-text-editor\" data-id=\"e0e7453\" data-element_type=\"widget\" data-widget_type=\"text-editor.default\">\n\t\t\t\t<div class=\"elementor-widget-container\">\n\t\t\t\t\t\t\t\t\t<p>Finden Sie uns auch auf <a href=\"https:\/\/www.facebook.com\/GeraldPuttingerAlarmanlagen\">Facebook<\/a> und <a href=\"https:\/\/www.instagram.com\/alarmanlagen.puttinger\/\">Instagram<\/a>.<\/p>\t\t\t\t\t\t\t\t<\/div>\n\t\t\t\t<\/div>\n\t\t\t\t\t<\/div>\n\t\t<\/div>\n\t\t\t\t\t<\/div>\n\t\t<\/section>\n\t\t\t\t<\/div>\n\t\t","protected":false},"excerpt":{"rendered":"<p>RAUCHMELDER Unsere Rauchmelder haben einen eingebauten Sensor, der sowohl Rauchentwicklung als auch Temperaturanstiege erkennt. Die Rauchmelder k\u00f6nnen somit vor Br\u00e4nden warnen, noch [&hellip;]<\/p>\n","protected":false},"author":2,"featured_media":0,"parent":0,"menu_order":0,"comment_status":"closed","ping_status":"closed","template":"elementor_header_footer","meta":{"footnotes":""},"class_list":["post-1136","page","type-page","status-publish","hentry"],"yoast_head":"<!-- This site is optimized with the Yoast SEO Premium plugin v26.6 (Yoast SEO v26.6) - https:\/\/yoast.com\/wordpress\/plugins\/seo\/ -->\n<title>Rauchmelder I Gerald Puttinger - Rauchmelder, Brandmelder, Feuermelder<\/title>\n<meta name=\"description\" content=\"Unsere Rauchmelder erkennen Rauchentwicklung sowie Temperaturanstiege. Wir bieten Funk- und BUS-Rauchmelder, wahlweise mit oder ohne Sirene.\" \/>\n<meta name=\"robots\" content=\"index, follow, max-snippet:-1, max-image-preview:large, max-video-preview:-1\" \/>\n<link rel=\"canonical\" href=\"https:\/\/alarmanlagen-puttinger.at\/index.php\/rauchmelder\/\" \/>\n<meta property=\"og:locale\" content=\"de_DE\" \/>\n<meta property=\"og:type\" content=\"article\" \/>\n<meta property=\"og:title\" content=\"Rauchmelder\" \/>\n<meta property=\"og:description\" content=\"Unsere Rauchmelder erkennen Rauchentwicklung sowie Temperaturanstiege. Wir bieten Funk- und BUS-Rauchmelder, wahlweise mit oder ohne Sirene.\" \/>\n<meta property=\"og:url\" content=\"https:\/\/alarmanlagen-puttinger.at\/index.php\/rauchmelder\/\" \/>\n<meta property=\"og:site_name\" content=\"Puttinger\" \/>\n<meta property=\"article:modified_time\" content=\"2021-04-29T07:23:18+00:00\" \/>\n<meta property=\"og:image\" content=\"https:\/\/alarmanlagen-puttinger.at\/wp-content\/uploads\/2020\/07\/Alarmanlagen-Puttinger_Gefahrenmelder_Brandmelder_2-1024x768.jpg\" \/>\n\t<meta property=\"og:image:width\" content=\"1024\" \/>\n\t<meta property=\"og:image:height\" content=\"768\" \/>\n\t<meta property=\"og:image:type\" content=\"image\/jpeg\" \/>\n<meta name=\"twitter:card\" content=\"summary_large_image\" \/>\n<meta name=\"twitter:label1\" content=\"Gesch\u00e4tzte Lesezeit\" \/>\n\t<meta name=\"twitter:data1\" content=\"2\u00a0Minuten\" \/>\n<script type=\"application\/ld+json\" class=\"yoast-schema-graph\">{\"@context\":\"https:\/\/schema.org\",\"@graph\":[{\"@type\":\"WebPage\",\"@id\":\"https:\/\/alarmanlagen-puttinger.at\/index.php\/rauchmelder\/\",\"url\":\"https:\/\/alarmanlagen-puttinger.at\/index.php\/rauchmelder\/\",\"name\":\"Rauchmelder I Gerald Puttinger - Rauchmelder, Brandmelder, Feuermelder\",\"isPartOf\":{\"@id\":\"https:\/\/alarmanlagen-puttinger.at\/#website\"},\"primaryImageOfPage\":{\"@id\":\"https:\/\/alarmanlagen-puttinger.at\/index.php\/rauchmelder\/#primaryimage\"},\"image\":{\"@id\":\"https:\/\/alarmanlagen-puttinger.at\/index.php\/rauchmelder\/#primaryimage\"},\"thumbnailUrl\":\"https:\/\/alarmanlagen-puttinger.at\/wp-content\/uploads\/2020\/07\/Alarmanlagen-Puttinger_Gefahrenmelder_Brandmelder_2-768x576.jpg\",\"datePublished\":\"2020-07-10T07:14:15+00:00\",\"dateModified\":\"2021-04-29T07:23:18+00:00\",\"description\":\"Unsere Rauchmelder erkennen Rauchentwicklung sowie Temperaturanstiege. Wir bieten Funk- und BUS-Rauchmelder, wahlweise mit oder ohne Sirene.\",\"breadcrumb\":{\"@id\":\"https:\/\/alarmanlagen-puttinger.at\/index.php\/rauchmelder\/#breadcrumb\"},\"inLanguage\":\"de\",\"potentialAction\":[{\"@type\":\"ReadAction\",\"target\":[\"https:\/\/alarmanlagen-puttinger.at\/index.php\/rauchmelder\/\"]}]},{\"@type\":\"ImageObject\",\"inLanguage\":\"de\",\"@id\":\"https:\/\/alarmanlagen-puttinger.at\/index.php\/rauchmelder\/#primaryimage\",\"url\":\"https:\/\/alarmanlagen-puttinger.at\/wp-content\/uploads\/2020\/07\/Alarmanlagen-Puttinger_Gefahrenmelder_Brandmelder_2.jpg\",\"contentUrl\":\"https:\/\/alarmanlagen-puttinger.at\/wp-content\/uploads\/2020\/07\/Alarmanlagen-Puttinger_Gefahrenmelder_Brandmelder_2.jpg\",\"width\":4475,\"height\":3356,\"caption\":\"Unsere Rauchmelder erkennen sowohl Rauchentwicklung als auch Temperaturanstiege und k\u00f6nnen somit vor Br\u00e4nden warnen.\"},{\"@type\":\"BreadcrumbList\",\"@id\":\"https:\/\/alarmanlagen-puttinger.at\/index.php\/rauchmelder\/#breadcrumb\",\"itemListElement\":[{\"@type\":\"ListItem\",\"position\":1,\"name\":\"Home\",\"item\":\"https:\/\/alarmanlagen-puttinger.at\/\"},{\"@type\":\"ListItem\",\"position\":2,\"name\":\"Rauchmelder\"}]},{\"@type\":\"WebSite\",\"@id\":\"https:\/\/alarmanlagen-puttinger.at\/#website\",\"url\":\"https:\/\/alarmanlagen-puttinger.at\/\",\"name\":\"Puttinger\",\"description\":\"Just another WordPress site\",\"potentialAction\":[{\"@type\":\"SearchAction\",\"target\":{\"@type\":\"EntryPoint\",\"urlTemplate\":\"https:\/\/alarmanlagen-puttinger.at\/?s={search_term_string}\"},\"query-input\":{\"@type\":\"PropertyValueSpecification\",\"valueRequired\":true,\"valueName\":\"search_term_string\"}}],\"inLanguage\":\"de\"}]}<\/script>\n<!-- \/ Yoast SEO Premium plugin. -->","yoast_head_json":{"title":"Rauchmelder I Gerald Puttinger - Rauchmelder, Brandmelder, Feuermelder","description":"Unsere Rauchmelder erkennen Rauchentwicklung sowie Temperaturanstiege. Wir bieten Funk- und BUS-Rauchmelder, wahlweise mit oder ohne Sirene.","robots":{"index":"index","follow":"follow","max-snippet":"max-snippet:-1","max-image-preview":"max-image-preview:large","max-video-preview":"max-video-preview:-1"},"canonical":"https:\/\/alarmanlagen-puttinger.at\/index.php\/rauchmelder\/","og_locale":"de_DE","og_type":"article","og_title":"Rauchmelder","og_description":"Unsere Rauchmelder erkennen Rauchentwicklung sowie Temperaturanstiege. Wir bieten Funk- und BUS-Rauchmelder, wahlweise mit oder ohne Sirene.","og_url":"https:\/\/alarmanlagen-puttinger.at\/index.php\/rauchmelder\/","og_site_name":"Puttinger","article_modified_time":"2021-04-29T07:23:18+00:00","og_image":[{"width":1024,"height":768,"url":"https:\/\/alarmanlagen-puttinger.at\/wp-content\/uploads\/2020\/07\/Alarmanlagen-Puttinger_Gefahrenmelder_Brandmelder_2-1024x768.jpg","type":"image\/jpeg"}],"twitter_card":"summary_large_image","twitter_misc":{"Gesch\u00e4tzte Lesezeit":"2\u00a0Minuten"},"schema":{"@context":"https:\/\/schema.org","@graph":[{"@type":"WebPage","@id":"https:\/\/alarmanlagen-puttinger.at\/index.php\/rauchmelder\/","url":"https:\/\/alarmanlagen-puttinger.at\/index.php\/rauchmelder\/","name":"Rauchmelder I Gerald Puttinger - Rauchmelder, Brandmelder, Feuermelder","isPartOf":{"@id":"https:\/\/alarmanlagen-puttinger.at\/#website"},"primaryImageOfPage":{"@id":"https:\/\/alarmanlagen-puttinger.at\/index.php\/rauchmelder\/#primaryimage"},"image":{"@id":"https:\/\/alarmanlagen-puttinger.at\/index.php\/rauchmelder\/#primaryimage"},"thumbnailUrl":"https:\/\/alarmanlagen-puttinger.at\/wp-content\/uploads\/2020\/07\/Alarmanlagen-Puttinger_Gefahrenmelder_Brandmelder_2-768x576.jpg","datePublished":"2020-07-10T07:14:15+00:00","dateModified":"2021-04-29T07:23:18+00:00","description":"Unsere Rauchmelder erkennen Rauchentwicklung sowie Temperaturanstiege. Wir bieten Funk- und BUS-Rauchmelder, wahlweise mit oder ohne Sirene.","breadcrumb":{"@id":"https:\/\/alarmanlagen-puttinger.at\/index.php\/rauchmelder\/#breadcrumb"},"inLanguage":"de","potentialAction":[{"@type":"ReadAction","target":["https:\/\/alarmanlagen-puttinger.at\/index.php\/rauchmelder\/"]}]},{"@type":"ImageObject","inLanguage":"de","@id":"https:\/\/alarmanlagen-puttinger.at\/index.php\/rauchmelder\/#primaryimage","url":"https:\/\/alarmanlagen-puttinger.at\/wp-content\/uploads\/2020\/07\/Alarmanlagen-Puttinger_Gefahrenmelder_Brandmelder_2.jpg","contentUrl":"https:\/\/alarmanlagen-puttinger.at\/wp-content\/uploads\/2020\/07\/Alarmanlagen-Puttinger_Gefahrenmelder_Brandmelder_2.jpg","width":4475,"height":3356,"caption":"Unsere Rauchmelder erkennen sowohl Rauchentwicklung als auch Temperaturanstiege und k\u00f6nnen somit vor Br\u00e4nden warnen."},{"@type":"BreadcrumbList","@id":"https:\/\/alarmanlagen-puttinger.at\/index.php\/rauchmelder\/#breadcrumb","itemListElement":[{"@type":"ListItem","position":1,"name":"Home","item":"https:\/\/alarmanlagen-puttinger.at\/"},{"@type":"ListItem","position":2,"name":"Rauchmelder"}]},{"@type":"WebSite","@id":"https:\/\/alarmanlagen-puttinger.at\/#website","url":"https:\/\/alarmanlagen-puttinger.at\/","name":"Puttinger","description":"Just another WordPress site","potentialAction":[{"@type":"SearchAction","target":{"@type":"EntryPoint","urlTemplate":"https:\/\/alarmanlagen-puttinger.at\/?s={search_term_string}"},"query-input":{"@type":"PropertyValueSpecification","valueRequired":true,"valueName":"search_term_string"}}],"inLanguage":"de"}]}},"_links":{"self":[{"href":"https:\/\/alarmanlagen-puttinger.at\/index.php\/wp-json\/wp\/v2\/pages\/1136","targetHints":{"allow":["GET"]}}],"collection":[{"href":"https:\/\/alarmanlagen-puttinger.at\/index.php\/wp-json\/wp\/v2\/pages"}],"about":[{"href":"https:\/\/alarmanlagen-puttinger.at\/index.php\/wp-json\/wp\/v2\/types\/page"}],"author":[{"embeddable":true,"href":"https:\/\/alarmanlagen-puttinger.at\/index.php\/wp-json\/wp\/v2\/users\/2"}],"replies":[{"embeddable":true,"href":"https:\/\/alarmanlagen-puttinger.at\/index.php\/wp-json\/wp\/v2\/comments?post=1136"}],"version-history":[{"count":16,"href":"https:\/\/alarmanlagen-puttinger.at\/index.php\/wp-json\/wp\/v2\/pages\/1136\/revisions"}],"predecessor-version":[{"id":1399,"href":"https:\/\/alarmanlagen-puttinger.at\/index.php\/wp-json\/wp\/v2\/pages\/1136\/revisions\/1399"}],"wp:attachment":[{"href":"https:\/\/alarmanlagen-puttinger.at\/index.php\/wp-json\/wp\/v2\/media?parent=1136"}],"curies":[{"name":"wp","href":"https:\/\/api.w.org\/{rel}","templated":true}]}}