{"id":1160,"date":"2020-07-16T09:16:59","date_gmt":"2020-07-16T09:16:59","guid":{"rendered":"https:\/\/alarmanlagen-puttinger.at\/?page_id=1160"},"modified":"2021-04-29T06:59:28","modified_gmt":"2021-04-29T06:59:28","slug":"glasbruchmelder","status":"publish","type":"page","link":"https:\/\/alarmanlagen-puttinger.at\/index.php\/glasbruchmelder\/","title":{"rendered":"Glasbruchmelder"},"content":{"rendered":"\t\t<div data-elementor-type=\"wp-page\" data-elementor-id=\"1160\" class=\"elementor elementor-1160\" data-elementor-post-type=\"page\">\n\t\t\t\t\t\t<section class=\"elementor-section elementor-top-section elementor-element elementor-element-52b25a1 elementor-section-boxed elementor-section-height-default elementor-section-height-default\" data-id=\"52b25a1\" data-element_type=\"section\">\n\t\t\t\t\t\t<div class=\"elementor-container elementor-column-gap-default\">\n\t\t\t\t\t<div class=\"elementor-column elementor-col-100 elementor-top-column elementor-element elementor-element-4aa7a88\" data-id=\"4aa7a88\" data-element_type=\"column\">\n\t\t\t<div class=\"elementor-widget-wrap elementor-element-populated\">\n\t\t\t\t\t\t<div class=\"elementor-element elementor-element-e84dbe5 elementor-widget elementor-widget-heading\" data-id=\"e84dbe5\" data-element_type=\"widget\" data-widget_type=\"heading.default\">\n\t\t\t\t<div class=\"elementor-widget-container\">\n\t\t\t\t\t<h1 class=\"elementor-heading-title elementor-size-large\">GLASBRUCHMELDER<\/h1>\t\t\t\t<\/div>\n\t\t\t\t<\/div>\n\t\t\t\t\t<\/div>\n\t\t<\/div>\n\t\t\t\t\t<\/div>\n\t\t<\/section>\n\t\t\t\t<section class=\"elementor-section elementor-top-section elementor-element elementor-element-222feb9 elementor-section-boxed elementor-section-height-default elementor-section-height-default\" data-id=\"222feb9\" data-element_type=\"section\">\n\t\t\t\t\t\t<div class=\"elementor-container elementor-column-gap-default\">\n\t\t\t\t\t<div class=\"elementor-column elementor-col-100 elementor-top-column elementor-element elementor-element-315d6a9\" data-id=\"315d6a9\" data-element_type=\"column\">\n\t\t\t<div class=\"elementor-widget-wrap elementor-element-populated\">\n\t\t\t\t\t\t<div class=\"elementor-element elementor-element-cb6b4c2 elementor-widget-divider--view-line elementor-widget elementor-widget-divider\" data-id=\"cb6b4c2\" data-element_type=\"widget\" data-widget_type=\"divider.default\">\n\t\t\t\t<div class=\"elementor-widget-container\">\n\t\t\t\t\t\t\t<div class=\"elementor-divider\">\n\t\t\t<span class=\"elementor-divider-separator\">\n\t\t\t\t\t\t<\/span>\n\t\t<\/div>\n\t\t\t\t\t\t<\/div>\n\t\t\t\t<\/div>\n\t\t\t\t<div class=\"elementor-element elementor-element-300dd6c elementor-widget elementor-widget-spacer\" data-id=\"300dd6c\" data-element_type=\"widget\" data-widget_type=\"spacer.default\">\n\t\t\t\t<div class=\"elementor-widget-container\">\n\t\t\t\t\t\t\t<div class=\"elementor-spacer\">\n\t\t\t<div class=\"elementor-spacer-inner\"><\/div>\n\t\t<\/div>\n\t\t\t\t\t\t<\/div>\n\t\t\t\t<\/div>\n\t\t\t\t\t<\/div>\n\t\t<\/div>\n\t\t\t\t\t<\/div>\n\t\t<\/section>\n\t\t\t\t<section class=\"elementor-section elementor-top-section elementor-element elementor-element-b5cbdf2 elementor-section-boxed elementor-section-height-default elementor-section-height-default\" data-id=\"b5cbdf2\" data-element_type=\"section\">\n\t\t\t\t\t\t<div class=\"elementor-container elementor-column-gap-default\">\n\t\t\t\t\t<div class=\"elementor-column elementor-col-100 elementor-top-column elementor-element elementor-element-bbef7b3\" data-id=\"bbef7b3\" data-element_type=\"column\">\n\t\t\t<div class=\"elementor-widget-wrap elementor-element-populated\">\n\t\t\t\t\t\t<div class=\"elementor-element elementor-element-93a643d elementor-widget elementor-widget-text-editor\" data-id=\"93a643d\" data-element_type=\"widget\" data-widget_type=\"text-editor.default\">\n\t\t\t\t<div class=\"elementor-widget-container\">\n\t\t\t\t\t\t\t\t\t<p>Unsere Glasbruchmelder erkennen durch ihre Luftdruck- und Ger\u00e4uschsensoren innerhalb eines Erfassungsbereiches von neun Metern zersplittertes oder zerbrochenes Glas. So k\u00f6nnen Sie zum Beispiel vor Eindringlingen gewarnt werden, die durch ein Fenster in ihr Haus, ihre Wohnung oder ihre Firma gelangen wollen.<\/p>\n<p>Wir bieten Glasbruchmelder sowohl in der BUS- als auch in der Funk-Variante. Im Funk-Bereich k\u00f6nnen Sie zudem aus einem zweiten Design ausw\u00e4hlen. Zus\u00e4tzlich f\u00fchren wir auch einen Kombi-Melder f\u00fcr Glasbruch und Bewegung. Dieser kann durch die Kombination einen Alarm ausl\u00f6sen, noch bevor ein Einbrecher in das gesicherte Geb\u00e4ude gelangen kann.<\/p>\n<p>Wir beraten Sie gerne, welcher Glasbruchmelder f\u00fcr Sie am besten geeignet ist!<br><\/p>\t\t\t\t\t\t\t\t<\/div>\n\t\t\t\t<\/div>\n\t\t\t\t<div class=\"elementor-element elementor-element-77b3a2f elementor-widget elementor-widget-spacer\" data-id=\"77b3a2f\" data-element_type=\"widget\" data-widget_type=\"spacer.default\">\n\t\t\t\t<div class=\"elementor-widget-container\">\n\t\t\t\t\t\t\t<div class=\"elementor-spacer\">\n\t\t\t<div class=\"elementor-spacer-inner\"><\/div>\n\t\t<\/div>\n\t\t\t\t\t\t<\/div>\n\t\t\t\t<\/div>\n\t\t\t\t\t<\/div>\n\t\t<\/div>\n\t\t\t\t\t<\/div>\n\t\t<\/section>\n\t\t\t\t<section class=\"elementor-section elementor-top-section elementor-element elementor-element-815f7a1 elementor-section-boxed elementor-section-height-default elementor-section-height-default\" data-id=\"815f7a1\" data-element_type=\"section\">\n\t\t\t\t\t\t<div class=\"elementor-container elementor-column-gap-default\">\n\t\t\t\t\t<div class=\"elementor-column elementor-col-50 elementor-top-column elementor-element elementor-element-b8e77e4\" data-id=\"b8e77e4\" data-element_type=\"column\">\n\t\t\t<div class=\"elementor-widget-wrap elementor-element-populated\">\n\t\t\t\t\t\t<div class=\"elementor-element elementor-element-7a10101 elementor-invisible elementor-widget elementor-widget-image\" data-id=\"7a10101\" data-element_type=\"widget\" data-settings=\"{&quot;_animation&quot;:&quot;zoomIn&quot;}\" data-widget_type=\"image.default\">\n\t\t\t\t<div class=\"elementor-widget-container\">\n\t\t\t\t\t\t\t\t\t\t\t\t\t\t\t\t<a href=\"https:\/\/alarmanlagen-puttinger.at\/wp-content\/uploads\/2020\/07\/Jablotron-100_Bus-Melder_BUS-Glasbruchmelder.png\" data-elementor-open-lightbox=\"yes\" data-elementor-lightbox-title=\"Gefahrenmelder_Glasbruchmelder\" data-elementor-lightbox-description=\"Unsere Glasbruchmelder erkennen innerhalb eines Erfassungsbereiches von neun Metern zersplittertes oder zerbrochenes Glas.\" data-e-action-hash=\"#elementor-action%3Aaction%3Dlightbox%26settings%3DeyJpZCI6MTE4MiwidXJsIjoiaHR0cHM6XC9cL2FsYXJtYW5sYWdlbi1wdXR0aW5nZXIuYXRcL3dwLWNvbnRlbnRcL3VwbG9hZHNcLzIwMjBcLzA3XC9KYWJsb3Ryb24tMTAwX0J1cy1NZWxkZXJfQlVTLUdsYXNicnVjaG1lbGRlci5wbmcifQ%3D%3D\">\n\t\t\t\t\t\t\t<img fetchpriority=\"high\" decoding=\"async\" width=\"633\" height=\"600\" src=\"https:\/\/alarmanlagen-puttinger.at\/wp-content\/uploads\/2020\/07\/Jablotron-100_Bus-Melder_BUS-Glasbruchmelder.png\" class=\"attachment-medium_large size-medium_large wp-image-1182\" alt=\"Unsere Glasbruchmelder erkennen innerhalb eines Erfassungsbereiches von neun Metern zersplittertes oder zerbrochenes Glas.\" srcset=\"https:\/\/alarmanlagen-puttinger.at\/wp-content\/uploads\/2020\/07\/Jablotron-100_Bus-Melder_BUS-Glasbruchmelder.png 633w, https:\/\/alarmanlagen-puttinger.at\/wp-content\/uploads\/2020\/07\/Jablotron-100_Bus-Melder_BUS-Glasbruchmelder-300x284.png 300w, https:\/\/alarmanlagen-puttinger.at\/wp-content\/uploads\/2020\/07\/Jablotron-100_Bus-Melder_BUS-Glasbruchmelder-230x218.png 230w, https:\/\/alarmanlagen-puttinger.at\/wp-content\/uploads\/2020\/07\/Jablotron-100_Bus-Melder_BUS-Glasbruchmelder-350x332.png 350w, https:\/\/alarmanlagen-puttinger.at\/wp-content\/uploads\/2020\/07\/Jablotron-100_Bus-Melder_BUS-Glasbruchmelder-480x455.png 480w\" sizes=\"(max-width: 633px) 100vw, 633px\" \/>\t\t\t\t\t\t\t\t<\/a>\n\t\t\t\t\t\t\t\t\t\t\t\t\t\t\t<\/div>\n\t\t\t\t<\/div>\n\t\t\t\t\t<\/div>\n\t\t<\/div>\n\t\t\t\t<div class=\"elementor-column elementor-col-50 elementor-top-column elementor-element elementor-element-42906fa elementor-invisible\" data-id=\"42906fa\" data-element_type=\"column\" data-settings=\"{&quot;animation&quot;:&quot;zoomIn&quot;}\">\n\t\t\t<div class=\"elementor-widget-wrap elementor-element-populated\">\n\t\t\t\t\t\t<div class=\"elementor-element elementor-element-ee00d3c gallery-spacing-custom elementor-widget elementor-widget-image-gallery\" data-id=\"ee00d3c\" data-element_type=\"widget\" data-widget_type=\"image-gallery.default\">\n\t\t\t\t<div class=\"elementor-widget-container\">\n\t\t\t\t\t\t\t<div class=\"elementor-image-gallery\">\n\t\t\t<div id='gallery-1' class='gallery galleryid-1160 gallery-columns-4 gallery-size-thumbnail'><figure class='gallery-item'>\n\t\t\t<div class='gallery-icon landscape'>\n\t\t\t\t<a data-elementor-open-lightbox=\"yes\" data-elementor-lightbox-slideshow=\"ee00d3c\" data-elementor-lightbox-title=\"Jablotron BUS-Glasbruchmelder\" data-e-action-hash=\"#elementor-action%3Aaction%3Dlightbox%26settings%3DeyJpZCI6ODk5LCJ1cmwiOiJodHRwczpcL1wvYWxhcm1hbmxhZ2VuLXB1dHRpbmdlci5hdFwvd3AtY29udGVudFwvdXBsb2Fkc1wvMjAyMFwvMDRcL0phYmxvdHJvbi0xMDBfQnVzLU1lbGRlcl9CVVMtR2xhc2JydWNobWVsZGVyLnBuZyIsInNsaWRlc2hvdyI6ImVlMDBkM2MifQ%3D%3D\" href='https:\/\/alarmanlagen-puttinger.at\/wp-content\/uploads\/2020\/04\/Jablotron-100_Bus-Melder_BUS-Glasbruchmelder.png'><img decoding=\"async\" width=\"150\" height=\"150\" src=\"https:\/\/alarmanlagen-puttinger.at\/wp-content\/uploads\/2020\/04\/Jablotron-100_Bus-Melder_BUS-Glasbruchmelder-150x150.png\" class=\"attachment-thumbnail size-thumbnail\" alt=\"Jablotron BUS-Glasbruchmelder\" \/><\/a>\n\t\t\t<\/div><\/figure><figure class='gallery-item'>\n\t\t\t<div class='gallery-icon landscape'>\n\t\t\t\t<a data-elementor-open-lightbox=\"yes\" data-elementor-lightbox-slideshow=\"ee00d3c\" data-elementor-lightbox-title=\"Jablotron Funk-Glasbruchmelder\" data-e-action-hash=\"#elementor-action%3Aaction%3Dlightbox%26settings%3DeyJpZCI6OTE3LCJ1cmwiOiJodHRwczpcL1wvYWxhcm1hbmxhZ2VuLXB1dHRpbmdlci5hdFwvd3AtY29udGVudFwvdXBsb2Fkc1wvMjAyMFwvMDRcL0phYmxvdHJvbi0xMDBfRnVua21lbGRlcl9GdW5rLUdsYXNicnVjaG1lbGRlci5wbmciLCJzbGlkZXNob3ciOiJlZTAwZDNjIn0%3D\" href='https:\/\/alarmanlagen-puttinger.at\/wp-content\/uploads\/2020\/04\/Jablotron-100_Funkmelder_Funk-Glasbruchmelder.png'><img decoding=\"async\" width=\"150\" height=\"150\" src=\"https:\/\/alarmanlagen-puttinger.at\/wp-content\/uploads\/2020\/04\/Jablotron-100_Funkmelder_Funk-Glasbruchmelder-150x150.png\" class=\"attachment-thumbnail size-thumbnail\" alt=\"Jablotron Funk-Glasbruchmelder\" \/><\/a>\n\t\t\t<\/div><\/figure><figure class='gallery-item'>\n\t\t\t<div class='gallery-icon landscape'>\n\t\t\t\t<a data-elementor-open-lightbox=\"yes\" data-elementor-lightbox-slideshow=\"ee00d3c\" data-elementor-lightbox-title=\"Jablotron Funk-Glasbruchmelder DesignLine\" data-e-action-hash=\"#elementor-action%3Aaction%3Dlightbox%26settings%3DeyJpZCI6OTE2LCJ1cmwiOiJodHRwczpcL1wvYWxhcm1hbmxhZ2VuLXB1dHRpbmdlci5hdFwvd3AtY29udGVudFwvdXBsb2Fkc1wvMjAyMFwvMDRcL0phYmxvdHJvbi0xMDBfRnVua21lbGRlcl9GdW5rLUdsYXNicnVjaG1lbGRlci1EZXNpZ24ucG5nIiwic2xpZGVzaG93IjoiZWUwMGQzYyJ9\" href='https:\/\/alarmanlagen-puttinger.at\/wp-content\/uploads\/2020\/04\/Jablotron-100_Funkmelder_Funk-Glasbruchmelder-Design.png'><img loading=\"lazy\" decoding=\"async\" width=\"150\" height=\"150\" src=\"https:\/\/alarmanlagen-puttinger.at\/wp-content\/uploads\/2020\/04\/Jablotron-100_Funkmelder_Funk-Glasbruchmelder-Design-150x150.png\" class=\"attachment-thumbnail size-thumbnail\" alt=\"Jablotron Funk-Glasbruchmelder DesignLine\" \/><\/a>\n\t\t\t<\/div><\/figure><figure class='gallery-item'>\n\t\t\t<div class='gallery-icon landscape'>\n\t\t\t\t<a data-elementor-open-lightbox=\"yes\" data-elementor-lightbox-slideshow=\"ee00d3c\" data-elementor-lightbox-title=\"Jablotron Funk-Kombimelder Bewegung\/Glasbruch\" data-e-action-hash=\"#elementor-action%3Aaction%3Dlightbox%26settings%3DeyJpZCI6OTE4LCJ1cmwiOiJodHRwczpcL1wvYWxhcm1hbmxhZ2VuLXB1dHRpbmdlci5hdFwvd3AtY29udGVudFwvdXBsb2Fkc1wvMjAyMFwvMDRcL0phYmxvdHJvbi0xMDBfRnVua21lbGRlcl9GdW5rLUtvbWJpbWVsZGVyLnBuZyIsInNsaWRlc2hvdyI6ImVlMDBkM2MifQ%3D%3D\" href='https:\/\/alarmanlagen-puttinger.at\/wp-content\/uploads\/2020\/04\/Jablotron-100_Funkmelder_Funk-Kombimelder.png'><img loading=\"lazy\" decoding=\"async\" width=\"150\" height=\"150\" src=\"https:\/\/alarmanlagen-puttinger.at\/wp-content\/uploads\/2020\/04\/Jablotron-100_Funkmelder_Funk-Kombimelder-150x150.png\" class=\"attachment-thumbnail size-thumbnail\" alt=\"Jablotron Funk-Kombimelder Bewegung\/Glasbruch\" \/><\/a>\n\t\t\t<\/div><\/figure>\n\t\t<\/div>\n\t\t<\/div>\n\t\t\t\t\t\t<\/div>\n\t\t\t\t<\/div>\n\t\t\t\t\t<\/div>\n\t\t<\/div>\n\t\t\t\t\t<\/div>\n\t\t<\/section>\n\t\t\t\t<section class=\"elementor-section elementor-top-section elementor-element elementor-element-3999010 elementor-section-boxed elementor-section-height-default elementor-section-height-default\" data-id=\"3999010\" data-element_type=\"section\">\n\t\t\t\t\t\t<div class=\"elementor-container elementor-column-gap-default\">\n\t\t\t\t\t<div class=\"elementor-column elementor-col-100 elementor-top-column elementor-element elementor-element-0657808\" data-id=\"0657808\" data-element_type=\"column\">\n\t\t\t<div class=\"elementor-widget-wrap elementor-element-populated\">\n\t\t\t\t\t\t<div class=\"elementor-element elementor-element-664f947 elementor-widget elementor-widget-spacer\" data-id=\"664f947\" data-element_type=\"widget\" data-widget_type=\"spacer.default\">\n\t\t\t\t<div class=\"elementor-widget-container\">\n\t\t\t\t\t\t\t<div class=\"elementor-spacer\">\n\t\t\t<div class=\"elementor-spacer-inner\"><\/div>\n\t\t<\/div>\n\t\t\t\t\t\t<\/div>\n\t\t\t\t<\/div>\n\t\t\t\t<div class=\"elementor-element elementor-element-67fb017 elementor-button-danger elementor-align-center elementor-widget elementor-widget-button\" data-id=\"67fb017\" data-element_type=\"widget\" data-widget_type=\"button.default\">\n\t\t\t\t<div class=\"elementor-widget-container\">\n\t\t\t\t\t\t\t\t\t<div class=\"elementor-button-wrapper\">\n\t\t\t\t\t<a class=\"elementor-button elementor-button-link elementor-size-md\" href=\"https:\/\/alarmanlagen-puttinger.at\/index.php\/kontakt\/\">\n\t\t\t\t\t\t<span class=\"elementor-button-content-wrapper\">\n\t\t\t\t\t\t\t\t\t<span class=\"elementor-button-text\">Kontakt<\/span>\n\t\t\t\t\t<\/span>\n\t\t\t\t\t<\/a>\n\t\t\t\t<\/div>\n\t\t\t\t\t\t\t\t<\/div>\n\t\t\t\t<\/div>\n\t\t\t\t\t<\/div>\n\t\t<\/div>\n\t\t\t\t\t<\/div>\n\t\t<\/section>\n\t\t\t\t<section class=\"elementor-section elementor-top-section elementor-element elementor-element-0fc005f elementor-section-boxed elementor-section-height-default elementor-section-height-default\" data-id=\"0fc005f\" data-element_type=\"section\">\n\t\t\t\t\t\t<div class=\"elementor-container elementor-column-gap-default\">\n\t\t\t\t\t<div class=\"elementor-column elementor-col-100 elementor-top-column elementor-element elementor-element-ecb522d\" data-id=\"ecb522d\" data-element_type=\"column\">\n\t\t\t<div class=\"elementor-widget-wrap elementor-element-populated\">\n\t\t\t\t\t\t<div class=\"elementor-element elementor-element-3ec6447 elementor-widget elementor-widget-spacer\" data-id=\"3ec6447\" data-element_type=\"widget\" data-widget_type=\"spacer.default\">\n\t\t\t\t<div class=\"elementor-widget-container\">\n\t\t\t\t\t\t\t<div class=\"elementor-spacer\">\n\t\t\t<div class=\"elementor-spacer-inner\"><\/div>\n\t\t<\/div>\n\t\t\t\t\t\t<\/div>\n\t\t\t\t<\/div>\n\t\t\t\t<div class=\"elementor-element elementor-element-5ea5d4e elementor-widget elementor-widget-text-editor\" data-id=\"5ea5d4e\" data-element_type=\"widget\" data-widget_type=\"text-editor.default\">\n\t\t\t\t<div class=\"elementor-widget-container\">\n\t\t\t\t\t\t\t\t\t<p>Finden Sie uns auch auf <a href=\"https:\/\/www.facebook.com\/GeraldPuttingerAlarmanlagen\">Facebook<\/a> und <a href=\"https:\/\/www.instagram.com\/alarmanlagen.puttinger\/\">Instagram<\/a>.<\/p>\t\t\t\t\t\t\t\t<\/div>\n\t\t\t\t<\/div>\n\t\t\t\t\t<\/div>\n\t\t<\/div>\n\t\t\t\t\t<\/div>\n\t\t<\/section>\n\t\t\t\t<\/div>\n\t\t","protected":false},"excerpt":{"rendered":"<p>GLASBRUCHMELDER Unsere Glasbruchmelder erkennen durch ihre Luftdruck- und Ger\u00e4uschsensoren innerhalb eines Erfassungsbereiches von neun Metern zersplittertes oder zerbrochenes Glas. So k\u00f6nnen Sie [&hellip;]<\/p>\n","protected":false},"author":2,"featured_media":0,"parent":0,"menu_order":0,"comment_status":"closed","ping_status":"closed","template":"elementor_header_footer","meta":{"footnotes":""},"class_list":["post-1160","page","type-page","status-publish","hentry"],"yoast_head":"<!-- This site is optimized with the Yoast SEO Premium plugin v26.6 (Yoast SEO v26.6) - https:\/\/yoast.com\/wordpress\/plugins\/seo\/ -->\n<title>Glasbruchmelder I Gerald Puttinger - Gefahrenmelder, Glasbruchmelder<\/title>\n<meta name=\"description\" content=\"Unsere Glasbruchmelder erkennen zersplittertes und zerbrochenes Glas in einem Bereich von 9 Metern. Wir bieten BUS- und Funk-Glasbruchmelder.\" \/>\n<meta name=\"robots\" content=\"index, follow, max-snippet:-1, max-image-preview:large, max-video-preview:-1\" \/>\n<link rel=\"canonical\" href=\"https:\/\/alarmanlagen-puttinger.at\/index.php\/glasbruchmelder\/\" \/>\n<meta property=\"og:locale\" content=\"de_DE\" \/>\n<meta property=\"og:type\" content=\"article\" \/>\n<meta property=\"og:title\" content=\"Glasbruchmelder\" \/>\n<meta property=\"og:description\" content=\"Unsere Glasbruchmelder erkennen zersplittertes und zerbrochenes Glas in einem Bereich von 9 Metern. Wir bieten BUS- und Funk-Glasbruchmelder.\" \/>\n<meta property=\"og:url\" content=\"https:\/\/alarmanlagen-puttinger.at\/index.php\/glasbruchmelder\/\" \/>\n<meta property=\"og:site_name\" content=\"Puttinger\" \/>\n<meta property=\"article:modified_time\" content=\"2021-04-29T06:59:28+00:00\" \/>\n<meta property=\"og:image\" content=\"https:\/\/alarmanlagen-puttinger.at\/wp-content\/uploads\/2020\/07\/Jablotron-100_Bus-Melder_BUS-Glasbruchmelder.png\" \/>\n\t<meta property=\"og:image:width\" content=\"633\" \/>\n\t<meta property=\"og:image:height\" content=\"600\" \/>\n\t<meta property=\"og:image:type\" content=\"image\/png\" \/>\n<meta name=\"twitter:card\" content=\"summary_large_image\" \/>\n<meta name=\"twitter:label1\" content=\"Gesch\u00e4tzte Lesezeit\" \/>\n\t<meta name=\"twitter:data1\" content=\"2\u00a0Minuten\" \/>\n<script type=\"application\/ld+json\" class=\"yoast-schema-graph\">{\"@context\":\"https:\/\/schema.org\",\"@graph\":[{\"@type\":\"WebPage\",\"@id\":\"https:\/\/alarmanlagen-puttinger.at\/index.php\/glasbruchmelder\/\",\"url\":\"https:\/\/alarmanlagen-puttinger.at\/index.php\/glasbruchmelder\/\",\"name\":\"Glasbruchmelder I Gerald Puttinger - Gefahrenmelder, Glasbruchmelder\",\"isPartOf\":{\"@id\":\"https:\/\/alarmanlagen-puttinger.at\/#website\"},\"primaryImageOfPage\":{\"@id\":\"https:\/\/alarmanlagen-puttinger.at\/index.php\/glasbruchmelder\/#primaryimage\"},\"image\":{\"@id\":\"https:\/\/alarmanlagen-puttinger.at\/index.php\/glasbruchmelder\/#primaryimage\"},\"thumbnailUrl\":\"https:\/\/alarmanlagen-puttinger.at\/wp-content\/uploads\/2020\/07\/Jablotron-100_Bus-Melder_BUS-Glasbruchmelder.png\",\"datePublished\":\"2020-07-16T09:16:59+00:00\",\"dateModified\":\"2021-04-29T06:59:28+00:00\",\"description\":\"Unsere Glasbruchmelder erkennen zersplittertes und zerbrochenes Glas in einem Bereich von 9 Metern. Wir bieten BUS- und Funk-Glasbruchmelder.\",\"breadcrumb\":{\"@id\":\"https:\/\/alarmanlagen-puttinger.at\/index.php\/glasbruchmelder\/#breadcrumb\"},\"inLanguage\":\"de\",\"potentialAction\":[{\"@type\":\"ReadAction\",\"target\":[\"https:\/\/alarmanlagen-puttinger.at\/index.php\/glasbruchmelder\/\"]}]},{\"@type\":\"ImageObject\",\"inLanguage\":\"de\",\"@id\":\"https:\/\/alarmanlagen-puttinger.at\/index.php\/glasbruchmelder\/#primaryimage\",\"url\":\"https:\/\/alarmanlagen-puttinger.at\/wp-content\/uploads\/2020\/07\/Jablotron-100_Bus-Melder_BUS-Glasbruchmelder.png\",\"contentUrl\":\"https:\/\/alarmanlagen-puttinger.at\/wp-content\/uploads\/2020\/07\/Jablotron-100_Bus-Melder_BUS-Glasbruchmelder.png\",\"width\":633,\"height\":600,\"caption\":\"Unsere Glasbruchmelder erkennen innerhalb eines Erfassungsbereiches von neun Metern zersplittertes oder zerbrochenes Glas.\"},{\"@type\":\"BreadcrumbList\",\"@id\":\"https:\/\/alarmanlagen-puttinger.at\/index.php\/glasbruchmelder\/#breadcrumb\",\"itemListElement\":[{\"@type\":\"ListItem\",\"position\":1,\"name\":\"Home\",\"item\":\"https:\/\/alarmanlagen-puttinger.at\/\"},{\"@type\":\"ListItem\",\"position\":2,\"name\":\"Glasbruchmelder\"}]},{\"@type\":\"WebSite\",\"@id\":\"https:\/\/alarmanlagen-puttinger.at\/#website\",\"url\":\"https:\/\/alarmanlagen-puttinger.at\/\",\"name\":\"Puttinger\",\"description\":\"Just another WordPress site\",\"potentialAction\":[{\"@type\":\"SearchAction\",\"target\":{\"@type\":\"EntryPoint\",\"urlTemplate\":\"https:\/\/alarmanlagen-puttinger.at\/?s={search_term_string}\"},\"query-input\":{\"@type\":\"PropertyValueSpecification\",\"valueRequired\":true,\"valueName\":\"search_term_string\"}}],\"inLanguage\":\"de\"}]}<\/script>\n<!-- \/ Yoast SEO Premium plugin. -->","yoast_head_json":{"title":"Glasbruchmelder I Gerald Puttinger - Gefahrenmelder, Glasbruchmelder","description":"Unsere Glasbruchmelder erkennen zersplittertes und zerbrochenes Glas in einem Bereich von 9 Metern. Wir bieten BUS- und Funk-Glasbruchmelder.","robots":{"index":"index","follow":"follow","max-snippet":"max-snippet:-1","max-image-preview":"max-image-preview:large","max-video-preview":"max-video-preview:-1"},"canonical":"https:\/\/alarmanlagen-puttinger.at\/index.php\/glasbruchmelder\/","og_locale":"de_DE","og_type":"article","og_title":"Glasbruchmelder","og_description":"Unsere Glasbruchmelder erkennen zersplittertes und zerbrochenes Glas in einem Bereich von 9 Metern. Wir bieten BUS- und Funk-Glasbruchmelder.","og_url":"https:\/\/alarmanlagen-puttinger.at\/index.php\/glasbruchmelder\/","og_site_name":"Puttinger","article_modified_time":"2021-04-29T06:59:28+00:00","og_image":[{"width":633,"height":600,"url":"https:\/\/alarmanlagen-puttinger.at\/wp-content\/uploads\/2020\/07\/Jablotron-100_Bus-Melder_BUS-Glasbruchmelder.png","type":"image\/png"}],"twitter_card":"summary_large_image","twitter_misc":{"Gesch\u00e4tzte Lesezeit":"2\u00a0Minuten"},"schema":{"@context":"https:\/\/schema.org","@graph":[{"@type":"WebPage","@id":"https:\/\/alarmanlagen-puttinger.at\/index.php\/glasbruchmelder\/","url":"https:\/\/alarmanlagen-puttinger.at\/index.php\/glasbruchmelder\/","name":"Glasbruchmelder I Gerald Puttinger - Gefahrenmelder, Glasbruchmelder","isPartOf":{"@id":"https:\/\/alarmanlagen-puttinger.at\/#website"},"primaryImageOfPage":{"@id":"https:\/\/alarmanlagen-puttinger.at\/index.php\/glasbruchmelder\/#primaryimage"},"image":{"@id":"https:\/\/alarmanlagen-puttinger.at\/index.php\/glasbruchmelder\/#primaryimage"},"thumbnailUrl":"https:\/\/alarmanlagen-puttinger.at\/wp-content\/uploads\/2020\/07\/Jablotron-100_Bus-Melder_BUS-Glasbruchmelder.png","datePublished":"2020-07-16T09:16:59+00:00","dateModified":"2021-04-29T06:59:28+00:00","description":"Unsere Glasbruchmelder erkennen zersplittertes und zerbrochenes Glas in einem Bereich von 9 Metern. Wir bieten BUS- und Funk-Glasbruchmelder.","breadcrumb":{"@id":"https:\/\/alarmanlagen-puttinger.at\/index.php\/glasbruchmelder\/#breadcrumb"},"inLanguage":"de","potentialAction":[{"@type":"ReadAction","target":["https:\/\/alarmanlagen-puttinger.at\/index.php\/glasbruchmelder\/"]}]},{"@type":"ImageObject","inLanguage":"de","@id":"https:\/\/alarmanlagen-puttinger.at\/index.php\/glasbruchmelder\/#primaryimage","url":"https:\/\/alarmanlagen-puttinger.at\/wp-content\/uploads\/2020\/07\/Jablotron-100_Bus-Melder_BUS-Glasbruchmelder.png","contentUrl":"https:\/\/alarmanlagen-puttinger.at\/wp-content\/uploads\/2020\/07\/Jablotron-100_Bus-Melder_BUS-Glasbruchmelder.png","width":633,"height":600,"caption":"Unsere Glasbruchmelder erkennen innerhalb eines Erfassungsbereiches von neun Metern zersplittertes oder zerbrochenes Glas."},{"@type":"BreadcrumbList","@id":"https:\/\/alarmanlagen-puttinger.at\/index.php\/glasbruchmelder\/#breadcrumb","itemListElement":[{"@type":"ListItem","position":1,"name":"Home","item":"https:\/\/alarmanlagen-puttinger.at\/"},{"@type":"ListItem","position":2,"name":"Glasbruchmelder"}]},{"@type":"WebSite","@id":"https:\/\/alarmanlagen-puttinger.at\/#website","url":"https:\/\/alarmanlagen-puttinger.at\/","name":"Puttinger","description":"Just another WordPress site","potentialAction":[{"@type":"SearchAction","target":{"@type":"EntryPoint","urlTemplate":"https:\/\/alarmanlagen-puttinger.at\/?s={search_term_string}"},"query-input":{"@type":"PropertyValueSpecification","valueRequired":true,"valueName":"search_term_string"}}],"inLanguage":"de"}]}},"_links":{"self":[{"href":"https:\/\/alarmanlagen-puttinger.at\/index.php\/wp-json\/wp\/v2\/pages\/1160","targetHints":{"allow":["GET"]}}],"collection":[{"href":"https:\/\/alarmanlagen-puttinger.at\/index.php\/wp-json\/wp\/v2\/pages"}],"about":[{"href":"https:\/\/alarmanlagen-puttinger.at\/index.php\/wp-json\/wp\/v2\/types\/page"}],"author":[{"embeddable":true,"href":"https:\/\/alarmanlagen-puttinger.at\/index.php\/wp-json\/wp\/v2\/users\/2"}],"replies":[{"embeddable":true,"href":"https:\/\/alarmanlagen-puttinger.at\/index.php\/wp-json\/wp\/v2\/comments?post=1160"}],"version-history":[{"count":13,"href":"https:\/\/alarmanlagen-puttinger.at\/index.php\/wp-json\/wp\/v2\/pages\/1160\/revisions"}],"predecessor-version":[{"id":1391,"href":"https:\/\/alarmanlagen-puttinger.at\/index.php\/wp-json\/wp\/v2\/pages\/1160\/revisions\/1391"}],"wp:attachment":[{"href":"https:\/\/alarmanlagen-puttinger.at\/index.php\/wp-json\/wp\/v2\/media?parent=1160"}],"curies":[{"name":"wp","href":"https:\/\/api.w.org\/{rel}","templated":true}]}}