{"id":1166,"date":"2020-07-16T09:49:28","date_gmt":"2020-07-16T09:49:28","guid":{"rendered":"https:\/\/alarmanlagen-puttinger.at\/?page_id=1166"},"modified":"2021-04-29T07:40:02","modified_gmt":"2021-04-29T07:40:02","slug":"wassermelder","status":"publish","type":"page","link":"https:\/\/alarmanlagen-puttinger.at\/index.php\/wassermelder\/","title":{"rendered":"Wassermelder"},"content":{"rendered":"\t\t<div data-elementor-type=\"wp-page\" data-elementor-id=\"1166\" class=\"elementor elementor-1166\" data-elementor-post-type=\"page\">\n\t\t\t\t\t\t<section class=\"elementor-section elementor-top-section elementor-element elementor-element-52b25a1 elementor-section-boxed elementor-section-height-default elementor-section-height-default\" data-id=\"52b25a1\" data-element_type=\"section\">\n\t\t\t\t\t\t<div class=\"elementor-container elementor-column-gap-default\">\n\t\t\t\t\t<div class=\"elementor-column elementor-col-100 elementor-top-column elementor-element elementor-element-4aa7a88\" data-id=\"4aa7a88\" data-element_type=\"column\">\n\t\t\t<div class=\"elementor-widget-wrap elementor-element-populated\">\n\t\t\t\t\t\t<div class=\"elementor-element elementor-element-e84dbe5 elementor-widget elementor-widget-heading\" data-id=\"e84dbe5\" data-element_type=\"widget\" data-widget_type=\"heading.default\">\n\t\t\t\t<div class=\"elementor-widget-container\">\n\t\t\t\t\t<h1 class=\"elementor-heading-title elementor-size-large\">WASSERMELDER<\/h1>\t\t\t\t<\/div>\n\t\t\t\t<\/div>\n\t\t\t\t\t<\/div>\n\t\t<\/div>\n\t\t\t\t\t<\/div>\n\t\t<\/section>\n\t\t\t\t<section class=\"elementor-section elementor-top-section elementor-element elementor-element-222feb9 elementor-section-boxed elementor-section-height-default elementor-section-height-default\" data-id=\"222feb9\" data-element_type=\"section\">\n\t\t\t\t\t\t<div class=\"elementor-container elementor-column-gap-default\">\n\t\t\t\t\t<div class=\"elementor-column elementor-col-100 elementor-top-column elementor-element elementor-element-315d6a9\" data-id=\"315d6a9\" data-element_type=\"column\">\n\t\t\t<div class=\"elementor-widget-wrap elementor-element-populated\">\n\t\t\t\t\t\t<div class=\"elementor-element elementor-element-cb6b4c2 elementor-widget-divider--view-line elementor-widget elementor-widget-divider\" data-id=\"cb6b4c2\" data-element_type=\"widget\" data-widget_type=\"divider.default\">\n\t\t\t\t<div class=\"elementor-widget-container\">\n\t\t\t\t\t\t\t<div class=\"elementor-divider\">\n\t\t\t<span class=\"elementor-divider-separator\">\n\t\t\t\t\t\t<\/span>\n\t\t<\/div>\n\t\t\t\t\t\t<\/div>\n\t\t\t\t<\/div>\n\t\t\t\t<div class=\"elementor-element elementor-element-300dd6c elementor-widget elementor-widget-spacer\" data-id=\"300dd6c\" data-element_type=\"widget\" data-widget_type=\"spacer.default\">\n\t\t\t\t<div class=\"elementor-widget-container\">\n\t\t\t\t\t\t\t<div class=\"elementor-spacer\">\n\t\t\t<div class=\"elementor-spacer-inner\"><\/div>\n\t\t<\/div>\n\t\t\t\t\t\t<\/div>\n\t\t\t\t<\/div>\n\t\t\t\t\t<\/div>\n\t\t<\/div>\n\t\t\t\t\t<\/div>\n\t\t<\/section>\n\t\t\t\t<section class=\"elementor-section elementor-top-section elementor-element elementor-element-b5cbdf2 elementor-section-boxed elementor-section-height-default elementor-section-height-default\" data-id=\"b5cbdf2\" data-element_type=\"section\">\n\t\t\t\t\t\t<div class=\"elementor-container elementor-column-gap-default\">\n\t\t\t\t\t<div class=\"elementor-column elementor-col-100 elementor-top-column elementor-element elementor-element-bbef7b3\" data-id=\"bbef7b3\" data-element_type=\"column\">\n\t\t\t<div class=\"elementor-widget-wrap elementor-element-populated\">\n\t\t\t\t\t\t<div class=\"elementor-element elementor-element-93a643d elementor-widget elementor-widget-text-editor\" data-id=\"93a643d\" data-element_type=\"widget\" data-widget_type=\"text-editor.default\">\n\t\t\t\t<div class=\"elementor-widget-container\">\n\t\t\t\t\t\t\t\t\t<p>Unser Wassermelder, den wir in der BUS-Variante anbieten, erfasst Wasserlecks und warnt Sie, bevor das Wasser gr\u00f6\u00dferen Schaden anrichten kann.<br>Je nach Ausf\u00fchrung l\u00f6st der Wassermelder einen Alarm aus, benachrichtigt Sie am Handy oder kann auch eine Notrufstelle informieren.<\/p>\n<p>Wir freuen uns \u00fcber Ihre Anfrage und beraten Sie gerne, ob auch f\u00fcr Sie ein Wassermelder sinnvoll ist.<br><\/p>\t\t\t\t\t\t\t\t<\/div>\n\t\t\t\t<\/div>\n\t\t\t\t<div class=\"elementor-element elementor-element-77b3a2f elementor-widget elementor-widget-spacer\" data-id=\"77b3a2f\" data-element_type=\"widget\" data-widget_type=\"spacer.default\">\n\t\t\t\t<div class=\"elementor-widget-container\">\n\t\t\t\t\t\t\t<div class=\"elementor-spacer\">\n\t\t\t<div class=\"elementor-spacer-inner\"><\/div>\n\t\t<\/div>\n\t\t\t\t\t\t<\/div>\n\t\t\t\t<\/div>\n\t\t\t\t\t<\/div>\n\t\t<\/div>\n\t\t\t\t\t<\/div>\n\t\t<\/section>\n\t\t\t\t<section class=\"elementor-section elementor-top-section elementor-element elementor-element-815f7a1 elementor-section-boxed elementor-section-height-default elementor-section-height-default\" data-id=\"815f7a1\" data-element_type=\"section\">\n\t\t\t\t\t\t<div class=\"elementor-container elementor-column-gap-default\">\n\t\t\t\t\t<div class=\"elementor-column elementor-col-50 elementor-top-column elementor-element elementor-element-b8e77e4\" data-id=\"b8e77e4\" data-element_type=\"column\">\n\t\t\t<div class=\"elementor-widget-wrap elementor-element-populated\">\n\t\t\t\t\t\t<div class=\"elementor-element elementor-element-7a10101 elementor-invisible elementor-widget elementor-widget-image\" data-id=\"7a10101\" data-element_type=\"widget\" data-settings=\"{&quot;_animation&quot;:&quot;zoomIn&quot;}\" data-widget_type=\"image.default\">\n\t\t\t\t<div class=\"elementor-widget-container\">\n\t\t\t\t\t\t\t\t\t\t\t\t\t\t\t\t<a href=\"https:\/\/alarmanlagen-puttinger.at\/wp-content\/uploads\/2020\/07\/Jablotron-100_Bus-Melder_BUS-Wassermelder.png\" data-elementor-open-lightbox=\"yes\" data-elementor-lightbox-title=\"Gefahrenmelder_Wassermelder\" data-elementor-lightbox-description=\"Unser Wassermelder erfasst Wasserlecks und warnt so vor gr\u00f6\u00dferen Wassersch\u00e4den.\" data-e-action-hash=\"#elementor-action%3Aaction%3Dlightbox%26settings%3DeyJpZCI6MTE5MSwidXJsIjoiaHR0cHM6XC9cL2FsYXJtYW5sYWdlbi1wdXR0aW5nZXIuYXRcL3dwLWNvbnRlbnRcL3VwbG9hZHNcLzIwMjBcLzA3XC9KYWJsb3Ryb24tMTAwX0J1cy1NZWxkZXJfQlVTLVdhc3Nlcm1lbGRlci5wbmcifQ%3D%3D\">\n\t\t\t\t\t\t\t<img fetchpriority=\"high\" decoding=\"async\" width=\"633\" height=\"600\" src=\"https:\/\/alarmanlagen-puttinger.at\/wp-content\/uploads\/2020\/07\/Jablotron-100_Bus-Melder_BUS-Wassermelder.png\" class=\"attachment-medium_large size-medium_large wp-image-1191\" alt=\"Unser Wassermelder erfasst Wasserlecks und warnt so vor gr\u00f6\u00dferen Wassersch\u00e4den.\" srcset=\"https:\/\/alarmanlagen-puttinger.at\/wp-content\/uploads\/2020\/07\/Jablotron-100_Bus-Melder_BUS-Wassermelder.png 633w, https:\/\/alarmanlagen-puttinger.at\/wp-content\/uploads\/2020\/07\/Jablotron-100_Bus-Melder_BUS-Wassermelder-300x284.png 300w, https:\/\/alarmanlagen-puttinger.at\/wp-content\/uploads\/2020\/07\/Jablotron-100_Bus-Melder_BUS-Wassermelder-230x218.png 230w, https:\/\/alarmanlagen-puttinger.at\/wp-content\/uploads\/2020\/07\/Jablotron-100_Bus-Melder_BUS-Wassermelder-350x332.png 350w, https:\/\/alarmanlagen-puttinger.at\/wp-content\/uploads\/2020\/07\/Jablotron-100_Bus-Melder_BUS-Wassermelder-480x455.png 480w\" sizes=\"(max-width: 633px) 100vw, 633px\" \/>\t\t\t\t\t\t\t\t<\/a>\n\t\t\t\t\t\t\t\t\t\t\t\t\t\t\t<\/div>\n\t\t\t\t<\/div>\n\t\t\t\t\t<\/div>\n\t\t<\/div>\n\t\t\t\t<div class=\"elementor-column elementor-col-50 elementor-top-column elementor-element elementor-element-3ccf13a\" data-id=\"3ccf13a\" data-element_type=\"column\">\n\t\t\t<div class=\"elementor-widget-wrap\">\n\t\t\t\t\t\t\t<\/div>\n\t\t<\/div>\n\t\t\t\t\t<\/div>\n\t\t<\/section>\n\t\t\t\t<section class=\"elementor-section elementor-top-section elementor-element elementor-element-3999010 elementor-section-boxed elementor-section-height-default elementor-section-height-default\" data-id=\"3999010\" data-element_type=\"section\">\n\t\t\t\t\t\t<div class=\"elementor-container elementor-column-gap-default\">\n\t\t\t\t\t<div class=\"elementor-column elementor-col-100 elementor-top-column elementor-element elementor-element-0657808\" data-id=\"0657808\" data-element_type=\"column\">\n\t\t\t<div class=\"elementor-widget-wrap elementor-element-populated\">\n\t\t\t\t\t\t<div class=\"elementor-element elementor-element-664f947 elementor-widget elementor-widget-spacer\" data-id=\"664f947\" data-element_type=\"widget\" data-widget_type=\"spacer.default\">\n\t\t\t\t<div class=\"elementor-widget-container\">\n\t\t\t\t\t\t\t<div class=\"elementor-spacer\">\n\t\t\t<div class=\"elementor-spacer-inner\"><\/div>\n\t\t<\/div>\n\t\t\t\t\t\t<\/div>\n\t\t\t\t<\/div>\n\t\t\t\t<div class=\"elementor-element elementor-element-67fb017 elementor-button-danger elementor-align-center elementor-widget elementor-widget-button\" data-id=\"67fb017\" data-element_type=\"widget\" data-widget_type=\"button.default\">\n\t\t\t\t<div class=\"elementor-widget-container\">\n\t\t\t\t\t\t\t\t\t<div class=\"elementor-button-wrapper\">\n\t\t\t\t\t<a class=\"elementor-button elementor-button-link elementor-size-md\" href=\"https:\/\/alarmanlagen-puttinger.at\/index.php\/kontakt\/\">\n\t\t\t\t\t\t<span class=\"elementor-button-content-wrapper\">\n\t\t\t\t\t\t\t\t\t<span class=\"elementor-button-text\">Kontakt<\/span>\n\t\t\t\t\t<\/span>\n\t\t\t\t\t<\/a>\n\t\t\t\t<\/div>\n\t\t\t\t\t\t\t\t<\/div>\n\t\t\t\t<\/div>\n\t\t\t\t\t<\/div>\n\t\t<\/div>\n\t\t\t\t\t<\/div>\n\t\t<\/section>\n\t\t\t\t<section class=\"elementor-section elementor-top-section elementor-element elementor-element-ee9cc02 elementor-section-boxed elementor-section-height-default elementor-section-height-default\" data-id=\"ee9cc02\" data-element_type=\"section\">\n\t\t\t\t\t\t<div class=\"elementor-container elementor-column-gap-default\">\n\t\t\t\t\t<div class=\"elementor-column elementor-col-100 elementor-top-column elementor-element elementor-element-3e8fea1\" data-id=\"3e8fea1\" data-element_type=\"column\">\n\t\t\t<div class=\"elementor-widget-wrap elementor-element-populated\">\n\t\t\t\t\t\t<div class=\"elementor-element elementor-element-fe1b204 elementor-widget elementor-widget-spacer\" data-id=\"fe1b204\" data-element_type=\"widget\" data-widget_type=\"spacer.default\">\n\t\t\t\t<div class=\"elementor-widget-container\">\n\t\t\t\t\t\t\t<div class=\"elementor-spacer\">\n\t\t\t<div class=\"elementor-spacer-inner\"><\/div>\n\t\t<\/div>\n\t\t\t\t\t\t<\/div>\n\t\t\t\t<\/div>\n\t\t\t\t<div class=\"elementor-element elementor-element-5417c2c elementor-widget elementor-widget-text-editor\" data-id=\"5417c2c\" data-element_type=\"widget\" data-widget_type=\"text-editor.default\">\n\t\t\t\t<div class=\"elementor-widget-container\">\n\t\t\t\t\t\t\t\t\t<p>Finden Sie uns auch auf <a href=\"https:\/\/www.facebook.com\/GeraldPuttingerAlarmanlagen\">Facebook<\/a> und <a href=\"https:\/\/www.instagram.com\/alarmanlagen.puttinger\/\">Instagram<\/a>.<\/p>\t\t\t\t\t\t\t\t<\/div>\n\t\t\t\t<\/div>\n\t\t\t\t\t<\/div>\n\t\t<\/div>\n\t\t\t\t\t<\/div>\n\t\t<\/section>\n\t\t\t\t<\/div>\n\t\t","protected":false},"excerpt":{"rendered":"<p>WASSERMELDER Unser Wassermelder, den wir in der BUS-Variante anbieten, erfasst Wasserlecks und warnt Sie, bevor das Wasser gr\u00f6\u00dferen Schaden anrichten kann. Je [&hellip;]<\/p>\n","protected":false},"author":2,"featured_media":0,"parent":0,"menu_order":0,"comment_status":"closed","ping_status":"closed","template":"elementor_header_footer","meta":{"footnotes":""},"class_list":["post-1166","page","type-page","status-publish","hentry"],"yoast_head":"<!-- This site is optimized with the Yoast SEO Premium plugin v26.6 (Yoast SEO v26.6) - https:\/\/yoast.com\/wordpress\/plugins\/seo\/ -->\n<title>Wassermelder I Gerald Puttinger - Gefahrenmelder, Wassermelder<\/title>\n<meta name=\"description\" content=\"Unser Wassermelder erfasst Wasserlecks und warnt, noch bevor das Wasser Schaden anrichtet. Wir bieten den Wassermelder in der BUS-Variante.\" \/>\n<meta name=\"robots\" content=\"index, follow, max-snippet:-1, max-image-preview:large, max-video-preview:-1\" \/>\n<link rel=\"canonical\" href=\"https:\/\/alarmanlagen-puttinger.at\/index.php\/wassermelder\/\" \/>\n<meta property=\"og:locale\" content=\"de_DE\" \/>\n<meta property=\"og:type\" content=\"article\" \/>\n<meta property=\"og:title\" content=\"Wassermelder\" \/>\n<meta property=\"og:description\" content=\"Unser Wassermelder erfasst Wasserlecks und warnt, noch bevor das Wasser Schaden anrichtet. Wir bieten den Wassermelder in der BUS-Variante.\" \/>\n<meta property=\"og:url\" content=\"https:\/\/alarmanlagen-puttinger.at\/index.php\/wassermelder\/\" \/>\n<meta property=\"og:site_name\" content=\"Puttinger\" \/>\n<meta property=\"article:modified_time\" content=\"2021-04-29T07:40:02+00:00\" \/>\n<meta property=\"og:image\" content=\"https:\/\/alarmanlagen-puttinger.at\/wp-content\/uploads\/2020\/07\/Jablotron-100_Bus-Melder_BUS-Wassermelder.png\" \/>\n\t<meta property=\"og:image:width\" content=\"633\" \/>\n\t<meta property=\"og:image:height\" content=\"600\" \/>\n\t<meta property=\"og:image:type\" content=\"image\/png\" \/>\n<meta name=\"twitter:card\" content=\"summary_large_image\" \/>\n<meta name=\"twitter:label1\" content=\"Gesch\u00e4tzte Lesezeit\" \/>\n\t<meta name=\"twitter:data1\" content=\"1\u00a0Minute\" \/>\n<script type=\"application\/ld+json\" class=\"yoast-schema-graph\">{\"@context\":\"https:\/\/schema.org\",\"@graph\":[{\"@type\":\"WebPage\",\"@id\":\"https:\/\/alarmanlagen-puttinger.at\/index.php\/wassermelder\/\",\"url\":\"https:\/\/alarmanlagen-puttinger.at\/index.php\/wassermelder\/\",\"name\":\"Wassermelder I Gerald Puttinger - Gefahrenmelder, Wassermelder\",\"isPartOf\":{\"@id\":\"https:\/\/alarmanlagen-puttinger.at\/#website\"},\"primaryImageOfPage\":{\"@id\":\"https:\/\/alarmanlagen-puttinger.at\/index.php\/wassermelder\/#primaryimage\"},\"image\":{\"@id\":\"https:\/\/alarmanlagen-puttinger.at\/index.php\/wassermelder\/#primaryimage\"},\"thumbnailUrl\":\"https:\/\/alarmanlagen-puttinger.at\/wp-content\/uploads\/2020\/07\/Jablotron-100_Bus-Melder_BUS-Wassermelder.png\",\"datePublished\":\"2020-07-16T09:49:28+00:00\",\"dateModified\":\"2021-04-29T07:40:02+00:00\",\"description\":\"Unser Wassermelder erfasst Wasserlecks und warnt, noch bevor das Wasser Schaden anrichtet. Wir bieten den Wassermelder in der BUS-Variante.\",\"breadcrumb\":{\"@id\":\"https:\/\/alarmanlagen-puttinger.at\/index.php\/wassermelder\/#breadcrumb\"},\"inLanguage\":\"de\",\"potentialAction\":[{\"@type\":\"ReadAction\",\"target\":[\"https:\/\/alarmanlagen-puttinger.at\/index.php\/wassermelder\/\"]}]},{\"@type\":\"ImageObject\",\"inLanguage\":\"de\",\"@id\":\"https:\/\/alarmanlagen-puttinger.at\/index.php\/wassermelder\/#primaryimage\",\"url\":\"https:\/\/alarmanlagen-puttinger.at\/wp-content\/uploads\/2020\/07\/Jablotron-100_Bus-Melder_BUS-Wassermelder.png\",\"contentUrl\":\"https:\/\/alarmanlagen-puttinger.at\/wp-content\/uploads\/2020\/07\/Jablotron-100_Bus-Melder_BUS-Wassermelder.png\",\"width\":633,\"height\":600,\"caption\":\"Unser Wassermelder erfasst Wasserlecks und warnt so vor gr\u00f6\u00dferen Wassersch\u00e4den.\"},{\"@type\":\"BreadcrumbList\",\"@id\":\"https:\/\/alarmanlagen-puttinger.at\/index.php\/wassermelder\/#breadcrumb\",\"itemListElement\":[{\"@type\":\"ListItem\",\"position\":1,\"name\":\"Home\",\"item\":\"https:\/\/alarmanlagen-puttinger.at\/\"},{\"@type\":\"ListItem\",\"position\":2,\"name\":\"Wassermelder\"}]},{\"@type\":\"WebSite\",\"@id\":\"https:\/\/alarmanlagen-puttinger.at\/#website\",\"url\":\"https:\/\/alarmanlagen-puttinger.at\/\",\"name\":\"Puttinger\",\"description\":\"Just another WordPress site\",\"potentialAction\":[{\"@type\":\"SearchAction\",\"target\":{\"@type\":\"EntryPoint\",\"urlTemplate\":\"https:\/\/alarmanlagen-puttinger.at\/?s={search_term_string}\"},\"query-input\":{\"@type\":\"PropertyValueSpecification\",\"valueRequired\":true,\"valueName\":\"search_term_string\"}}],\"inLanguage\":\"de\"}]}<\/script>\n<!-- \/ Yoast SEO Premium plugin. -->","yoast_head_json":{"title":"Wassermelder I Gerald Puttinger - Gefahrenmelder, Wassermelder","description":"Unser Wassermelder erfasst Wasserlecks und warnt, noch bevor das Wasser Schaden anrichtet. Wir bieten den Wassermelder in der BUS-Variante.","robots":{"index":"index","follow":"follow","max-snippet":"max-snippet:-1","max-image-preview":"max-image-preview:large","max-video-preview":"max-video-preview:-1"},"canonical":"https:\/\/alarmanlagen-puttinger.at\/index.php\/wassermelder\/","og_locale":"de_DE","og_type":"article","og_title":"Wassermelder","og_description":"Unser Wassermelder erfasst Wasserlecks und warnt, noch bevor das Wasser Schaden anrichtet. Wir bieten den Wassermelder in der BUS-Variante.","og_url":"https:\/\/alarmanlagen-puttinger.at\/index.php\/wassermelder\/","og_site_name":"Puttinger","article_modified_time":"2021-04-29T07:40:02+00:00","og_image":[{"width":633,"height":600,"url":"https:\/\/alarmanlagen-puttinger.at\/wp-content\/uploads\/2020\/07\/Jablotron-100_Bus-Melder_BUS-Wassermelder.png","type":"image\/png"}],"twitter_card":"summary_large_image","twitter_misc":{"Gesch\u00e4tzte Lesezeit":"1\u00a0Minute"},"schema":{"@context":"https:\/\/schema.org","@graph":[{"@type":"WebPage","@id":"https:\/\/alarmanlagen-puttinger.at\/index.php\/wassermelder\/","url":"https:\/\/alarmanlagen-puttinger.at\/index.php\/wassermelder\/","name":"Wassermelder I Gerald Puttinger - Gefahrenmelder, Wassermelder","isPartOf":{"@id":"https:\/\/alarmanlagen-puttinger.at\/#website"},"primaryImageOfPage":{"@id":"https:\/\/alarmanlagen-puttinger.at\/index.php\/wassermelder\/#primaryimage"},"image":{"@id":"https:\/\/alarmanlagen-puttinger.at\/index.php\/wassermelder\/#primaryimage"},"thumbnailUrl":"https:\/\/alarmanlagen-puttinger.at\/wp-content\/uploads\/2020\/07\/Jablotron-100_Bus-Melder_BUS-Wassermelder.png","datePublished":"2020-07-16T09:49:28+00:00","dateModified":"2021-04-29T07:40:02+00:00","description":"Unser Wassermelder erfasst Wasserlecks und warnt, noch bevor das Wasser Schaden anrichtet. Wir bieten den Wassermelder in der BUS-Variante.","breadcrumb":{"@id":"https:\/\/alarmanlagen-puttinger.at\/index.php\/wassermelder\/#breadcrumb"},"inLanguage":"de","potentialAction":[{"@type":"ReadAction","target":["https:\/\/alarmanlagen-puttinger.at\/index.php\/wassermelder\/"]}]},{"@type":"ImageObject","inLanguage":"de","@id":"https:\/\/alarmanlagen-puttinger.at\/index.php\/wassermelder\/#primaryimage","url":"https:\/\/alarmanlagen-puttinger.at\/wp-content\/uploads\/2020\/07\/Jablotron-100_Bus-Melder_BUS-Wassermelder.png","contentUrl":"https:\/\/alarmanlagen-puttinger.at\/wp-content\/uploads\/2020\/07\/Jablotron-100_Bus-Melder_BUS-Wassermelder.png","width":633,"height":600,"caption":"Unser Wassermelder erfasst Wasserlecks und warnt so vor gr\u00f6\u00dferen Wassersch\u00e4den."},{"@type":"BreadcrumbList","@id":"https:\/\/alarmanlagen-puttinger.at\/index.php\/wassermelder\/#breadcrumb","itemListElement":[{"@type":"ListItem","position":1,"name":"Home","item":"https:\/\/alarmanlagen-puttinger.at\/"},{"@type":"ListItem","position":2,"name":"Wassermelder"}]},{"@type":"WebSite","@id":"https:\/\/alarmanlagen-puttinger.at\/#website","url":"https:\/\/alarmanlagen-puttinger.at\/","name":"Puttinger","description":"Just another WordPress site","potentialAction":[{"@type":"SearchAction","target":{"@type":"EntryPoint","urlTemplate":"https:\/\/alarmanlagen-puttinger.at\/?s={search_term_string}"},"query-input":{"@type":"PropertyValueSpecification","valueRequired":true,"valueName":"search_term_string"}}],"inLanguage":"de"}]}},"_links":{"self":[{"href":"https:\/\/alarmanlagen-puttinger.at\/index.php\/wp-json\/wp\/v2\/pages\/1166","targetHints":{"allow":["GET"]}}],"collection":[{"href":"https:\/\/alarmanlagen-puttinger.at\/index.php\/wp-json\/wp\/v2\/pages"}],"about":[{"href":"https:\/\/alarmanlagen-puttinger.at\/index.php\/wp-json\/wp\/v2\/types\/page"}],"author":[{"embeddable":true,"href":"https:\/\/alarmanlagen-puttinger.at\/index.php\/wp-json\/wp\/v2\/users\/2"}],"replies":[{"embeddable":true,"href":"https:\/\/alarmanlagen-puttinger.at\/index.php\/wp-json\/wp\/v2\/comments?post=1166"}],"version-history":[{"count":15,"href":"https:\/\/alarmanlagen-puttinger.at\/index.php\/wp-json\/wp\/v2\/pages\/1166\/revisions"}],"predecessor-version":[{"id":1410,"href":"https:\/\/alarmanlagen-puttinger.at\/index.php\/wp-json\/wp\/v2\/pages\/1166\/revisions\/1410"}],"wp:attachment":[{"href":"https:\/\/alarmanlagen-puttinger.at\/index.php\/wp-json\/wp\/v2\/media?parent=1166"}],"curies":[{"name":"wp","href":"https:\/\/api.w.org\/{rel}","templated":true}]}}