{"id":1282,"date":"2020-09-30T08:51:00","date_gmt":"2020-09-30T08:51:00","guid":{"rendered":"https:\/\/alarmanlagen-puttinger.at\/?page_id=1282"},"modified":"2023-10-05T11:18:12","modified_gmt":"2023-10-05T11:18:12","slug":"team","status":"publish","type":"page","link":"https:\/\/alarmanlagen-puttinger.at\/index.php\/team\/","title":{"rendered":"Team"},"content":{"rendered":"\t\t<div data-elementor-type=\"wp-page\" data-elementor-id=\"1282\" class=\"elementor elementor-1282\" data-elementor-post-type=\"page\">\n\t\t\t\t\t\t<section class=\"elementor-section elementor-top-section elementor-element elementor-element-63b9db1 elementor-section-boxed elementor-section-height-default elementor-section-height-default\" data-id=\"63b9db1\" data-element_type=\"section\">\n\t\t\t\t\t\t<div class=\"elementor-container elementor-column-gap-default\">\n\t\t\t\t\t<div class=\"elementor-column elementor-col-100 elementor-top-column elementor-element elementor-element-4e3cff0\" data-id=\"4e3cff0\" data-element_type=\"column\">\n\t\t\t<div class=\"elementor-widget-wrap elementor-element-populated\">\n\t\t\t\t\t\t<div class=\"elementor-element elementor-element-5e5aa28 elementor-widget elementor-widget-heading\" data-id=\"5e5aa28\" data-element_type=\"widget\" data-widget_type=\"heading.default\">\n\t\t\t\t<div class=\"elementor-widget-container\">\n\t\t\t\t\t<h1 class=\"elementor-heading-title elementor-size-large\">TEAM<\/h1>\t\t\t\t<\/div>\n\t\t\t\t<\/div>\n\t\t\t\t\t<\/div>\n\t\t<\/div>\n\t\t\t\t\t<\/div>\n\t\t<\/section>\n\t\t\t\t<section class=\"elementor-section elementor-top-section elementor-element elementor-element-3f082d7 elementor-section-boxed elementor-section-height-default elementor-section-height-default\" data-id=\"3f082d7\" data-element_type=\"section\">\n\t\t\t\t\t\t<div class=\"elementor-container elementor-column-gap-default\">\n\t\t\t\t\t<div class=\"elementor-column elementor-col-100 elementor-top-column elementor-element elementor-element-fe8a7ac\" data-id=\"fe8a7ac\" data-element_type=\"column\">\n\t\t\t<div class=\"elementor-widget-wrap elementor-element-populated\">\n\t\t\t\t\t\t<div class=\"elementor-element elementor-element-0638298 elementor-widget-divider--view-line elementor-widget elementor-widget-divider\" data-id=\"0638298\" data-element_type=\"widget\" data-widget_type=\"divider.default\">\n\t\t\t\t<div class=\"elementor-widget-container\">\n\t\t\t\t\t\t\t<div class=\"elementor-divider\">\n\t\t\t<span class=\"elementor-divider-separator\">\n\t\t\t\t\t\t<\/span>\n\t\t<\/div>\n\t\t\t\t\t\t<\/div>\n\t\t\t\t<\/div>\n\t\t\t\t\t<\/div>\n\t\t<\/div>\n\t\t\t\t\t<\/div>\n\t\t<\/section>\n\t\t\t\t<section class=\"elementor-section elementor-top-section elementor-element elementor-element-506b327 elementor-section-boxed elementor-section-height-default elementor-section-height-default\" data-id=\"506b327\" data-element_type=\"section\">\n\t\t\t\t\t\t<div class=\"elementor-container elementor-column-gap-default\">\n\t\t\t\t\t<div class=\"elementor-column elementor-col-100 elementor-top-column elementor-element elementor-element-035db21\" data-id=\"035db21\" data-element_type=\"column\">\n\t\t\t<div class=\"elementor-widget-wrap elementor-element-populated\">\n\t\t\t\t\t\t<div class=\"elementor-element elementor-element-6f283a2 elementor-widget elementor-widget-spacer\" data-id=\"6f283a2\" data-element_type=\"widget\" data-widget_type=\"spacer.default\">\n\t\t\t\t<div class=\"elementor-widget-container\">\n\t\t\t\t\t\t\t<div class=\"elementor-spacer\">\n\t\t\t<div class=\"elementor-spacer-inner\"><\/div>\n\t\t<\/div>\n\t\t\t\t\t\t<\/div>\n\t\t\t\t<\/div>\n\t\t\t\t<section class=\"elementor-section elementor-inner-section elementor-element elementor-element-316b6fb elementor-section-boxed elementor-section-height-default elementor-section-height-default\" data-id=\"316b6fb\" data-element_type=\"section\">\n\t\t\t\t\t\t<div class=\"elementor-container elementor-column-gap-default\">\n\t\t\t\t\t<div class=\"elementor-column elementor-col-25 elementor-inner-column elementor-element elementor-element-d06d155\" data-id=\"d06d155\" data-element_type=\"column\">\n\t\t\t<div class=\"elementor-widget-wrap elementor-element-populated\">\n\t\t\t\t\t\t<div class=\"elementor-element elementor-element-40d0e9b elementor-invisible elementor-widget elementor-widget-image\" data-id=\"40d0e9b\" data-element_type=\"widget\" data-settings=\"{&quot;_animation&quot;:&quot;zoomIn&quot;}\" data-widget_type=\"image.default\">\n\t\t\t\t<div class=\"elementor-widget-container\">\n\t\t\t\t\t\t\t\t\t\t\t\t\t\t\t\t<a href=\"https:\/\/alarmanlagen-puttinger.at\/wp-content\/uploads\/2020\/04\/Alarmanlagen-Puttinger_Team_Gerald-1.jpg\" data-elementor-open-lightbox=\"yes\" data-elementor-lightbox-title=\"Gerald Puttinger\" data-e-action-hash=\"#elementor-action%3Aaction%3Dlightbox%26settings%3DeyJpZCI6Nzc3LCJ1cmwiOiJodHRwczpcL1wvYWxhcm1hbmxhZ2VuLXB1dHRpbmdlci5hdFwvd3AtY29udGVudFwvdXBsb2Fkc1wvMjAyMFwvMDRcL0FsYXJtYW5sYWdlbi1QdXR0aW5nZXJfVGVhbV9HZXJhbGQtMS5qcGcifQ%3D%3D\">\n\t\t\t\t\t\t\t<img fetchpriority=\"high\" decoding=\"async\" width=\"837\" height=\"1024\" src=\"https:\/\/alarmanlagen-puttinger.at\/wp-content\/uploads\/2020\/04\/Alarmanlagen-Puttinger_Team_Gerald-1-837x1024.jpg\" class=\"attachment-large size-large wp-image-777\" alt=\"Gerald Puttinger\" srcset=\"https:\/\/alarmanlagen-puttinger.at\/wp-content\/uploads\/2020\/04\/Alarmanlagen-Puttinger_Team_Gerald-1-837x1024.jpg 837w, https:\/\/alarmanlagen-puttinger.at\/wp-content\/uploads\/2020\/04\/Alarmanlagen-Puttinger_Team_Gerald-1-245x300.jpg 245w, https:\/\/alarmanlagen-puttinger.at\/wp-content\/uploads\/2020\/04\/Alarmanlagen-Puttinger_Team_Gerald-1-768x940.jpg 768w, https:\/\/alarmanlagen-puttinger.at\/wp-content\/uploads\/2020\/04\/Alarmanlagen-Puttinger_Team_Gerald-1-830x1015.jpg 830w, https:\/\/alarmanlagen-puttinger.at\/wp-content\/uploads\/2020\/04\/Alarmanlagen-Puttinger_Team_Gerald-1-230x281.jpg 230w, https:\/\/alarmanlagen-puttinger.at\/wp-content\/uploads\/2020\/04\/Alarmanlagen-Puttinger_Team_Gerald-1-350x428.jpg 350w, https:\/\/alarmanlagen-puttinger.at\/wp-content\/uploads\/2020\/04\/Alarmanlagen-Puttinger_Team_Gerald-1-480x587.jpg 480w\" sizes=\"(max-width: 837px) 100vw, 837px\" \/>\t\t\t\t\t\t\t\t<\/a>\n\t\t\t\t\t\t\t\t\t\t\t\t\t\t\t<\/div>\n\t\t\t\t<\/div>\n\t\t\t\t\t<\/div>\n\t\t<\/div>\n\t\t\t\t<div class=\"elementor-column elementor-col-25 elementor-inner-column elementor-element elementor-element-40e114b\" data-id=\"40e114b\" data-element_type=\"column\">\n\t\t\t<div class=\"elementor-widget-wrap elementor-element-populated\">\n\t\t\t\t\t\t<div class=\"elementor-element elementor-element-26b55aa elementor-widget elementor-widget-text-editor\" data-id=\"26b55aa\" data-element_type=\"widget\" data-widget_type=\"text-editor.default\">\n\t\t\t\t<div class=\"elementor-widget-container\">\n\t\t\t\t\t\t\t\t\t<h5>Gerald Puttinger<\/h5><p>Telefon: +43 664 502 00 11<br \/>E-Mail: <a href=\"mailto:office@alarmanlagen-puttinger.at\">office@alarmanlagen-puttinger.at<\/a><\/p>\t\t\t\t\t\t\t\t<\/div>\n\t\t\t\t<\/div>\n\t\t\t\t\t<\/div>\n\t\t<\/div>\n\t\t\t\t<div class=\"elementor-column elementor-col-25 elementor-inner-column elementor-element elementor-element-44b28c0\" data-id=\"44b28c0\" data-element_type=\"column\">\n\t\t\t<div class=\"elementor-widget-wrap elementor-element-populated\">\n\t\t\t\t\t\t<div class=\"elementor-element elementor-element-d59095b elementor-invisible elementor-widget elementor-widget-image\" data-id=\"d59095b\" data-element_type=\"widget\" data-settings=\"{&quot;_animation&quot;:&quot;zoomIn&quot;}\" data-widget_type=\"image.default\">\n\t\t\t\t<div class=\"elementor-widget-container\">\n\t\t\t\t\t\t\t\t\t\t\t\t\t\t\t\t<a href=\"https:\/\/alarmanlagen-puttinger.at\/wp-content\/uploads\/2020\/04\/Alarmanlagen-Puttinger_Team_Tamara.jpg\" data-elementor-open-lightbox=\"yes\" data-elementor-lightbox-title=\"Tamara Ableidinger\" data-e-action-hash=\"#elementor-action%3Aaction%3Dlightbox%26settings%3DeyJpZCI6Nzc4LCJ1cmwiOiJodHRwczpcL1wvYWxhcm1hbmxhZ2VuLXB1dHRpbmdlci5hdFwvd3AtY29udGVudFwvdXBsb2Fkc1wvMjAyMFwvMDRcL0FsYXJtYW5sYWdlbi1QdXR0aW5nZXJfVGVhbV9UYW1hcmEuanBnIn0%3D\">\n\t\t\t\t\t\t\t<img decoding=\"async\" width=\"837\" height=\"1024\" src=\"https:\/\/alarmanlagen-puttinger.at\/wp-content\/uploads\/2020\/04\/Alarmanlagen-Puttinger_Team_Tamara-837x1024.jpg\" class=\"attachment-large size-large wp-image-778\" alt=\"Tamara Ableidinger\" srcset=\"https:\/\/alarmanlagen-puttinger.at\/wp-content\/uploads\/2020\/04\/Alarmanlagen-Puttinger_Team_Tamara-837x1024.jpg 837w, https:\/\/alarmanlagen-puttinger.at\/wp-content\/uploads\/2020\/04\/Alarmanlagen-Puttinger_Team_Tamara-245x300.jpg 245w, https:\/\/alarmanlagen-puttinger.at\/wp-content\/uploads\/2020\/04\/Alarmanlagen-Puttinger_Team_Tamara-768x940.jpg 768w, https:\/\/alarmanlagen-puttinger.at\/wp-content\/uploads\/2020\/04\/Alarmanlagen-Puttinger_Team_Tamara-830x1015.jpg 830w, https:\/\/alarmanlagen-puttinger.at\/wp-content\/uploads\/2020\/04\/Alarmanlagen-Puttinger_Team_Tamara-230x281.jpg 230w, https:\/\/alarmanlagen-puttinger.at\/wp-content\/uploads\/2020\/04\/Alarmanlagen-Puttinger_Team_Tamara-350x428.jpg 350w, https:\/\/alarmanlagen-puttinger.at\/wp-content\/uploads\/2020\/04\/Alarmanlagen-Puttinger_Team_Tamara-480x587.jpg 480w\" sizes=\"(max-width: 837px) 100vw, 837px\" \/>\t\t\t\t\t\t\t\t<\/a>\n\t\t\t\t\t\t\t\t\t\t\t\t\t\t\t<\/div>\n\t\t\t\t<\/div>\n\t\t\t\t\t<\/div>\n\t\t<\/div>\n\t\t\t\t<div class=\"elementor-column elementor-col-25 elementor-inner-column elementor-element elementor-element-90ac902\" data-id=\"90ac902\" data-element_type=\"column\">\n\t\t\t<div class=\"elementor-widget-wrap elementor-element-populated\">\n\t\t\t\t\t\t<div class=\"elementor-element elementor-element-dd8700b elementor-widget elementor-widget-text-editor\" data-id=\"dd8700b\" data-element_type=\"widget\" data-widget_type=\"text-editor.default\">\n\t\t\t\t<div class=\"elementor-widget-container\">\n\t\t\t\t\t\t\t\t\t<h5>Tamara Puttinger<\/h5><p>Telefon: +43 664 502 00 11<br \/>E-Mail: <a href=\"mailto:office@alarmanlagen-puttinger.at\">tamara@alarmanlagen-puttinger.at<\/a><\/p>\t\t\t\t\t\t\t\t<\/div>\n\t\t\t\t<\/div>\n\t\t\t\t\t<\/div>\n\t\t<\/div>\n\t\t\t\t\t<\/div>\n\t\t<\/section>\n\t\t\t\t<div class=\"elementor-element elementor-element-c683a2c elementor-widget elementor-widget-spacer\" data-id=\"c683a2c\" data-element_type=\"widget\" data-widget_type=\"spacer.default\">\n\t\t\t\t<div class=\"elementor-widget-container\">\n\t\t\t\t\t\t\t<div class=\"elementor-spacer\">\n\t\t\t<div class=\"elementor-spacer-inner\"><\/div>\n\t\t<\/div>\n\t\t\t\t\t\t<\/div>\n\t\t\t\t<\/div>\n\t\t\t\t<div class=\"elementor-element elementor-element-0179aef elementor-button-danger elementor-align-center elementor-widget elementor-widget-button\" data-id=\"0179aef\" data-element_type=\"widget\" data-widget_type=\"button.default\">\n\t\t\t\t<div class=\"elementor-widget-container\">\n\t\t\t\t\t\t\t\t\t<div class=\"elementor-button-wrapper\">\n\t\t\t\t\t<a class=\"elementor-button elementor-button-link elementor-size-md\" href=\"https:\/\/alarmanlagen-puttinger.at\/index.php\/kontakt\/\">\n\t\t\t\t\t\t<span class=\"elementor-button-content-wrapper\">\n\t\t\t\t\t\t\t\t\t<span class=\"elementor-button-text\">Kontakt<\/span>\n\t\t\t\t\t<\/span>\n\t\t\t\t\t<\/a>\n\t\t\t\t<\/div>\n\t\t\t\t\t\t\t\t<\/div>\n\t\t\t\t<\/div>\n\t\t\t\t\t<\/div>\n\t\t<\/div>\n\t\t\t\t\t<\/div>\n\t\t<\/section>\n\t\t\t\t<\/div>\n\t\t","protected":false},"excerpt":{"rendered":"<p>TEAM Gerald Puttinger Telefon: +43 664 502 00 11E-Mail: office@alarmanlagen-puttinger.at Tamara Puttinger Telefon: +43 664 502 00 11E-Mail: tamara@alarmanlagen-puttinger.at Kontakt<\/p>\n","protected":false},"author":2,"featured_media":0,"parent":0,"menu_order":0,"comment_status":"closed","ping_status":"closed","template":"elementor_header_footer","meta":{"footnotes":""},"class_list":["post-1282","page","type-page","status-publish","hentry"],"yoast_head":"<!-- This site is optimized with the Yoast SEO Premium plugin v26.6 (Yoast SEO v26.6) - https:\/\/yoast.com\/wordpress\/plugins\/seo\/ -->\n<title>Team I Puttinger - Alarmanlagen &amp; Kamera\u00fcberwachungssysteme<\/title>\n<meta name=\"description\" content=\"Puttinger Alarmanlagen - Ihr Profi f\u00fcr Einbruchschutz in Ober\u00f6sterreich, Innviertel. Unser Puttinger Team ber\u00e4t Sie gerne!\" \/>\n<meta name=\"robots\" content=\"index, follow, max-snippet:-1, max-image-preview:large, max-video-preview:-1\" \/>\n<link rel=\"canonical\" href=\"https:\/\/alarmanlagen-puttinger.at\/index.php\/team\/\" \/>\n<meta property=\"og:locale\" content=\"de_DE\" \/>\n<meta property=\"og:type\" content=\"article\" \/>\n<meta property=\"og:title\" content=\"Team\" \/>\n<meta property=\"og:description\" content=\"Puttinger Alarmanlagen - Ihr Profi f\u00fcr Einbruchschutz in Ober\u00f6sterreich, Innviertel. Unser Puttinger Team ber\u00e4t Sie gerne!\" \/>\n<meta property=\"og:url\" content=\"https:\/\/alarmanlagen-puttinger.at\/index.php\/team\/\" \/>\n<meta property=\"og:site_name\" content=\"Puttinger\" \/>\n<meta property=\"article:modified_time\" content=\"2023-10-05T11:18:12+00:00\" \/>\n<meta property=\"og:image\" content=\"https:\/\/alarmanlagen-puttinger.at\/wp-content\/uploads\/2020\/04\/Alarmanlagen-Puttinger_Team_Gerald-1-837x1024.jpg\" \/>\n<meta name=\"twitter:card\" content=\"summary_large_image\" \/>\n<meta name=\"twitter:label1\" content=\"Gesch\u00e4tzte Lesezeit\" \/>\n\t<meta name=\"twitter:data1\" content=\"1\u00a0Minute\" \/>\n<script type=\"application\/ld+json\" class=\"yoast-schema-graph\">{\"@context\":\"https:\/\/schema.org\",\"@graph\":[{\"@type\":\"WebPage\",\"@id\":\"https:\/\/alarmanlagen-puttinger.at\/index.php\/team\/\",\"url\":\"https:\/\/alarmanlagen-puttinger.at\/index.php\/team\/\",\"name\":\"Team I Puttinger - Alarmanlagen & Kamera\u00fcberwachungssysteme\",\"isPartOf\":{\"@id\":\"https:\/\/alarmanlagen-puttinger.at\/#website\"},\"primaryImageOfPage\":{\"@id\":\"https:\/\/alarmanlagen-puttinger.at\/index.php\/team\/#primaryimage\"},\"image\":{\"@id\":\"https:\/\/alarmanlagen-puttinger.at\/index.php\/team\/#primaryimage\"},\"thumbnailUrl\":\"https:\/\/alarmanlagen-puttinger.at\/wp-content\/uploads\/2020\/04\/Alarmanlagen-Puttinger_Team_Gerald-1-837x1024.jpg\",\"datePublished\":\"2020-09-30T08:51:00+00:00\",\"dateModified\":\"2023-10-05T11:18:12+00:00\",\"description\":\"Puttinger Alarmanlagen - Ihr Profi f\u00fcr Einbruchschutz in Ober\u00f6sterreich, Innviertel. Unser Puttinger Team ber\u00e4t Sie gerne!\",\"breadcrumb\":{\"@id\":\"https:\/\/alarmanlagen-puttinger.at\/index.php\/team\/#breadcrumb\"},\"inLanguage\":\"de\",\"potentialAction\":[{\"@type\":\"ReadAction\",\"target\":[\"https:\/\/alarmanlagen-puttinger.at\/index.php\/team\/\"]}]},{\"@type\":\"ImageObject\",\"inLanguage\":\"de\",\"@id\":\"https:\/\/alarmanlagen-puttinger.at\/index.php\/team\/#primaryimage\",\"url\":\"https:\/\/alarmanlagen-puttinger.at\/wp-content\/uploads\/2020\/04\/Alarmanlagen-Puttinger_Team_Gerald-1.jpg\",\"contentUrl\":\"https:\/\/alarmanlagen-puttinger.at\/wp-content\/uploads\/2020\/04\/Alarmanlagen-Puttinger_Team_Gerald-1.jpg\",\"width\":3000,\"height\":3670,\"caption\":\"Gerald Puttinger\"},{\"@type\":\"BreadcrumbList\",\"@id\":\"https:\/\/alarmanlagen-puttinger.at\/index.php\/team\/#breadcrumb\",\"itemListElement\":[{\"@type\":\"ListItem\",\"position\":1,\"name\":\"Home\",\"item\":\"https:\/\/alarmanlagen-puttinger.at\/\"},{\"@type\":\"ListItem\",\"position\":2,\"name\":\"Team\"}]},{\"@type\":\"WebSite\",\"@id\":\"https:\/\/alarmanlagen-puttinger.at\/#website\",\"url\":\"https:\/\/alarmanlagen-puttinger.at\/\",\"name\":\"Puttinger\",\"description\":\"Just another WordPress site\",\"potentialAction\":[{\"@type\":\"SearchAction\",\"target\":{\"@type\":\"EntryPoint\",\"urlTemplate\":\"https:\/\/alarmanlagen-puttinger.at\/?s={search_term_string}\"},\"query-input\":{\"@type\":\"PropertyValueSpecification\",\"valueRequired\":true,\"valueName\":\"search_term_string\"}}],\"inLanguage\":\"de\"}]}<\/script>\n<!-- \/ Yoast SEO Premium plugin. -->","yoast_head_json":{"title":"Team I Puttinger - Alarmanlagen & Kamera\u00fcberwachungssysteme","description":"Puttinger Alarmanlagen - Ihr Profi f\u00fcr Einbruchschutz in Ober\u00f6sterreich, Innviertel. Unser Puttinger Team ber\u00e4t Sie gerne!","robots":{"index":"index","follow":"follow","max-snippet":"max-snippet:-1","max-image-preview":"max-image-preview:large","max-video-preview":"max-video-preview:-1"},"canonical":"https:\/\/alarmanlagen-puttinger.at\/index.php\/team\/","og_locale":"de_DE","og_type":"article","og_title":"Team","og_description":"Puttinger Alarmanlagen - Ihr Profi f\u00fcr Einbruchschutz in Ober\u00f6sterreich, Innviertel. Unser Puttinger Team ber\u00e4t Sie gerne!","og_url":"https:\/\/alarmanlagen-puttinger.at\/index.php\/team\/","og_site_name":"Puttinger","article_modified_time":"2023-10-05T11:18:12+00:00","og_image":[{"url":"https:\/\/alarmanlagen-puttinger.at\/wp-content\/uploads\/2020\/04\/Alarmanlagen-Puttinger_Team_Gerald-1-837x1024.jpg","type":"","width":"","height":""}],"twitter_card":"summary_large_image","twitter_misc":{"Gesch\u00e4tzte Lesezeit":"1\u00a0Minute"},"schema":{"@context":"https:\/\/schema.org","@graph":[{"@type":"WebPage","@id":"https:\/\/alarmanlagen-puttinger.at\/index.php\/team\/","url":"https:\/\/alarmanlagen-puttinger.at\/index.php\/team\/","name":"Team I Puttinger - Alarmanlagen & Kamera\u00fcberwachungssysteme","isPartOf":{"@id":"https:\/\/alarmanlagen-puttinger.at\/#website"},"primaryImageOfPage":{"@id":"https:\/\/alarmanlagen-puttinger.at\/index.php\/team\/#primaryimage"},"image":{"@id":"https:\/\/alarmanlagen-puttinger.at\/index.php\/team\/#primaryimage"},"thumbnailUrl":"https:\/\/alarmanlagen-puttinger.at\/wp-content\/uploads\/2020\/04\/Alarmanlagen-Puttinger_Team_Gerald-1-837x1024.jpg","datePublished":"2020-09-30T08:51:00+00:00","dateModified":"2023-10-05T11:18:12+00:00","description":"Puttinger Alarmanlagen - Ihr Profi f\u00fcr Einbruchschutz in Ober\u00f6sterreich, Innviertel. Unser Puttinger Team ber\u00e4t Sie gerne!","breadcrumb":{"@id":"https:\/\/alarmanlagen-puttinger.at\/index.php\/team\/#breadcrumb"},"inLanguage":"de","potentialAction":[{"@type":"ReadAction","target":["https:\/\/alarmanlagen-puttinger.at\/index.php\/team\/"]}]},{"@type":"ImageObject","inLanguage":"de","@id":"https:\/\/alarmanlagen-puttinger.at\/index.php\/team\/#primaryimage","url":"https:\/\/alarmanlagen-puttinger.at\/wp-content\/uploads\/2020\/04\/Alarmanlagen-Puttinger_Team_Gerald-1.jpg","contentUrl":"https:\/\/alarmanlagen-puttinger.at\/wp-content\/uploads\/2020\/04\/Alarmanlagen-Puttinger_Team_Gerald-1.jpg","width":3000,"height":3670,"caption":"Gerald Puttinger"},{"@type":"BreadcrumbList","@id":"https:\/\/alarmanlagen-puttinger.at\/index.php\/team\/#breadcrumb","itemListElement":[{"@type":"ListItem","position":1,"name":"Home","item":"https:\/\/alarmanlagen-puttinger.at\/"},{"@type":"ListItem","position":2,"name":"Team"}]},{"@type":"WebSite","@id":"https:\/\/alarmanlagen-puttinger.at\/#website","url":"https:\/\/alarmanlagen-puttinger.at\/","name":"Puttinger","description":"Just another WordPress site","potentialAction":[{"@type":"SearchAction","target":{"@type":"EntryPoint","urlTemplate":"https:\/\/alarmanlagen-puttinger.at\/?s={search_term_string}"},"query-input":{"@type":"PropertyValueSpecification","valueRequired":true,"valueName":"search_term_string"}}],"inLanguage":"de"}]}},"_links":{"self":[{"href":"https:\/\/alarmanlagen-puttinger.at\/index.php\/wp-json\/wp\/v2\/pages\/1282","targetHints":{"allow":["GET"]}}],"collection":[{"href":"https:\/\/alarmanlagen-puttinger.at\/index.php\/wp-json\/wp\/v2\/pages"}],"about":[{"href":"https:\/\/alarmanlagen-puttinger.at\/index.php\/wp-json\/wp\/v2\/types\/page"}],"author":[{"embeddable":true,"href":"https:\/\/alarmanlagen-puttinger.at\/index.php\/wp-json\/wp\/v2\/users\/2"}],"replies":[{"embeddable":true,"href":"https:\/\/alarmanlagen-puttinger.at\/index.php\/wp-json\/wp\/v2\/comments?post=1282"}],"version-history":[{"count":6,"href":"https:\/\/alarmanlagen-puttinger.at\/index.php\/wp-json\/wp\/v2\/pages\/1282\/revisions"}],"predecessor-version":[{"id":1480,"href":"https:\/\/alarmanlagen-puttinger.at\/index.php\/wp-json\/wp\/v2\/pages\/1282\/revisions\/1480"}],"wp:attachment":[{"href":"https:\/\/alarmanlagen-puttinger.at\/index.php\/wp-json\/wp\/v2\/media?parent=1282"}],"curies":[{"name":"wp","href":"https:\/\/api.w.org\/{rel}","templated":true}]}}