{"id":671,"date":"2020-03-12T08:38:29","date_gmt":"2020-03-12T08:38:29","guid":{"rendered":"https:\/\/alarmanlagen-puttinger.at\/?page_id=671"},"modified":"2020-07-23T13:24:28","modified_gmt":"2020-07-23T13:24:28","slug":"einbruchschutz","status":"publish","type":"page","link":"https:\/\/alarmanlagen-puttinger.at\/index.php\/einbruchschutz\/","title":{"rendered":"Produkte"},"content":{"rendered":"\t\t<div data-elementor-type=\"wp-page\" data-elementor-id=\"671\" class=\"elementor elementor-671\" data-elementor-post-type=\"page\">\n\t\t\t\t\t\t<section class=\"elementor-section elementor-top-section elementor-element elementor-element-52b25a1 elementor-section-boxed elementor-section-height-default elementor-section-height-default\" data-id=\"52b25a1\" data-element_type=\"section\">\n\t\t\t\t\t\t<div class=\"elementor-container elementor-column-gap-default\">\n\t\t\t\t\t<div class=\"elementor-column elementor-col-100 elementor-top-column elementor-element elementor-element-4aa7a88\" data-id=\"4aa7a88\" data-element_type=\"column\">\n\t\t\t<div class=\"elementor-widget-wrap elementor-element-populated\">\n\t\t\t\t\t\t<div class=\"elementor-element elementor-element-e84dbe5 elementor-widget elementor-widget-heading\" data-id=\"e84dbe5\" data-element_type=\"widget\" data-widget_type=\"heading.default\">\n\t\t\t\t<div class=\"elementor-widget-container\">\n\t\t\t\t\t<h1 class=\"elementor-heading-title elementor-size-large\">PRODUKTE<\/h1>\t\t\t\t<\/div>\n\t\t\t\t<\/div>\n\t\t\t\t\t<\/div>\n\t\t<\/div>\n\t\t\t\t\t<\/div>\n\t\t<\/section>\n\t\t\t\t<section class=\"elementor-section elementor-top-section elementor-element elementor-element-222feb9 elementor-section-boxed elementor-section-height-default elementor-section-height-default\" data-id=\"222feb9\" data-element_type=\"section\">\n\t\t\t\t\t\t<div class=\"elementor-container elementor-column-gap-default\">\n\t\t\t\t\t<div class=\"elementor-column elementor-col-100 elementor-top-column elementor-element elementor-element-315d6a9\" data-id=\"315d6a9\" data-element_type=\"column\">\n\t\t\t<div class=\"elementor-widget-wrap elementor-element-populated\">\n\t\t\t\t\t\t<div class=\"elementor-element elementor-element-cb6b4c2 elementor-widget-divider--view-line elementor-widget elementor-widget-divider\" data-id=\"cb6b4c2\" data-element_type=\"widget\" data-widget_type=\"divider.default\">\n\t\t\t\t<div class=\"elementor-widget-container\">\n\t\t\t\t\t\t\t<div class=\"elementor-divider\">\n\t\t\t<span class=\"elementor-divider-separator\">\n\t\t\t\t\t\t<\/span>\n\t\t<\/div>\n\t\t\t\t\t\t<\/div>\n\t\t\t\t<\/div>\n\t\t\t\t<div class=\"elementor-element elementor-element-300dd6c elementor-widget elementor-widget-spacer\" data-id=\"300dd6c\" data-element_type=\"widget\" data-widget_type=\"spacer.default\">\n\t\t\t\t<div class=\"elementor-widget-container\">\n\t\t\t\t\t\t\t<div class=\"elementor-spacer\">\n\t\t\t<div class=\"elementor-spacer-inner\"><\/div>\n\t\t<\/div>\n\t\t\t\t\t\t<\/div>\n\t\t\t\t<\/div>\n\t\t\t\t\t<\/div>\n\t\t<\/div>\n\t\t\t\t\t<\/div>\n\t\t<\/section>\n\t\t\t\t<section class=\"elementor-section elementor-top-section elementor-element elementor-element-b471be1 elementor-section-boxed elementor-section-height-default elementor-section-height-default\" data-id=\"b471be1\" data-element_type=\"section\">\n\t\t\t\t\t\t<div class=\"elementor-container elementor-column-gap-default\">\n\t\t\t\t\t<div class=\"elementor-column elementor-col-33 elementor-top-column elementor-element elementor-element-8b5799a\" data-id=\"8b5799a\" data-element_type=\"column\">\n\t\t\t<div class=\"elementor-widget-wrap elementor-element-populated\">\n\t\t\t\t\t\t<div class=\"elementor-element elementor-element-7bf5652 elementor-position-top elementor-invisible elementor-widget elementor-widget-image-box\" data-id=\"7bf5652\" data-element_type=\"widget\" data-settings=\"{&quot;_animation&quot;:&quot;zoomIn&quot;}\" data-widget_type=\"image-box.default\">\n\t\t\t\t<div class=\"elementor-widget-container\">\n\t\t\t\t\t<div class=\"elementor-image-box-wrapper\"><figure class=\"elementor-image-box-img\"><a href=\"https:\/\/alarmanlagen-puttinger.at\/index.php\/alarmanlagen\/\" tabindex=\"-1\"><img decoding=\"async\" src=\"https:\/\/alarmanlagen-puttinger.at\/wp-content\/uploads\/elementor\/thumbs\/Jablotron-100_Bedienteile_-BUS-Bedienteil-mit-Codetastatur-qp3hdrdhxdyyk568ziyxz6kdgw75kdnhq7s64yojpg.png\" title=\"Jablotron BUS-Bedienteil mit Codetastatur\" alt=\"Jablotron BUS-Bedienteil mit Codetastatur\" loading=\"lazy\" \/><\/a><\/figure><div class=\"elementor-image-box-content\"><h4 class=\"elementor-image-box-title\"><a href=\"https:\/\/alarmanlagen-puttinger.at\/index.php\/alarmanlagen\/\">Alarmanlagen<\/a><\/h4><p class=\"elementor-image-box-description\">Unsere Alarmanlagen von Jablotron sind vielseitig einsetzbar. Egal ob Privathaus, Firma, Gastronomie oder Landwirtschaft.<br>.<\/p><\/div><\/div>\t\t\t\t<\/div>\n\t\t\t\t<\/div>\n\t\t\t\t\t<\/div>\n\t\t<\/div>\n\t\t\t\t<div class=\"elementor-column elementor-col-33 elementor-top-column elementor-element elementor-element-4d869fc\" data-id=\"4d869fc\" data-element_type=\"column\">\n\t\t\t<div class=\"elementor-widget-wrap elementor-element-populated\">\n\t\t\t\t\t\t<div class=\"elementor-element elementor-element-b69c095 elementor-position-top elementor-invisible elementor-widget elementor-widget-image-box\" data-id=\"b69c095\" data-element_type=\"widget\" data-settings=\"{&quot;_animation&quot;:&quot;zoomIn&quot;}\" data-widget_type=\"image-box.default\">\n\t\t\t\t<div class=\"elementor-widget-container\">\n\t\t\t\t\t<div class=\"elementor-image-box-wrapper\"><figure class=\"elementor-image-box-img\"><a href=\"https:\/\/alarmanlagen-puttinger.at\/index.php\/kamerauberwachung\/\" tabindex=\"-1\"><img decoding=\"async\" src=\"https:\/\/alarmanlagen-puttinger.at\/wp-content\/uploads\/elementor\/thumbs\/Video_Dahua-IP_Lite_Bulletkamera-28mm-1-qp3hdrdhxdyyk568ziyxz6kdgw75kdnhq7s64yojpg.jpg\" title=\"Dahua_Lite_Bulletkamera 2,8mm\" alt=\"Dahua_Lite_Bulletkamera 2,8mm\" loading=\"lazy\" \/><\/a><\/figure><div class=\"elementor-image-box-content\"><h4 class=\"elementor-image-box-title\"><a href=\"https:\/\/alarmanlagen-puttinger.at\/index.php\/kamerauberwachung\/\">Kamera\u00fcberwachung<\/a><\/h4><p class=\"elementor-image-box-description\">Einfache Kamera\u00fcberwachung oder ganzes Kamera\u00fcberwachungssystem. Unser Sortiment umfasst Dome-, Bullet- und WLAN-Kameras.<br>.<\/p><\/div><\/div>\t\t\t\t<\/div>\n\t\t\t\t<\/div>\n\t\t\t\t\t<\/div>\n\t\t<\/div>\n\t\t\t\t<div class=\"elementor-column elementor-col-33 elementor-top-column elementor-element elementor-element-103f496\" data-id=\"103f496\" data-element_type=\"column\">\n\t\t\t<div class=\"elementor-widget-wrap elementor-element-populated\">\n\t\t\t\t\t\t<div class=\"elementor-element elementor-element-07c8357 elementor-position-top elementor-invisible elementor-widget elementor-widget-image-box\" data-id=\"07c8357\" data-element_type=\"widget\" data-settings=\"{&quot;_animation&quot;:&quot;zoomIn&quot;}\" data-widget_type=\"image-box.default\">\n\t\t\t\t<div class=\"elementor-widget-container\">\n\t\t\t\t\t<div class=\"elementor-image-box-wrapper\"><figure class=\"elementor-image-box-img\"><a href=\"https:\/\/alarmanlagen-puttinger.at\/index.php\/gefahrenmelder\/\" tabindex=\"-1\"><img decoding=\"async\" src=\"https:\/\/alarmanlagen-puttinger.at\/wp-content\/uploads\/elementor\/thumbs\/Jablotron-100_Bus-Melder_BUS-Bewegungsmelder-qp3hdrdhxdyyk568ziyxz6kdgw75kdnhq7s64yojpg.png\" title=\"Jablotron BUS-BM\" alt=\"Jablotron BUS-BM\" loading=\"lazy\" \/><\/a><\/figure><div class=\"elementor-image-box-content\"><h4 class=\"elementor-image-box-title\"><a href=\"https:\/\/alarmanlagen-puttinger.at\/index.php\/gefahrenmelder\/\">Gefahrenmelder<\/a><\/h4><p class=\"elementor-image-box-description\">Unsere verschiedensten Gefahrenmelder sind sowohl einzeln erh\u00e4ltlich als auch in Kombination mit unserer Alarmanlage.<br>.<\/p><\/div><\/div>\t\t\t\t<\/div>\n\t\t\t\t<\/div>\n\t\t\t\t\t<\/div>\n\t\t<\/div>\n\t\t\t\t\t<\/div>\n\t\t<\/section>\n\t\t\t\t<section class=\"elementor-section elementor-top-section elementor-element elementor-element-3999010 elementor-section-boxed elementor-section-height-default elementor-section-height-default\" data-id=\"3999010\" data-element_type=\"section\">\n\t\t\t\t\t\t<div class=\"elementor-container elementor-column-gap-default\">\n\t\t\t\t\t<div class=\"elementor-column elementor-col-100 elementor-top-column elementor-element elementor-element-0657808\" data-id=\"0657808\" data-element_type=\"column\">\n\t\t\t<div class=\"elementor-widget-wrap elementor-element-populated\">\n\t\t\t\t\t\t<div class=\"elementor-element elementor-element-664f947 elementor-widget elementor-widget-spacer\" data-id=\"664f947\" data-element_type=\"widget\" data-widget_type=\"spacer.default\">\n\t\t\t\t<div class=\"elementor-widget-container\">\n\t\t\t\t\t\t\t<div class=\"elementor-spacer\">\n\t\t\t<div class=\"elementor-spacer-inner\"><\/div>\n\t\t<\/div>\n\t\t\t\t\t\t<\/div>\n\t\t\t\t<\/div>\n\t\t\t\t<div class=\"elementor-element elementor-element-67fb017 elementor-button-danger elementor-align-center elementor-widget elementor-widget-button\" data-id=\"67fb017\" data-element_type=\"widget\" data-widget_type=\"button.default\">\n\t\t\t\t<div class=\"elementor-widget-container\">\n\t\t\t\t\t\t\t\t\t<div class=\"elementor-button-wrapper\">\n\t\t\t\t\t<a class=\"elementor-button elementor-button-link elementor-size-md\" href=\"https:\/\/alarmanlagen-puttinger.at\/index.php\/kontakt\/\">\n\t\t\t\t\t\t<span class=\"elementor-button-content-wrapper\">\n\t\t\t\t\t\t\t\t\t<span class=\"elementor-button-text\">Kontakt<\/span>\n\t\t\t\t\t<\/span>\n\t\t\t\t\t<\/a>\n\t\t\t\t<\/div>\n\t\t\t\t\t\t\t\t<\/div>\n\t\t\t\t<\/div>\n\t\t\t\t\t<\/div>\n\t\t<\/div>\n\t\t\t\t\t<\/div>\n\t\t<\/section>\n\t\t\t\t<\/div>\n\t\t","protected":false},"excerpt":{"rendered":"<p>PRODUKTE Alarmanlagen Unsere Alarmanlagen von Jablotron sind vielseitig einsetzbar. Egal ob Privathaus, Firma, Gastronomie oder Landwirtschaft. . Kamera\u00fcberwachung Einfache Kamera\u00fcberwachung oder ganzes [&hellip;]<\/p>\n","protected":false},"author":2,"featured_media":0,"parent":0,"menu_order":0,"comment_status":"closed","ping_status":"closed","template":"elementor_header_footer","meta":{"footnotes":""},"class_list":["post-671","page","type-page","status-publish","hentry"],"yoast_head":"<!-- This site is optimized with the Yoast SEO Premium plugin v26.6 (Yoast SEO v26.6) - https:\/\/yoast.com\/wordpress\/plugins\/seo\/ -->\n<title>Einbruchschutz I Puttinger - Alarmanlagen&amp;Kamera\u00fcberwachungssysteme<\/title>\n<meta name=\"description\" content=\"Wir bieten Produkte f\u00fcr Ihren Einbruchschutz: Alarmanlagen, Kamaera\u00fcberwachung, Gefahrenmelder. Gerald Puttinger - Ihr Profi in Sachen Einbruchschutz!\" \/>\n<meta name=\"robots\" content=\"index, follow, max-snippet:-1, max-image-preview:large, max-video-preview:-1\" \/>\n<link rel=\"canonical\" href=\"https:\/\/alarmanlagen-puttinger.at\/index.php\/einbruchschutz\/\" \/>\n<meta property=\"og:locale\" content=\"de_DE\" \/>\n<meta property=\"og:type\" content=\"article\" \/>\n<meta property=\"og:title\" content=\"Produkte\" \/>\n<meta property=\"og:description\" content=\"Wir bieten Produkte f\u00fcr Ihren Einbruchschutz: Alarmanlagen, Kamaera\u00fcberwachung, Gefahrenmelder. Gerald Puttinger - Ihr Profi in Sachen Einbruchschutz!\" \/>\n<meta property=\"og:url\" content=\"https:\/\/alarmanlagen-puttinger.at\/index.php\/einbruchschutz\/\" \/>\n<meta property=\"og:site_name\" content=\"Puttinger\" \/>\n<meta property=\"article:modified_time\" content=\"2020-07-23T13:24:28+00:00\" \/>\n<meta property=\"og:image\" content=\"https:\/\/alarmanlagen-puttinger.at\/wp-content\/uploads\/elementor\/thumbs\/Jablotron-100_Bedienteile_-BUS-Bedienteil-mit-Codetastatur-onuu5tqduapwtnv0v8lacxgpcleey4javfyod0ydac.png\" \/>\n<meta name=\"twitter:card\" content=\"summary_large_image\" \/>\n<script type=\"application\/ld+json\" class=\"yoast-schema-graph\">{\"@context\":\"https:\/\/schema.org\",\"@graph\":[{\"@type\":\"WebPage\",\"@id\":\"https:\/\/alarmanlagen-puttinger.at\/index.php\/einbruchschutz\/\",\"url\":\"https:\/\/alarmanlagen-puttinger.at\/index.php\/einbruchschutz\/\",\"name\":\"Einbruchschutz I Puttinger - Alarmanlagen&Kamera\u00fcberwachungssysteme\",\"isPartOf\":{\"@id\":\"https:\/\/alarmanlagen-puttinger.at\/#website\"},\"primaryImageOfPage\":{\"@id\":\"https:\/\/alarmanlagen-puttinger.at\/index.php\/einbruchschutz\/#primaryimage\"},\"image\":{\"@id\":\"https:\/\/alarmanlagen-puttinger.at\/index.php\/einbruchschutz\/#primaryimage\"},\"thumbnailUrl\":\"https:\/\/alarmanlagen-puttinger.at\/wp-content\/uploads\/elementor\/thumbs\/Jablotron-100_Bedienteile_-BUS-Bedienteil-mit-Codetastatur-onuu5tqduapwtnv0v8lacxgpcleey4javfyod0ydac.png\",\"datePublished\":\"2020-03-12T08:38:29+00:00\",\"dateModified\":\"2020-07-23T13:24:28+00:00\",\"description\":\"Wir bieten Produkte f\u00fcr Ihren Einbruchschutz: Alarmanlagen, Kamaera\u00fcberwachung, Gefahrenmelder. Gerald Puttinger - Ihr Profi in Sachen Einbruchschutz!\",\"breadcrumb\":{\"@id\":\"https:\/\/alarmanlagen-puttinger.at\/index.php\/einbruchschutz\/#breadcrumb\"},\"inLanguage\":\"de\",\"potentialAction\":[{\"@type\":\"ReadAction\",\"target\":[\"https:\/\/alarmanlagen-puttinger.at\/index.php\/einbruchschutz\/\"]}]},{\"@type\":\"ImageObject\",\"inLanguage\":\"de\",\"@id\":\"https:\/\/alarmanlagen-puttinger.at\/index.php\/einbruchschutz\/#primaryimage\",\"url\":\"https:\/\/alarmanlagen-puttinger.at\/wp-content\/uploads\/elementor\/thumbs\/Jablotron-100_Bedienteile_-BUS-Bedienteil-mit-Codetastatur-onuu5tqduapwtnv0v8lacxgpcleey4javfyod0ydac.png\",\"contentUrl\":\"https:\/\/alarmanlagen-puttinger.at\/wp-content\/uploads\/elementor\/thumbs\/Jablotron-100_Bedienteile_-BUS-Bedienteil-mit-Codetastatur-onuu5tqduapwtnv0v8lacxgpcleey4javfyod0ydac.png\"},{\"@type\":\"BreadcrumbList\",\"@id\":\"https:\/\/alarmanlagen-puttinger.at\/index.php\/einbruchschutz\/#breadcrumb\",\"itemListElement\":[{\"@type\":\"ListItem\",\"position\":1,\"name\":\"Home\",\"item\":\"https:\/\/alarmanlagen-puttinger.at\/\"},{\"@type\":\"ListItem\",\"position\":2,\"name\":\"Produkte\"}]},{\"@type\":\"WebSite\",\"@id\":\"https:\/\/alarmanlagen-puttinger.at\/#website\",\"url\":\"https:\/\/alarmanlagen-puttinger.at\/\",\"name\":\"Puttinger\",\"description\":\"Just another WordPress site\",\"potentialAction\":[{\"@type\":\"SearchAction\",\"target\":{\"@type\":\"EntryPoint\",\"urlTemplate\":\"https:\/\/alarmanlagen-puttinger.at\/?s={search_term_string}\"},\"query-input\":{\"@type\":\"PropertyValueSpecification\",\"valueRequired\":true,\"valueName\":\"search_term_string\"}}],\"inLanguage\":\"de\"}]}<\/script>\n<!-- \/ Yoast SEO Premium plugin. -->","yoast_head_json":{"title":"Einbruchschutz I Puttinger - Alarmanlagen&Kamera\u00fcberwachungssysteme","description":"Wir bieten Produkte f\u00fcr Ihren Einbruchschutz: Alarmanlagen, Kamaera\u00fcberwachung, Gefahrenmelder. Gerald Puttinger - Ihr Profi in Sachen Einbruchschutz!","robots":{"index":"index","follow":"follow","max-snippet":"max-snippet:-1","max-image-preview":"max-image-preview:large","max-video-preview":"max-video-preview:-1"},"canonical":"https:\/\/alarmanlagen-puttinger.at\/index.php\/einbruchschutz\/","og_locale":"de_DE","og_type":"article","og_title":"Produkte","og_description":"Wir bieten Produkte f\u00fcr Ihren Einbruchschutz: Alarmanlagen, Kamaera\u00fcberwachung, Gefahrenmelder. Gerald Puttinger - Ihr Profi in Sachen Einbruchschutz!","og_url":"https:\/\/alarmanlagen-puttinger.at\/index.php\/einbruchschutz\/","og_site_name":"Puttinger","article_modified_time":"2020-07-23T13:24:28+00:00","og_image":[{"url":"https:\/\/alarmanlagen-puttinger.at\/wp-content\/uploads\/elementor\/thumbs\/Jablotron-100_Bedienteile_-BUS-Bedienteil-mit-Codetastatur-onuu5tqduapwtnv0v8lacxgpcleey4javfyod0ydac.png","type":"","width":"","height":""}],"twitter_card":"summary_large_image","schema":{"@context":"https:\/\/schema.org","@graph":[{"@type":"WebPage","@id":"https:\/\/alarmanlagen-puttinger.at\/index.php\/einbruchschutz\/","url":"https:\/\/alarmanlagen-puttinger.at\/index.php\/einbruchschutz\/","name":"Einbruchschutz I Puttinger - Alarmanlagen&Kamera\u00fcberwachungssysteme","isPartOf":{"@id":"https:\/\/alarmanlagen-puttinger.at\/#website"},"primaryImageOfPage":{"@id":"https:\/\/alarmanlagen-puttinger.at\/index.php\/einbruchschutz\/#primaryimage"},"image":{"@id":"https:\/\/alarmanlagen-puttinger.at\/index.php\/einbruchschutz\/#primaryimage"},"thumbnailUrl":"https:\/\/alarmanlagen-puttinger.at\/wp-content\/uploads\/elementor\/thumbs\/Jablotron-100_Bedienteile_-BUS-Bedienteil-mit-Codetastatur-onuu5tqduapwtnv0v8lacxgpcleey4javfyod0ydac.png","datePublished":"2020-03-12T08:38:29+00:00","dateModified":"2020-07-23T13:24:28+00:00","description":"Wir bieten Produkte f\u00fcr Ihren Einbruchschutz: Alarmanlagen, Kamaera\u00fcberwachung, Gefahrenmelder. Gerald Puttinger - Ihr Profi in Sachen Einbruchschutz!","breadcrumb":{"@id":"https:\/\/alarmanlagen-puttinger.at\/index.php\/einbruchschutz\/#breadcrumb"},"inLanguage":"de","potentialAction":[{"@type":"ReadAction","target":["https:\/\/alarmanlagen-puttinger.at\/index.php\/einbruchschutz\/"]}]},{"@type":"ImageObject","inLanguage":"de","@id":"https:\/\/alarmanlagen-puttinger.at\/index.php\/einbruchschutz\/#primaryimage","url":"https:\/\/alarmanlagen-puttinger.at\/wp-content\/uploads\/elementor\/thumbs\/Jablotron-100_Bedienteile_-BUS-Bedienteil-mit-Codetastatur-onuu5tqduapwtnv0v8lacxgpcleey4javfyod0ydac.png","contentUrl":"https:\/\/alarmanlagen-puttinger.at\/wp-content\/uploads\/elementor\/thumbs\/Jablotron-100_Bedienteile_-BUS-Bedienteil-mit-Codetastatur-onuu5tqduapwtnv0v8lacxgpcleey4javfyod0ydac.png"},{"@type":"BreadcrumbList","@id":"https:\/\/alarmanlagen-puttinger.at\/index.php\/einbruchschutz\/#breadcrumb","itemListElement":[{"@type":"ListItem","position":1,"name":"Home","item":"https:\/\/alarmanlagen-puttinger.at\/"},{"@type":"ListItem","position":2,"name":"Produkte"}]},{"@type":"WebSite","@id":"https:\/\/alarmanlagen-puttinger.at\/#website","url":"https:\/\/alarmanlagen-puttinger.at\/","name":"Puttinger","description":"Just another WordPress site","potentialAction":[{"@type":"SearchAction","target":{"@type":"EntryPoint","urlTemplate":"https:\/\/alarmanlagen-puttinger.at\/?s={search_term_string}"},"query-input":{"@type":"PropertyValueSpecification","valueRequired":true,"valueName":"search_term_string"}}],"inLanguage":"de"}]}},"_links":{"self":[{"href":"https:\/\/alarmanlagen-puttinger.at\/index.php\/wp-json\/wp\/v2\/pages\/671","targetHints":{"allow":["GET"]}}],"collection":[{"href":"https:\/\/alarmanlagen-puttinger.at\/index.php\/wp-json\/wp\/v2\/pages"}],"about":[{"href":"https:\/\/alarmanlagen-puttinger.at\/index.php\/wp-json\/wp\/v2\/types\/page"}],"author":[{"embeddable":true,"href":"https:\/\/alarmanlagen-puttinger.at\/index.php\/wp-json\/wp\/v2\/users\/2"}],"replies":[{"embeddable":true,"href":"https:\/\/alarmanlagen-puttinger.at\/index.php\/wp-json\/wp\/v2\/comments?post=671"}],"version-history":[{"count":34,"href":"https:\/\/alarmanlagen-puttinger.at\/index.php\/wp-json\/wp\/v2\/pages\/671\/revisions"}],"predecessor-version":[{"id":1235,"href":"https:\/\/alarmanlagen-puttinger.at\/index.php\/wp-json\/wp\/v2\/pages\/671\/revisions\/1235"}],"wp:attachment":[{"href":"https:\/\/alarmanlagen-puttinger.at\/index.php\/wp-json\/wp\/v2\/media?parent=671"}],"curies":[{"name":"wp","href":"https:\/\/api.w.org\/{rel}","templated":true}]}}