{"id":735,"date":"2020-04-07T20:16:19","date_gmt":"2020-04-07T20:16:19","guid":{"rendered":"https:\/\/alarmanlagen-puttinger.at\/?page_id=735"},"modified":"2022-08-18T13:15:22","modified_gmt":"2022-08-18T13:15:22","slug":"sicherheitstechnik","status":"publish","type":"page","link":"https:\/\/alarmanlagen-puttinger.at\/index.php\/sicherheitstechnik\/","title":{"rendered":"Unternehmen"},"content":{"rendered":"\t\t<div data-elementor-type=\"wp-page\" data-elementor-id=\"735\" class=\"elementor elementor-735\" data-elementor-post-type=\"page\">\n\t\t\t\t\t\t<section class=\"elementor-section elementor-top-section elementor-element elementor-element-63b9db1 elementor-section-boxed elementor-section-height-default elementor-section-height-default\" data-id=\"63b9db1\" data-element_type=\"section\">\n\t\t\t\t\t\t<div class=\"elementor-container elementor-column-gap-default\">\n\t\t\t\t\t<div class=\"elementor-column elementor-col-100 elementor-top-column elementor-element elementor-element-4e3cff0\" data-id=\"4e3cff0\" data-element_type=\"column\">\n\t\t\t<div class=\"elementor-widget-wrap elementor-element-populated\">\n\t\t\t\t\t\t<div class=\"elementor-element elementor-element-5e5aa28 elementor-widget elementor-widget-heading\" data-id=\"5e5aa28\" data-element_type=\"widget\" data-widget_type=\"heading.default\">\n\t\t\t\t<div class=\"elementor-widget-container\">\n\t\t\t\t\t<h1 class=\"elementor-heading-title elementor-size-large\">UNTERNEHMEN<\/h1>\t\t\t\t<\/div>\n\t\t\t\t<\/div>\n\t\t\t\t\t<\/div>\n\t\t<\/div>\n\t\t\t\t\t<\/div>\n\t\t<\/section>\n\t\t\t\t<section class=\"elementor-section elementor-top-section elementor-element elementor-element-3f082d7 elementor-section-boxed elementor-section-height-default elementor-section-height-default\" data-id=\"3f082d7\" data-element_type=\"section\">\n\t\t\t\t\t\t<div class=\"elementor-container elementor-column-gap-default\">\n\t\t\t\t\t<div class=\"elementor-column elementor-col-100 elementor-top-column elementor-element elementor-element-fe8a7ac\" data-id=\"fe8a7ac\" data-element_type=\"column\">\n\t\t\t<div class=\"elementor-widget-wrap elementor-element-populated\">\n\t\t\t\t\t\t<div class=\"elementor-element elementor-element-0638298 elementor-widget-divider--view-line elementor-widget elementor-widget-divider\" data-id=\"0638298\" data-element_type=\"widget\" data-widget_type=\"divider.default\">\n\t\t\t\t<div class=\"elementor-widget-container\">\n\t\t\t\t\t\t\t<div class=\"elementor-divider\">\n\t\t\t<span class=\"elementor-divider-separator\">\n\t\t\t\t\t\t<\/span>\n\t\t<\/div>\n\t\t\t\t\t\t<\/div>\n\t\t\t\t<\/div>\n\t\t\t\t\t<\/div>\n\t\t<\/div>\n\t\t\t\t\t<\/div>\n\t\t<\/section>\n\t\t\t\t<section class=\"elementor-section elementor-top-section elementor-element elementor-element-1bcebe7 elementor-section-boxed elementor-section-height-default elementor-section-height-default\" data-id=\"1bcebe7\" data-element_type=\"section\">\n\t\t\t\t\t\t<div class=\"elementor-container elementor-column-gap-default\">\n\t\t\t\t\t<div class=\"elementor-column elementor-col-100 elementor-top-column elementor-element elementor-element-e9365b3\" data-id=\"e9365b3\" data-element_type=\"column\">\n\t\t\t<div class=\"elementor-widget-wrap elementor-element-populated\">\n\t\t\t\t\t\t<div class=\"elementor-element elementor-element-dd1e008 elementor-widget elementor-widget-spacer\" data-id=\"dd1e008\" data-element_type=\"widget\" data-widget_type=\"spacer.default\">\n\t\t\t\t<div class=\"elementor-widget-container\">\n\t\t\t\t\t\t\t<div class=\"elementor-spacer\">\n\t\t\t<div class=\"elementor-spacer-inner\"><\/div>\n\t\t<\/div>\n\t\t\t\t\t\t<\/div>\n\t\t\t\t<\/div>\n\t\t\t\t<div class=\"elementor-element elementor-element-7e77cec elementor-widget elementor-widget-text-editor\" data-id=\"7e77cec\" data-element_type=\"widget\" data-widget_type=\"text-editor.default\">\n\t\t\t\t<div class=\"elementor-widget-container\">\n\t\t\t\t\t\t\t\t\t<h5>Alarmanlagen Puttinger steht f\u00fcr Erfahrung und Qualit\u00e4t.<\/h5>\n<p><strong>Unsere Erfahrung ist Ihre Sicherheit.<\/strong> Durch unsere jahrelange Erfahrung k\u00f6nnen wir unseren Kunden ein fundiertes Fachwissen in vielen Belangen der Sicherheitstechnik und verschiedenster Sicherheitssysteme bieten. Wir nehmen uns Zeit f\u00fcr Ihre ganz pers\u00f6nlichen W\u00fcnsche und erstellen Ihnen ein kostenloses und unverbindliches Angebot &#8211; egal ob f\u00fcr Privathaus, Firma, Gastronomie oder Landwirtschaft.<\/p>\n<p><strong>Unsere Qualit\u00e4t ist Ihr Vorsprung.<\/strong> Durch starke Netzwerke und namhafte Partner k\u00f6nnen wir unseren Kunden den Einsatz neuester Technologien und Innovationen rund um das Thema Schutz und Einbruchschutz versprechen. Als Verkaufs- und Servicepartner von Jablotron bieten wir zudem einen Service, den nur ein Fachbetrieb bieten kann: Planung, Verkauf, Lieferung, Installation und Wartung &#8211; alles aus einer Hand!<\/p>\n<div class=\"cols2 cols clearfix\">\n<div class=\"col colspan \">&nbsp;<\/div>\n<\/div>\t\t\t\t\t\t\t\t<\/div>\n\t\t\t\t<\/div>\n\t\t\t\t\t<\/div>\n\t\t<\/div>\n\t\t\t\t\t<\/div>\n\t\t<\/section>\n\t\t\t\t<section class=\"elementor-section elementor-top-section elementor-element elementor-element-e403199 elementor-section-boxed elementor-section-height-default elementor-section-height-default\" data-id=\"e403199\" data-element_type=\"section\">\n\t\t\t\t\t\t<div class=\"elementor-container elementor-column-gap-default\">\n\t\t\t\t\t<div class=\"elementor-column elementor-col-50 elementor-top-column elementor-element elementor-element-7c90b65\" data-id=\"7c90b65\" data-element_type=\"column\">\n\t\t\t<div class=\"elementor-widget-wrap elementor-element-populated\">\n\t\t\t\t\t\t<div class=\"elementor-element elementor-element-aecd4e2 elementor-button-info elementor-align-right elementor-widget elementor-widget-button\" data-id=\"aecd4e2\" data-element_type=\"widget\" data-widget_type=\"button.default\">\n\t\t\t\t<div class=\"elementor-widget-container\">\n\t\t\t\t\t\t\t\t\t<div class=\"elementor-button-wrapper\">\n\t\t\t\t\t<a class=\"elementor-button elementor-button-link elementor-size-lg\" href=\"https:\/\/alarmanlagen-puttinger.at\/index.php\/sicherheitssysteme\">\n\t\t\t\t\t\t<span class=\"elementor-button-content-wrapper\">\n\t\t\t\t\t\t<span class=\"elementor-button-icon\">\n\t\t\t\t<i aria-hidden=\"true\" class=\"fas fa-clipboard-list\"><\/i>\t\t\t<\/span>\n\t\t\t\t\t\t\t\t\t<span class=\"elementor-button-text\">- \u00dcber Uns<\/span>\n\t\t\t\t\t<\/span>\n\t\t\t\t\t<\/a>\n\t\t\t\t<\/div>\n\t\t\t\t\t\t\t\t<\/div>\n\t\t\t\t<\/div>\n\t\t\t\t\t<\/div>\n\t\t<\/div>\n\t\t\t\t<div class=\"elementor-column elementor-col-50 elementor-top-column elementor-element elementor-element-e0ced6a\" data-id=\"e0ced6a\" data-element_type=\"column\">\n\t\t\t<div class=\"elementor-widget-wrap elementor-element-populated\">\n\t\t\t\t\t\t<div class=\"elementor-element elementor-element-323b5de elementor-button-info elementor-align-left elementor-widget elementor-widget-button\" data-id=\"323b5de\" data-element_type=\"widget\" data-widget_type=\"button.default\">\n\t\t\t\t<div class=\"elementor-widget-container\">\n\t\t\t\t\t\t\t\t\t<div class=\"elementor-button-wrapper\">\n\t\t\t\t\t<a class=\"elementor-button elementor-button-link elementor-size-lg\" href=\"https:\/\/alarmanlagen-puttinger.at\/index.php\/team\/\">\n\t\t\t\t\t\t<span class=\"elementor-button-content-wrapper\">\n\t\t\t\t\t\t<span class=\"elementor-button-icon\">\n\t\t\t\t<i aria-hidden=\"true\" class=\"fas fa-users\"><\/i>\t\t\t<\/span>\n\t\t\t\t\t\t\t\t\t<span class=\"elementor-button-text\">- Team<\/span>\n\t\t\t\t\t<\/span>\n\t\t\t\t\t<\/a>\n\t\t\t\t<\/div>\n\t\t\t\t\t\t\t\t<\/div>\n\t\t\t\t<\/div>\n\t\t\t\t\t<\/div>\n\t\t<\/div>\n\t\t\t\t\t<\/div>\n\t\t<\/section>\n\t\t\t\t<section class=\"elementor-section elementor-top-section elementor-element elementor-element-3999010 elementor-section-boxed elementor-section-height-default elementor-section-height-default\" data-id=\"3999010\" data-element_type=\"section\">\n\t\t\t\t\t\t<div class=\"elementor-container elementor-column-gap-default\">\n\t\t\t\t\t<div class=\"elementor-column elementor-col-100 elementor-top-column elementor-element elementor-element-0657808\" data-id=\"0657808\" data-element_type=\"column\">\n\t\t\t<div class=\"elementor-widget-wrap elementor-element-populated\">\n\t\t\t\t\t\t<div class=\"elementor-element elementor-element-e74a686 elementor-widget elementor-widget-spacer\" data-id=\"e74a686\" data-element_type=\"widget\" data-widget_type=\"spacer.default\">\n\t\t\t\t<div class=\"elementor-widget-container\">\n\t\t\t\t\t\t\t<div class=\"elementor-spacer\">\n\t\t\t<div class=\"elementor-spacer-inner\"><\/div>\n\t\t<\/div>\n\t\t\t\t\t\t<\/div>\n\t\t\t\t<\/div>\n\t\t\t\t<div class=\"elementor-element elementor-element-7be7be2 elementor-widget elementor-widget-image\" data-id=\"7be7be2\" data-element_type=\"widget\" data-widget_type=\"image.default\">\n\t\t\t\t<div class=\"elementor-widget-container\">\n\t\t\t\t\t\t\t\t\t\t\t\t\t\t\t\t<a href=\"https:\/\/alarmanlagen-puttinger.at\/wp-content\/uploads\/2020\/04\/Alarmanlagen-Puttinger_Unternehmen.jpg\" data-elementor-open-lightbox=\"yes\" data-elementor-lightbox-title=\"Alarmanlagen Puttinger- Sicherheitstechnik und Sicherheitssysteme\" data-elementor-lightbox-description=\"Alarmanlagen Puttinger steht f\u00fcr Erfahrung und Qualit\u00e4t.\" data-e-action-hash=\"#elementor-action%3Aaction%3Dlightbox%26settings%3DeyJpZCI6ODA3LCJ1cmwiOiJodHRwczpcL1wvYWxhcm1hbmxhZ2VuLXB1dHRpbmdlci5hdFwvd3AtY29udGVudFwvdXBsb2Fkc1wvMjAyMFwvMDRcL0FsYXJtYW5sYWdlbi1QdXR0aW5nZXJfVW50ZXJuZWhtZW4uanBnIn0%3D\">\n\t\t\t\t\t\t\t<img fetchpriority=\"high\" decoding=\"async\" width=\"550\" height=\"400\" src=\"https:\/\/alarmanlagen-puttinger.at\/wp-content\/uploads\/2020\/04\/Alarmanlagen-Puttinger_Unternehmen-550x400.jpg\" class=\"attachment-sydney-medium-thumb size-sydney-medium-thumb wp-image-807\" alt=\"Alarmanlagen Puttinger- Sicherheitstechnik und Sicherheitssysteme\" \/>\t\t\t\t\t\t\t\t<\/a>\n\t\t\t\t\t\t\t\t\t\t\t\t\t\t\t<\/div>\n\t\t\t\t<\/div>\n\t\t\t\t<div class=\"elementor-element elementor-element-664f947 elementor-widget elementor-widget-spacer\" data-id=\"664f947\" data-element_type=\"widget\" data-widget_type=\"spacer.default\">\n\t\t\t\t<div class=\"elementor-widget-container\">\n\t\t\t\t\t\t\t<div class=\"elementor-spacer\">\n\t\t\t<div class=\"elementor-spacer-inner\"><\/div>\n\t\t<\/div>\n\t\t\t\t\t\t<\/div>\n\t\t\t\t<\/div>\n\t\t\t\t<div class=\"elementor-element elementor-element-2081b4f elementor-button-danger elementor-align-center elementor-widget elementor-widget-button\" data-id=\"2081b4f\" data-element_type=\"widget\" data-widget_type=\"button.default\">\n\t\t\t\t<div class=\"elementor-widget-container\">\n\t\t\t\t\t\t\t\t\t<div class=\"elementor-button-wrapper\">\n\t\t\t\t\t<a class=\"elementor-button elementor-button-link elementor-size-md\" href=\"https:\/\/alarmanlagen-puttinger.at\/index.php\/kontakt\/\">\n\t\t\t\t\t\t<span class=\"elementor-button-content-wrapper\">\n\t\t\t\t\t\t\t\t\t<span class=\"elementor-button-text\">Kontakt<\/span>\n\t\t\t\t\t<\/span>\n\t\t\t\t\t<\/a>\n\t\t\t\t<\/div>\n\t\t\t\t\t\t\t\t<\/div>\n\t\t\t\t<\/div>\n\t\t\t\t\t<\/div>\n\t\t<\/div>\n\t\t\t\t\t<\/div>\n\t\t<\/section>\n\t\t\t\t<\/div>\n\t\t","protected":false},"excerpt":{"rendered":"<p>UNTERNEHMEN Alarmanlagen Puttinger steht f\u00fcr Erfahrung und Qualit\u00e4t. Unsere Erfahrung ist Ihre Sicherheit. Durch unsere jahrelange Erfahrung k\u00f6nnen wir unseren Kunden ein [&hellip;]<\/p>\n","protected":false},"author":2,"featured_media":0,"parent":0,"menu_order":0,"comment_status":"closed","ping_status":"closed","template":"elementor_header_footer","meta":{"footnotes":""},"class_list":["post-735","page","type-page","status-publish","hentry"],"yoast_head":"<!-- This site is optimized with the Yoast SEO Premium plugin v26.6 (Yoast SEO v26.6) - https:\/\/yoast.com\/wordpress\/plugins\/seo\/ -->\n<title>Sicherheitstechnik I Gerald Puttinger - Sicherheitstechnik und mehr<\/title>\n<meta name=\"description\" content=\"Wir bieten ein fundiertes Fachwissen in vielen Belangen der Sicherheitstechnik &amp; verschiedenster Sicherheitssysteme. Basis ist unsere jahrelange Erfahrung.\" \/>\n<meta name=\"robots\" content=\"index, follow, max-snippet:-1, max-image-preview:large, max-video-preview:-1\" \/>\n<link rel=\"canonical\" href=\"https:\/\/alarmanlagen-puttinger.at\/index.php\/sicherheitstechnik\/\" \/>\n<meta property=\"og:locale\" content=\"de_DE\" \/>\n<meta property=\"og:type\" content=\"article\" \/>\n<meta property=\"og:title\" content=\"Unternehmen\" \/>\n<meta property=\"og:description\" content=\"Wir bieten ein fundiertes Fachwissen in vielen Belangen der Sicherheitstechnik &amp; verschiedenster Sicherheitssysteme. Basis ist unsere jahrelange Erfahrung.\" \/>\n<meta property=\"og:url\" content=\"https:\/\/alarmanlagen-puttinger.at\/index.php\/sicherheitstechnik\/\" \/>\n<meta property=\"og:site_name\" content=\"Puttinger\" \/>\n<meta property=\"article:modified_time\" content=\"2022-08-18T13:15:22+00:00\" \/>\n<meta property=\"og:image\" content=\"https:\/\/alarmanlagen-puttinger.at\/wp-content\/uploads\/2020\/04\/Alarmanlagen-Puttinger_Unternehmen-550x400.jpg\" \/>\n<meta name=\"twitter:card\" content=\"summary_large_image\" \/>\n<meta name=\"twitter:label1\" content=\"Gesch\u00e4tzte Lesezeit\" \/>\n\t<meta name=\"twitter:data1\" content=\"1\u00a0Minute\" \/>\n<script type=\"application\/ld+json\" class=\"yoast-schema-graph\">{\"@context\":\"https:\/\/schema.org\",\"@graph\":[{\"@type\":\"WebPage\",\"@id\":\"https:\/\/alarmanlagen-puttinger.at\/index.php\/sicherheitstechnik\/\",\"url\":\"https:\/\/alarmanlagen-puttinger.at\/index.php\/sicherheitstechnik\/\",\"name\":\"Sicherheitstechnik I Gerald Puttinger - Sicherheitstechnik und mehr\",\"isPartOf\":{\"@id\":\"https:\/\/alarmanlagen-puttinger.at\/#website\"},\"primaryImageOfPage\":{\"@id\":\"https:\/\/alarmanlagen-puttinger.at\/index.php\/sicherheitstechnik\/#primaryimage\"},\"image\":{\"@id\":\"https:\/\/alarmanlagen-puttinger.at\/index.php\/sicherheitstechnik\/#primaryimage\"},\"thumbnailUrl\":\"https:\/\/alarmanlagen-puttinger.at\/wp-content\/uploads\/2020\/04\/Alarmanlagen-Puttinger_Unternehmen-550x400.jpg\",\"datePublished\":\"2020-04-07T20:16:19+00:00\",\"dateModified\":\"2022-08-18T13:15:22+00:00\",\"description\":\"Wir bieten ein fundiertes Fachwissen in vielen Belangen der Sicherheitstechnik & verschiedenster Sicherheitssysteme. Basis ist unsere jahrelange Erfahrung.\",\"breadcrumb\":{\"@id\":\"https:\/\/alarmanlagen-puttinger.at\/index.php\/sicherheitstechnik\/#breadcrumb\"},\"inLanguage\":\"de\",\"potentialAction\":[{\"@type\":\"ReadAction\",\"target\":[\"https:\/\/alarmanlagen-puttinger.at\/index.php\/sicherheitstechnik\/\"]}]},{\"@type\":\"ImageObject\",\"inLanguage\":\"de\",\"@id\":\"https:\/\/alarmanlagen-puttinger.at\/index.php\/sicherheitstechnik\/#primaryimage\",\"url\":\"https:\/\/alarmanlagen-puttinger.at\/wp-content\/uploads\/2020\/04\/Alarmanlagen-Puttinger_Unternehmen.jpg\",\"contentUrl\":\"https:\/\/alarmanlagen-puttinger.at\/wp-content\/uploads\/2020\/04\/Alarmanlagen-Puttinger_Unternehmen.jpg\",\"width\":903,\"height\":602,\"caption\":\"Alarmanlagen Puttinger- Sicherheitstechnik und Sicherheitssysteme\"},{\"@type\":\"BreadcrumbList\",\"@id\":\"https:\/\/alarmanlagen-puttinger.at\/index.php\/sicherheitstechnik\/#breadcrumb\",\"itemListElement\":[{\"@type\":\"ListItem\",\"position\":1,\"name\":\"Home\",\"item\":\"https:\/\/alarmanlagen-puttinger.at\/\"},{\"@type\":\"ListItem\",\"position\":2,\"name\":\"Unternehmen\"}]},{\"@type\":\"WebSite\",\"@id\":\"https:\/\/alarmanlagen-puttinger.at\/#website\",\"url\":\"https:\/\/alarmanlagen-puttinger.at\/\",\"name\":\"Puttinger\",\"description\":\"Just another WordPress site\",\"potentialAction\":[{\"@type\":\"SearchAction\",\"target\":{\"@type\":\"EntryPoint\",\"urlTemplate\":\"https:\/\/alarmanlagen-puttinger.at\/?s={search_term_string}\"},\"query-input\":{\"@type\":\"PropertyValueSpecification\",\"valueRequired\":true,\"valueName\":\"search_term_string\"}}],\"inLanguage\":\"de\"}]}<\/script>\n<!-- \/ Yoast SEO Premium plugin. -->","yoast_head_json":{"title":"Sicherheitstechnik I Gerald Puttinger - Sicherheitstechnik und mehr","description":"Wir bieten ein fundiertes Fachwissen in vielen Belangen der Sicherheitstechnik & verschiedenster Sicherheitssysteme. Basis ist unsere jahrelange Erfahrung.","robots":{"index":"index","follow":"follow","max-snippet":"max-snippet:-1","max-image-preview":"max-image-preview:large","max-video-preview":"max-video-preview:-1"},"canonical":"https:\/\/alarmanlagen-puttinger.at\/index.php\/sicherheitstechnik\/","og_locale":"de_DE","og_type":"article","og_title":"Unternehmen","og_description":"Wir bieten ein fundiertes Fachwissen in vielen Belangen der Sicherheitstechnik & verschiedenster Sicherheitssysteme. Basis ist unsere jahrelange Erfahrung.","og_url":"https:\/\/alarmanlagen-puttinger.at\/index.php\/sicherheitstechnik\/","og_site_name":"Puttinger","article_modified_time":"2022-08-18T13:15:22+00:00","og_image":[{"url":"https:\/\/alarmanlagen-puttinger.at\/wp-content\/uploads\/2020\/04\/Alarmanlagen-Puttinger_Unternehmen-550x400.jpg","type":"","width":"","height":""}],"twitter_card":"summary_large_image","twitter_misc":{"Gesch\u00e4tzte Lesezeit":"1\u00a0Minute"},"schema":{"@context":"https:\/\/schema.org","@graph":[{"@type":"WebPage","@id":"https:\/\/alarmanlagen-puttinger.at\/index.php\/sicherheitstechnik\/","url":"https:\/\/alarmanlagen-puttinger.at\/index.php\/sicherheitstechnik\/","name":"Sicherheitstechnik I Gerald Puttinger - Sicherheitstechnik und mehr","isPartOf":{"@id":"https:\/\/alarmanlagen-puttinger.at\/#website"},"primaryImageOfPage":{"@id":"https:\/\/alarmanlagen-puttinger.at\/index.php\/sicherheitstechnik\/#primaryimage"},"image":{"@id":"https:\/\/alarmanlagen-puttinger.at\/index.php\/sicherheitstechnik\/#primaryimage"},"thumbnailUrl":"https:\/\/alarmanlagen-puttinger.at\/wp-content\/uploads\/2020\/04\/Alarmanlagen-Puttinger_Unternehmen-550x400.jpg","datePublished":"2020-04-07T20:16:19+00:00","dateModified":"2022-08-18T13:15:22+00:00","description":"Wir bieten ein fundiertes Fachwissen in vielen Belangen der Sicherheitstechnik & verschiedenster Sicherheitssysteme. Basis ist unsere jahrelange Erfahrung.","breadcrumb":{"@id":"https:\/\/alarmanlagen-puttinger.at\/index.php\/sicherheitstechnik\/#breadcrumb"},"inLanguage":"de","potentialAction":[{"@type":"ReadAction","target":["https:\/\/alarmanlagen-puttinger.at\/index.php\/sicherheitstechnik\/"]}]},{"@type":"ImageObject","inLanguage":"de","@id":"https:\/\/alarmanlagen-puttinger.at\/index.php\/sicherheitstechnik\/#primaryimage","url":"https:\/\/alarmanlagen-puttinger.at\/wp-content\/uploads\/2020\/04\/Alarmanlagen-Puttinger_Unternehmen.jpg","contentUrl":"https:\/\/alarmanlagen-puttinger.at\/wp-content\/uploads\/2020\/04\/Alarmanlagen-Puttinger_Unternehmen.jpg","width":903,"height":602,"caption":"Alarmanlagen Puttinger- Sicherheitstechnik und Sicherheitssysteme"},{"@type":"BreadcrumbList","@id":"https:\/\/alarmanlagen-puttinger.at\/index.php\/sicherheitstechnik\/#breadcrumb","itemListElement":[{"@type":"ListItem","position":1,"name":"Home","item":"https:\/\/alarmanlagen-puttinger.at\/"},{"@type":"ListItem","position":2,"name":"Unternehmen"}]},{"@type":"WebSite","@id":"https:\/\/alarmanlagen-puttinger.at\/#website","url":"https:\/\/alarmanlagen-puttinger.at\/","name":"Puttinger","description":"Just another WordPress site","potentialAction":[{"@type":"SearchAction","target":{"@type":"EntryPoint","urlTemplate":"https:\/\/alarmanlagen-puttinger.at\/?s={search_term_string}"},"query-input":{"@type":"PropertyValueSpecification","valueRequired":true,"valueName":"search_term_string"}}],"inLanguage":"de"}]}},"_links":{"self":[{"href":"https:\/\/alarmanlagen-puttinger.at\/index.php\/wp-json\/wp\/v2\/pages\/735","targetHints":{"allow":["GET"]}}],"collection":[{"href":"https:\/\/alarmanlagen-puttinger.at\/index.php\/wp-json\/wp\/v2\/pages"}],"about":[{"href":"https:\/\/alarmanlagen-puttinger.at\/index.php\/wp-json\/wp\/v2\/types\/page"}],"author":[{"embeddable":true,"href":"https:\/\/alarmanlagen-puttinger.at\/index.php\/wp-json\/wp\/v2\/users\/2"}],"replies":[{"embeddable":true,"href":"https:\/\/alarmanlagen-puttinger.at\/index.php\/wp-json\/wp\/v2\/comments?post=735"}],"version-history":[{"count":28,"href":"https:\/\/alarmanlagen-puttinger.at\/index.php\/wp-json\/wp\/v2\/pages\/735\/revisions"}],"predecessor-version":[{"id":1426,"href":"https:\/\/alarmanlagen-puttinger.at\/index.php\/wp-json\/wp\/v2\/pages\/735\/revisions\/1426"}],"wp:attachment":[{"href":"https:\/\/alarmanlagen-puttinger.at\/index.php\/wp-json\/wp\/v2\/media?parent=735"}],"curies":[{"name":"wp","href":"https:\/\/api.w.org\/{rel}","templated":true}]}}