{"id":745,"date":"2020-04-07T21:25:39","date_gmt":"2020-04-07T21:25:39","guid":{"rendered":"https:\/\/alarmanlagen-puttinger.at\/?page_id=745"},"modified":"2020-07-23T13:59:33","modified_gmt":"2020-07-23T13:59:33","slug":"sicherheitssysteme","status":"publish","type":"page","link":"https:\/\/alarmanlagen-puttinger.at\/index.php\/sicherheitssysteme\/","title":{"rendered":"\u00dcber uns"},"content":{"rendered":"\t\t<div data-elementor-type=\"wp-page\" data-elementor-id=\"745\" class=\"elementor elementor-745\" data-elementor-post-type=\"page\">\n\t\t\t\t\t\t<section class=\"elementor-section elementor-top-section elementor-element elementor-element-63b9db1 elementor-section-boxed elementor-section-height-default elementor-section-height-default\" data-id=\"63b9db1\" data-element_type=\"section\">\n\t\t\t\t\t\t<div class=\"elementor-container elementor-column-gap-default\">\n\t\t\t\t\t<div class=\"elementor-column elementor-col-100 elementor-top-column elementor-element elementor-element-4e3cff0\" data-id=\"4e3cff0\" data-element_type=\"column\">\n\t\t\t<div class=\"elementor-widget-wrap elementor-element-populated\">\n\t\t\t\t\t\t<div class=\"elementor-element elementor-element-5e5aa28 elementor-widget elementor-widget-heading\" data-id=\"5e5aa28\" data-element_type=\"widget\" data-widget_type=\"heading.default\">\n\t\t\t\t<div class=\"elementor-widget-container\">\n\t\t\t\t\t<h1 class=\"elementor-heading-title elementor-size-large\">\u00dcBER UNS<\/h1>\t\t\t\t<\/div>\n\t\t\t\t<\/div>\n\t\t\t\t\t<\/div>\n\t\t<\/div>\n\t\t\t\t\t<\/div>\n\t\t<\/section>\n\t\t\t\t<section class=\"elementor-section elementor-top-section elementor-element elementor-element-3f082d7 elementor-section-boxed elementor-section-height-default elementor-section-height-default\" data-id=\"3f082d7\" data-element_type=\"section\">\n\t\t\t\t\t\t<div class=\"elementor-container elementor-column-gap-default\">\n\t\t\t\t\t<div class=\"elementor-column elementor-col-100 elementor-top-column elementor-element elementor-element-fe8a7ac\" data-id=\"fe8a7ac\" data-element_type=\"column\">\n\t\t\t<div class=\"elementor-widget-wrap elementor-element-populated\">\n\t\t\t\t\t\t<div class=\"elementor-element elementor-element-0638298 elementor-widget-divider--view-line elementor-widget elementor-widget-divider\" data-id=\"0638298\" data-element_type=\"widget\" data-widget_type=\"divider.default\">\n\t\t\t\t<div class=\"elementor-widget-container\">\n\t\t\t\t\t\t\t<div class=\"elementor-divider\">\n\t\t\t<span class=\"elementor-divider-separator\">\n\t\t\t\t\t\t<\/span>\n\t\t<\/div>\n\t\t\t\t\t\t<\/div>\n\t\t\t\t<\/div>\n\t\t\t\t\t<\/div>\n\t\t<\/div>\n\t\t\t\t\t<\/div>\n\t\t<\/section>\n\t\t\t\t<section class=\"elementor-section elementor-top-section elementor-element elementor-element-3999010 elementor-section-boxed elementor-section-height-default elementor-section-height-default\" data-id=\"3999010\" data-element_type=\"section\">\n\t\t\t\t\t\t<div class=\"elementor-container elementor-column-gap-default\">\n\t\t\t\t\t<div class=\"elementor-column elementor-col-100 elementor-top-column elementor-element elementor-element-0657808\" data-id=\"0657808\" data-element_type=\"column\">\n\t\t\t<div class=\"elementor-widget-wrap elementor-element-populated\">\n\t\t\t\t\t\t<div class=\"elementor-element elementor-element-3ea6512 elementor-widget elementor-widget-spacer\" data-id=\"3ea6512\" data-element_type=\"widget\" data-widget_type=\"spacer.default\">\n\t\t\t\t<div class=\"elementor-widget-container\">\n\t\t\t\t\t\t\t<div class=\"elementor-spacer\">\n\t\t\t<div class=\"elementor-spacer-inner\"><\/div>\n\t\t<\/div>\n\t\t\t\t\t\t<\/div>\n\t\t\t\t<\/div>\n\t\t\t\t<section class=\"elementor-section elementor-inner-section elementor-element elementor-element-cdb7f11 elementor-section-boxed elementor-section-height-default elementor-section-height-default\" data-id=\"cdb7f11\" data-element_type=\"section\">\n\t\t\t\t\t\t<div class=\"elementor-container elementor-column-gap-default\">\n\t\t\t\t\t<div class=\"elementor-column elementor-col-50 elementor-inner-column elementor-element elementor-element-da830b3\" data-id=\"da830b3\" data-element_type=\"column\">\n\t\t\t<div class=\"elementor-widget-wrap elementor-element-populated\">\n\t\t\t\t\t\t<div class=\"elementor-element elementor-element-7fdecfd elementor-widget elementor-widget-text-editor\" data-id=\"7fdecfd\" data-element_type=\"widget\" data-widget_type=\"text-editor.default\">\n\t\t\t\t<div class=\"elementor-widget-container\">\n\t\t\t\t\t\t\t\t\t<p><b>Alarmanlagen Puttinger &#8211; wir sorgen f\u00fcr Ihre Sicherheit!<\/b><\/p>\n<p>Kundenservice ist bei uns nicht nur ein Schlagwort. Mit unserer Erfahrung wissen wir ganz genau, worauf es ankommt &#8211; und dieses Wissen geben wir unseren Kunden weiter. Tag f\u00fcr Tag.<\/p>\n<p>Dabei bauen wir unsere Arbeit auf f\u00fcnf S\u00e4ulen:<\/p>\n<ul>\n<li>pers\u00f6nlicher Service<\/li>\n<li>beste Qualit\u00e4t<\/li>\n<li>Innovationen<\/li>\n<li>flexible Zeitgestaltung<\/li>\n<li>faire Preise<\/li>\n<\/ul>\t\t\t\t\t\t\t\t<\/div>\n\t\t\t\t<\/div>\n\t\t\t\t\t<\/div>\n\t\t<\/div>\n\t\t\t\t<div class=\"elementor-column elementor-col-50 elementor-inner-column elementor-element elementor-element-5c0bccc\" data-id=\"5c0bccc\" data-element_type=\"column\">\n\t\t\t<div class=\"elementor-widget-wrap elementor-element-populated\">\n\t\t\t\t\t\t<div class=\"elementor-element elementor-element-be48b8f elementor-invisible elementor-widget elementor-widget-image\" data-id=\"be48b8f\" data-element_type=\"widget\" data-settings=\"{&quot;motion_fx_motion_fx_mouse&quot;:&quot;yes&quot;,&quot;_animation&quot;:&quot;zoomIn&quot;}\" data-widget_type=\"image.default\">\n\t\t\t\t<div class=\"elementor-widget-container\">\n\t\t\t\t\t\t\t\t\t\t\t\t\t\t\t<img fetchpriority=\"high\" decoding=\"async\" width=\"1024\" height=\"683\" src=\"https:\/\/alarmanlagen-puttinger.at\/wp-content\/uploads\/2020\/04\/Alarmanlagen-Puttinger_\u00dcber-uns-1024x683.jpg\" class=\"attachment-large size-large wp-image-748\" alt=\"Alarmanlagen Puttinger- Sicherheitstechnik und Sicherheitssysteme\" srcset=\"https:\/\/alarmanlagen-puttinger.at\/wp-content\/uploads\/2020\/04\/Alarmanlagen-Puttinger_\u00dcber-uns-1024x683.jpg 1024w, https:\/\/alarmanlagen-puttinger.at\/wp-content\/uploads\/2020\/04\/Alarmanlagen-Puttinger_\u00dcber-uns-300x200.jpg 300w, https:\/\/alarmanlagen-puttinger.at\/wp-content\/uploads\/2020\/04\/Alarmanlagen-Puttinger_\u00dcber-uns-768x512.jpg 768w, https:\/\/alarmanlagen-puttinger.at\/wp-content\/uploads\/2020\/04\/Alarmanlagen-Puttinger_\u00dcber-uns-830x553.jpg 830w, https:\/\/alarmanlagen-puttinger.at\/wp-content\/uploads\/2020\/04\/Alarmanlagen-Puttinger_\u00dcber-uns-230x153.jpg 230w, https:\/\/alarmanlagen-puttinger.at\/wp-content\/uploads\/2020\/04\/Alarmanlagen-Puttinger_\u00dcber-uns-350x233.jpg 350w, https:\/\/alarmanlagen-puttinger.at\/wp-content\/uploads\/2020\/04\/Alarmanlagen-Puttinger_\u00dcber-uns-480x320.jpg 480w, https:\/\/alarmanlagen-puttinger.at\/wp-content\/uploads\/2020\/04\/Alarmanlagen-Puttinger_\u00dcber-uns.jpg 2048w\" sizes=\"(max-width: 1024px) 100vw, 1024px\" \/>\t\t\t\t\t\t\t\t\t\t\t\t\t\t\t<\/div>\n\t\t\t\t<\/div>\n\t\t\t\t\t<\/div>\n\t\t<\/div>\n\t\t\t\t\t<\/div>\n\t\t<\/section>\n\t\t\t\t<div class=\"elementor-element elementor-element-176a1fe elementor-widget elementor-widget-text-editor\" data-id=\"176a1fe\" data-element_type=\"widget\" data-widget_type=\"text-editor.default\">\n\t\t\t\t<div class=\"elementor-widget-container\">\n\t\t\t\t\t\t\t\t\t<p><br><\/p>\n<p><b>Von der Planung bis zur Wartung &#8211; alles aus einer Hand<\/b><\/p>\n<p>In der Planungsphase erarbeiten wir gemeinsam mit Ihnen ein individuelles und genau f\u00fcr Sie passendes Sicherheitskonzept &#8211; auf Basis von Baupl\u00e4nen oder direkt vor Ort. W\u00e4hrend der Installation sorgen unsere versierten Techniker dann f\u00fcr einen reibungslosen Ablauf &#8211; hochwertige Materialien und erstklassige Qualit\u00e4t stehen f\u00fcr uns dabei an erster Stelle. Aber das ist noch nicht alles &#8211; denn gerade bei Alarmanlagen ist eine regelm\u00e4\u00dfige Wartung das Um und Auf. Wir \u00fcberpr\u00fcfen daher in regelm\u00e4\u00dfigen Abst\u00e4nden alle Anlagenteile und sollten dennoch einmal Probleme oder St\u00f6rungen auftreten, bem\u00fchen wir uns nat\u00fcrlich um rasche und professionelle Hilfe.<\/p>\t\t\t\t\t\t\t\t<\/div>\n\t\t\t\t<\/div>\n\t\t\t\t<div class=\"elementor-element elementor-element-664f947 elementor-widget elementor-widget-spacer\" data-id=\"664f947\" data-element_type=\"widget\" data-widget_type=\"spacer.default\">\n\t\t\t\t<div class=\"elementor-widget-container\">\n\t\t\t\t\t\t\t<div class=\"elementor-spacer\">\n\t\t\t<div class=\"elementor-spacer-inner\"><\/div>\n\t\t<\/div>\n\t\t\t\t\t\t<\/div>\n\t\t\t\t<\/div>\n\t\t\t\t<div class=\"elementor-element elementor-element-67fb017 elementor-button-danger elementor-align-center elementor-widget elementor-widget-button\" data-id=\"67fb017\" data-element_type=\"widget\" data-widget_type=\"button.default\">\n\t\t\t\t<div class=\"elementor-widget-container\">\n\t\t\t\t\t\t\t\t\t<div class=\"elementor-button-wrapper\">\n\t\t\t\t\t<a class=\"elementor-button elementor-button-link elementor-size-md\" href=\"https:\/\/alarmanlagen-puttinger.at\/index.php\/kontakt\/\">\n\t\t\t\t\t\t<span class=\"elementor-button-content-wrapper\">\n\t\t\t\t\t\t\t\t\t<span class=\"elementor-button-text\">Kontakt<\/span>\n\t\t\t\t\t<\/span>\n\t\t\t\t\t<\/a>\n\t\t\t\t<\/div>\n\t\t\t\t\t\t\t\t<\/div>\n\t\t\t\t<\/div>\n\t\t\t\t\t<\/div>\n\t\t<\/div>\n\t\t\t\t\t<\/div>\n\t\t<\/section>\n\t\t\t\t<\/div>\n\t\t","protected":false},"excerpt":{"rendered":"<p>\u00dcBER UNS Alarmanlagen Puttinger &#8211; wir sorgen f\u00fcr Ihre Sicherheit! Kundenservice ist bei uns nicht nur ein Schlagwort. Mit unserer Erfahrung wissen [&hellip;]<\/p>\n","protected":false},"author":2,"featured_media":0,"parent":0,"menu_order":0,"comment_status":"closed","ping_status":"closed","template":"elementor_header_footer","meta":{"footnotes":""},"class_list":["post-745","page","type-page","status-publish","hentry"],"yoast_head":"<!-- This site is optimized with the Yoast SEO Premium plugin v26.6 (Yoast SEO v26.6) - https:\/\/yoast.com\/wordpress\/plugins\/seo\/ -->\n<title>Sicherheitssysteme I Gerald Puttinger - Sicherheitssysteme und mehr<\/title>\n<meta name=\"description\" content=\"Wir bieten ein fundiertes Fachwissen in vielen Belangen der Sicherheitstechnik &amp; verschiedenster Sicherheitssysteme. Basis ist unsere jahrelange Erfahrung.\" \/>\n<meta name=\"robots\" content=\"index, follow, max-snippet:-1, max-image-preview:large, max-video-preview:-1\" \/>\n<link rel=\"canonical\" href=\"https:\/\/alarmanlagen-puttinger.at\/index.php\/sicherheitssysteme\/\" \/>\n<meta property=\"og:locale\" content=\"de_DE\" \/>\n<meta property=\"og:type\" content=\"article\" \/>\n<meta property=\"og:title\" content=\"\u00dcber uns\" \/>\n<meta property=\"og:description\" content=\"Wir bieten ein fundiertes Fachwissen in vielen Belangen der Sicherheitstechnik &amp; verschiedenster Sicherheitssysteme. Basis ist unsere jahrelange Erfahrung.\" \/>\n<meta property=\"og:url\" content=\"https:\/\/alarmanlagen-puttinger.at\/index.php\/sicherheitssysteme\/\" \/>\n<meta property=\"og:site_name\" content=\"Puttinger\" \/>\n<meta property=\"article:modified_time\" content=\"2020-07-23T13:59:33+00:00\" \/>\n<meta name=\"twitter:card\" content=\"summary_large_image\" \/>\n<meta name=\"twitter:label1\" content=\"Gesch\u00e4tzte Lesezeit\" \/>\n\t<meta name=\"twitter:data1\" content=\"1\u00a0Minute\" \/>\n<script type=\"application\/ld+json\" class=\"yoast-schema-graph\">{\"@context\":\"https:\/\/schema.org\",\"@graph\":[{\"@type\":\"WebPage\",\"@id\":\"https:\/\/alarmanlagen-puttinger.at\/index.php\/sicherheitssysteme\/\",\"url\":\"https:\/\/alarmanlagen-puttinger.at\/index.php\/sicherheitssysteme\/\",\"name\":\"Sicherheitssysteme I Gerald Puttinger - Sicherheitssysteme und mehr\",\"isPartOf\":{\"@id\":\"https:\/\/alarmanlagen-puttinger.at\/#website\"},\"datePublished\":\"2020-04-07T21:25:39+00:00\",\"dateModified\":\"2020-07-23T13:59:33+00:00\",\"description\":\"Wir bieten ein fundiertes Fachwissen in vielen Belangen der Sicherheitstechnik & verschiedenster Sicherheitssysteme. Basis ist unsere jahrelange Erfahrung.\",\"breadcrumb\":{\"@id\":\"https:\/\/alarmanlagen-puttinger.at\/index.php\/sicherheitssysteme\/#breadcrumb\"},\"inLanguage\":\"de\",\"potentialAction\":[{\"@type\":\"ReadAction\",\"target\":[\"https:\/\/alarmanlagen-puttinger.at\/index.php\/sicherheitssysteme\/\"]}]},{\"@type\":\"BreadcrumbList\",\"@id\":\"https:\/\/alarmanlagen-puttinger.at\/index.php\/sicherheitssysteme\/#breadcrumb\",\"itemListElement\":[{\"@type\":\"ListItem\",\"position\":1,\"name\":\"Home\",\"item\":\"https:\/\/alarmanlagen-puttinger.at\/\"},{\"@type\":\"ListItem\",\"position\":2,\"name\":\"\u00dcber uns\"}]},{\"@type\":\"WebSite\",\"@id\":\"https:\/\/alarmanlagen-puttinger.at\/#website\",\"url\":\"https:\/\/alarmanlagen-puttinger.at\/\",\"name\":\"Puttinger\",\"description\":\"Just another WordPress site\",\"potentialAction\":[{\"@type\":\"SearchAction\",\"target\":{\"@type\":\"EntryPoint\",\"urlTemplate\":\"https:\/\/alarmanlagen-puttinger.at\/?s={search_term_string}\"},\"query-input\":{\"@type\":\"PropertyValueSpecification\",\"valueRequired\":true,\"valueName\":\"search_term_string\"}}],\"inLanguage\":\"de\"}]}<\/script>\n<!-- \/ Yoast SEO Premium plugin. -->","yoast_head_json":{"title":"Sicherheitssysteme I Gerald Puttinger - Sicherheitssysteme und mehr","description":"Wir bieten ein fundiertes Fachwissen in vielen Belangen der Sicherheitstechnik & verschiedenster Sicherheitssysteme. Basis ist unsere jahrelange Erfahrung.","robots":{"index":"index","follow":"follow","max-snippet":"max-snippet:-1","max-image-preview":"max-image-preview:large","max-video-preview":"max-video-preview:-1"},"canonical":"https:\/\/alarmanlagen-puttinger.at\/index.php\/sicherheitssysteme\/","og_locale":"de_DE","og_type":"article","og_title":"\u00dcber uns","og_description":"Wir bieten ein fundiertes Fachwissen in vielen Belangen der Sicherheitstechnik & verschiedenster Sicherheitssysteme. Basis ist unsere jahrelange Erfahrung.","og_url":"https:\/\/alarmanlagen-puttinger.at\/index.php\/sicherheitssysteme\/","og_site_name":"Puttinger","article_modified_time":"2020-07-23T13:59:33+00:00","twitter_card":"summary_large_image","twitter_misc":{"Gesch\u00e4tzte Lesezeit":"1\u00a0Minute"},"schema":{"@context":"https:\/\/schema.org","@graph":[{"@type":"WebPage","@id":"https:\/\/alarmanlagen-puttinger.at\/index.php\/sicherheitssysteme\/","url":"https:\/\/alarmanlagen-puttinger.at\/index.php\/sicherheitssysteme\/","name":"Sicherheitssysteme I Gerald Puttinger - Sicherheitssysteme und mehr","isPartOf":{"@id":"https:\/\/alarmanlagen-puttinger.at\/#website"},"datePublished":"2020-04-07T21:25:39+00:00","dateModified":"2020-07-23T13:59:33+00:00","description":"Wir bieten ein fundiertes Fachwissen in vielen Belangen der Sicherheitstechnik & verschiedenster Sicherheitssysteme. Basis ist unsere jahrelange Erfahrung.","breadcrumb":{"@id":"https:\/\/alarmanlagen-puttinger.at\/index.php\/sicherheitssysteme\/#breadcrumb"},"inLanguage":"de","potentialAction":[{"@type":"ReadAction","target":["https:\/\/alarmanlagen-puttinger.at\/index.php\/sicherheitssysteme\/"]}]},{"@type":"BreadcrumbList","@id":"https:\/\/alarmanlagen-puttinger.at\/index.php\/sicherheitssysteme\/#breadcrumb","itemListElement":[{"@type":"ListItem","position":1,"name":"Home","item":"https:\/\/alarmanlagen-puttinger.at\/"},{"@type":"ListItem","position":2,"name":"\u00dcber uns"}]},{"@type":"WebSite","@id":"https:\/\/alarmanlagen-puttinger.at\/#website","url":"https:\/\/alarmanlagen-puttinger.at\/","name":"Puttinger","description":"Just another WordPress site","potentialAction":[{"@type":"SearchAction","target":{"@type":"EntryPoint","urlTemplate":"https:\/\/alarmanlagen-puttinger.at\/?s={search_term_string}"},"query-input":{"@type":"PropertyValueSpecification","valueRequired":true,"valueName":"search_term_string"}}],"inLanguage":"de"}]}},"_links":{"self":[{"href":"https:\/\/alarmanlagen-puttinger.at\/index.php\/wp-json\/wp\/v2\/pages\/745","targetHints":{"allow":["GET"]}}],"collection":[{"href":"https:\/\/alarmanlagen-puttinger.at\/index.php\/wp-json\/wp\/v2\/pages"}],"about":[{"href":"https:\/\/alarmanlagen-puttinger.at\/index.php\/wp-json\/wp\/v2\/types\/page"}],"author":[{"embeddable":true,"href":"https:\/\/alarmanlagen-puttinger.at\/index.php\/wp-json\/wp\/v2\/users\/2"}],"replies":[{"embeddable":true,"href":"https:\/\/alarmanlagen-puttinger.at\/index.php\/wp-json\/wp\/v2\/comments?post=745"}],"version-history":[{"count":12,"href":"https:\/\/alarmanlagen-puttinger.at\/index.php\/wp-json\/wp\/v2\/pages\/745\/revisions"}],"predecessor-version":[{"id":1273,"href":"https:\/\/alarmanlagen-puttinger.at\/index.php\/wp-json\/wp\/v2\/pages\/745\/revisions\/1273"}],"wp:attachment":[{"href":"https:\/\/alarmanlagen-puttinger.at\/index.php\/wp-json\/wp\/v2\/media?parent=745"}],"curies":[{"name":"wp","href":"https:\/\/api.w.org\/{rel}","templated":true}]}}