{"id":887,"date":"2020-04-09T15:59:25","date_gmt":"2020-04-09T15:59:25","guid":{"rendered":"https:\/\/alarmanlagen-puttinger.at\/?page_id=887"},"modified":"2020-07-23T09:05:19","modified_gmt":"2020-07-23T09:05:19","slug":"gefahrenmelder","status":"publish","type":"page","link":"https:\/\/alarmanlagen-puttinger.at\/index.php\/gefahrenmelder\/","title":{"rendered":"Gefahrenmelder"},"content":{"rendered":"\t\t<div data-elementor-type=\"wp-page\" data-elementor-id=\"887\" class=\"elementor elementor-887\" data-elementor-post-type=\"page\">\n\t\t\t\t\t\t<section class=\"elementor-section elementor-top-section elementor-element elementor-element-52b25a1 elementor-section-boxed elementor-section-height-default elementor-section-height-default\" data-id=\"52b25a1\" data-element_type=\"section\">\n\t\t\t\t\t\t<div class=\"elementor-container elementor-column-gap-default\">\n\t\t\t\t\t<div class=\"elementor-column elementor-col-100 elementor-top-column elementor-element elementor-element-4aa7a88\" data-id=\"4aa7a88\" data-element_type=\"column\">\n\t\t\t<div class=\"elementor-widget-wrap elementor-element-populated\">\n\t\t\t\t\t\t<div class=\"elementor-element elementor-element-e84dbe5 elementor-widget elementor-widget-heading\" data-id=\"e84dbe5\" data-element_type=\"widget\" data-widget_type=\"heading.default\">\n\t\t\t\t<div class=\"elementor-widget-container\">\n\t\t\t\t\t<h1 class=\"elementor-heading-title elementor-size-large\">GEFAHRENMELDER<\/h1>\t\t\t\t<\/div>\n\t\t\t\t<\/div>\n\t\t\t\t\t<\/div>\n\t\t<\/div>\n\t\t\t\t\t<\/div>\n\t\t<\/section>\n\t\t\t\t<section class=\"elementor-section elementor-top-section elementor-element elementor-element-222feb9 elementor-section-boxed elementor-section-height-default elementor-section-height-default\" data-id=\"222feb9\" data-element_type=\"section\">\n\t\t\t\t\t\t<div class=\"elementor-container elementor-column-gap-default\">\n\t\t\t\t\t<div class=\"elementor-column elementor-col-100 elementor-top-column elementor-element elementor-element-315d6a9\" data-id=\"315d6a9\" data-element_type=\"column\">\n\t\t\t<div class=\"elementor-widget-wrap elementor-element-populated\">\n\t\t\t\t\t\t<div class=\"elementor-element elementor-element-cb6b4c2 elementor-widget-divider--view-line elementor-widget elementor-widget-divider\" data-id=\"cb6b4c2\" data-element_type=\"widget\" data-widget_type=\"divider.default\">\n\t\t\t\t<div class=\"elementor-widget-container\">\n\t\t\t\t\t\t\t<div class=\"elementor-divider\">\n\t\t\t<span class=\"elementor-divider-separator\">\n\t\t\t\t\t\t<\/span>\n\t\t<\/div>\n\t\t\t\t\t\t<\/div>\n\t\t\t\t<\/div>\n\t\t\t\t<div class=\"elementor-element elementor-element-300dd6c elementor-widget elementor-widget-spacer\" data-id=\"300dd6c\" data-element_type=\"widget\" data-widget_type=\"spacer.default\">\n\t\t\t\t<div class=\"elementor-widget-container\">\n\t\t\t\t\t\t\t<div class=\"elementor-spacer\">\n\t\t\t<div class=\"elementor-spacer-inner\"><\/div>\n\t\t<\/div>\n\t\t\t\t\t\t<\/div>\n\t\t\t\t<\/div>\n\t\t\t\t\t<\/div>\n\t\t<\/div>\n\t\t\t\t\t<\/div>\n\t\t<\/section>\n\t\t\t\t<section class=\"elementor-section elementor-top-section elementor-element elementor-element-b5cbdf2 elementor-section-boxed elementor-section-height-default elementor-section-height-default\" data-id=\"b5cbdf2\" data-element_type=\"section\">\n\t\t\t\t\t\t<div class=\"elementor-container elementor-column-gap-default\">\n\t\t\t\t\t<div class=\"elementor-column elementor-col-100 elementor-top-column elementor-element elementor-element-bbef7b3\" data-id=\"bbef7b3\" data-element_type=\"column\">\n\t\t\t<div class=\"elementor-widget-wrap elementor-element-populated\">\n\t\t\t\t\t\t<div class=\"elementor-element elementor-element-93a643d elementor-widget elementor-widget-text-editor\" data-id=\"93a643d\" data-element_type=\"widget\" data-widget_type=\"text-editor.default\">\n\t\t\t\t<div class=\"elementor-widget-container\">\n\t\t\t\t\t\t\t\t\t<p style=\"text-align: center;\">Unsere verschiedenen Gefahrenmelder sind sowohl einzeln erh\u00e4ltlich als auch in Kombination mit unserer Alarmanlage oder als Teil eines ganzen Sicherheitssystems. Wir beraten Sie gerne bei den verschiedensten Kombinationsm\u00f6glichkeiten!<\/p>\n<p style=\"text-align: center;\">Unsere Gefahrenmelder im \u00dcberblick.<\/p>\t\t\t\t\t\t\t\t<\/div>\n\t\t\t\t<\/div>\n\t\t\t\t<div class=\"elementor-element elementor-element-77b3a2f elementor-widget elementor-widget-spacer\" data-id=\"77b3a2f\" data-element_type=\"widget\" data-widget_type=\"spacer.default\">\n\t\t\t\t<div class=\"elementor-widget-container\">\n\t\t\t\t\t\t\t<div class=\"elementor-spacer\">\n\t\t\t<div class=\"elementor-spacer-inner\"><\/div>\n\t\t<\/div>\n\t\t\t\t\t\t<\/div>\n\t\t\t\t<\/div>\n\t\t\t\t\t<\/div>\n\t\t<\/div>\n\t\t\t\t\t<\/div>\n\t\t<\/section>\n\t\t\t\t<section class=\"elementor-section elementor-top-section elementor-element elementor-element-f20e81b elementor-section-boxed elementor-section-height-default elementor-section-height-default\" data-id=\"f20e81b\" data-element_type=\"section\">\n\t\t\t\t\t\t<div class=\"elementor-container elementor-column-gap-default\">\n\t\t\t\t\t<div class=\"elementor-column elementor-col-25 elementor-top-column elementor-element elementor-element-0243c65\" data-id=\"0243c65\" data-element_type=\"column\">\n\t\t\t<div class=\"elementor-widget-wrap elementor-element-populated\">\n\t\t\t\t\t\t<div class=\"elementor-element elementor-element-1f5f08d elementor-invisible elementor-widget elementor-widget-image\" data-id=\"1f5f08d\" data-element_type=\"widget\" data-settings=\"{&quot;_animation&quot;:&quot;zoomIn&quot;}\" data-widget_type=\"image.default\">\n\t\t\t\t<div class=\"elementor-widget-container\">\n\t\t\t\t\t\t\t\t\t\t\t\t\t\t\t\t<a href=\"https:\/\/alarmanlagen-puttinger.at\/index.php\/bewegungsmelder\/\">\n\t\t\t\t\t\t\t<img decoding=\"async\" src=\"https:\/\/alarmanlagen-puttinger.at\/wp-content\/uploads\/elementor\/thumbs\/Jablotron-100_Bus-Melder_BUS-Bewegungsmelder-qp3hdrdmst4z8ghbt7rup1utt69ruchyk4vrr1uxco.png\" title=\"Jablotron BUS-BM\" alt=\"Jablotron BUS-BM\" class=\"elementor-animation-shrink\" loading=\"lazy\" \/>\t\t\t\t\t\t\t\t<\/a>\n\t\t\t\t\t\t\t\t\t\t\t\t\t\t\t<\/div>\n\t\t\t\t<\/div>\n\t\t\t\t<div class=\"elementor-element elementor-element-a80348f elementor-invisible elementor-widget elementor-widget-heading\" data-id=\"a80348f\" data-element_type=\"widget\" data-settings=\"{&quot;_animation&quot;:&quot;fadeIn&quot;}\" data-widget_type=\"heading.default\">\n\t\t\t\t<div class=\"elementor-widget-container\">\n\t\t\t\t\t<h4 class=\"elementor-heading-title elementor-size-default\"><a href=\"https:\/\/alarmanlagen-puttinger.at\/index.php\/bewegungsmelder\/\">Bewegungsmelder<br><\/a><\/h4>\t\t\t\t<\/div>\n\t\t\t\t<\/div>\n\t\t\t\t\t<\/div>\n\t\t<\/div>\n\t\t\t\t<div class=\"elementor-column elementor-col-25 elementor-top-column elementor-element elementor-element-3c5b364\" data-id=\"3c5b364\" data-element_type=\"column\">\n\t\t\t<div class=\"elementor-widget-wrap elementor-element-populated\">\n\t\t\t\t\t\t<div class=\"elementor-element elementor-element-50c84fe elementor-invisible elementor-widget elementor-widget-image\" data-id=\"50c84fe\" data-element_type=\"widget\" data-settings=\"{&quot;_animation&quot;:&quot;zoomIn&quot;}\" data-widget_type=\"image.default\">\n\t\t\t\t<div class=\"elementor-widget-container\">\n\t\t\t\t\t\t\t\t\t\t\t\t\t\t\t\t<a href=\"https:\/\/alarmanlagen-puttinger.at\/index.php\/glasbruchmelder\/\">\n\t\t\t\t\t\t\t<img decoding=\"async\" src=\"https:\/\/alarmanlagen-puttinger.at\/wp-content\/uploads\/elementor\/thumbs\/Jablotron-100_Bus-Melder_BUS-Glasbruchmelder-qp3hdrdmst4z8ghbt7rup1utt69ruchyk4vrr1uxco.png\" title=\"Jablotron BUS-Glasbruchmelder\" alt=\"Jablotron BUS-Glasbruchmelder\" class=\"elementor-animation-shrink\" loading=\"lazy\" \/>\t\t\t\t\t\t\t\t<\/a>\n\t\t\t\t\t\t\t\t\t\t\t\t\t\t\t<\/div>\n\t\t\t\t<\/div>\n\t\t\t\t<div class=\"elementor-element elementor-element-1b4f2e0 elementor-invisible elementor-widget elementor-widget-heading\" data-id=\"1b4f2e0\" data-element_type=\"widget\" data-settings=\"{&quot;_animation&quot;:&quot;fadeIn&quot;}\" data-widget_type=\"heading.default\">\n\t\t\t\t<div class=\"elementor-widget-container\">\n\t\t\t\t\t<h4 class=\"elementor-heading-title elementor-size-default\"><a href=\"https:\/\/alarmanlagen-puttinger.at\/index.php\/glasbruchmelder\/\">Glasbruchmelder<br><\/a><\/h4>\t\t\t\t<\/div>\n\t\t\t\t<\/div>\n\t\t\t\t<div class=\"elementor-element elementor-element-ca3aeaf elementor-widget elementor-widget-spacer\" data-id=\"ca3aeaf\" data-element_type=\"widget\" data-widget_type=\"spacer.default\">\n\t\t\t\t<div class=\"elementor-widget-container\">\n\t\t\t\t\t\t\t<div class=\"elementor-spacer\">\n\t\t\t<div class=\"elementor-spacer-inner\"><\/div>\n\t\t<\/div>\n\t\t\t\t\t\t<\/div>\n\t\t\t\t<\/div>\n\t\t\t\t<div class=\"elementor-element elementor-element-af6aa22 elementor-invisible elementor-widget elementor-widget-image\" data-id=\"af6aa22\" data-element_type=\"widget\" data-settings=\"{&quot;_animation&quot;:&quot;zoomIn&quot;}\" data-widget_type=\"image.default\">\n\t\t\t\t<div class=\"elementor-widget-container\">\n\t\t\t\t\t\t\t\t\t\t\t\t\t\t\t\t<a href=\"https:\/\/alarmanlagen-puttinger.at\/index.php\/temperaturfuhler\/\">\n\t\t\t\t\t\t\t<img decoding=\"async\" src=\"https:\/\/alarmanlagen-puttinger.at\/wp-content\/uploads\/elementor\/thumbs\/Jablotron-100_Bus-Melder_BUS-Temperaturf\u00fchler-qp3hdrdmst4z8ghbt7rup1utt69ruchyk4vrr1uxco.png\" title=\"Jablotron BUS-TF\" alt=\"Jablotron BUS-TF\" class=\"elementor-animation-shrink\" loading=\"lazy\" \/>\t\t\t\t\t\t\t\t<\/a>\n\t\t\t\t\t\t\t\t\t\t\t\t\t\t\t<\/div>\n\t\t\t\t<\/div>\n\t\t\t\t<div class=\"elementor-element elementor-element-c9b8f77 elementor-invisible elementor-widget elementor-widget-heading\" data-id=\"c9b8f77\" data-element_type=\"widget\" data-settings=\"{&quot;_animation&quot;:&quot;fadeIn&quot;}\" data-widget_type=\"heading.default\">\n\t\t\t\t<div class=\"elementor-widget-container\">\n\t\t\t\t\t<h4 class=\"elementor-heading-title elementor-size-default\"><a href=\"https:\/\/alarmanlagen-puttinger.at\/index.php\/temperaturfuhler\/\">Temperaturf\u00fchler<\/a><\/h4>\t\t\t\t<\/div>\n\t\t\t\t<\/div>\n\t\t\t\t\t<\/div>\n\t\t<\/div>\n\t\t\t\t<div class=\"elementor-column elementor-col-25 elementor-top-column elementor-element elementor-element-a9134ee\" data-id=\"a9134ee\" data-element_type=\"column\">\n\t\t\t<div class=\"elementor-widget-wrap elementor-element-populated\">\n\t\t\t\t\t\t<div class=\"elementor-element elementor-element-ee01218 elementor-invisible elementor-widget elementor-widget-image\" data-id=\"ee01218\" data-element_type=\"widget\" data-settings=\"{&quot;_animation&quot;:&quot;zoomIn&quot;}\" data-widget_type=\"image.default\">\n\t\t\t\t<div class=\"elementor-widget-container\">\n\t\t\t\t\t\t\t\t\t\t\t\t\t\t\t\t<a href=\"https:\/\/alarmanlagen-puttinger.at\/index.php\/offnungsmelder\/\">\n\t\t\t\t\t\t\t<img decoding=\"async\" src=\"https:\/\/alarmanlagen-puttinger.at\/wp-content\/uploads\/elementor\/thumbs\/Jablotron-100_Bus-Melder_BUS-Aufbaumagnetkontakt-qp3hdrdmst4z8ghbt7rup1utt69ruchyk4vrr1uxco.png\" title=\"Jablotron BUS-\u00d6M\/Aufbaumagnetkontakt\" alt=\"Jablotron BUS-\u00d6M\/Aufbaumagnetkontakt\" class=\"elementor-animation-shrink\" loading=\"lazy\" \/>\t\t\t\t\t\t\t\t<\/a>\n\t\t\t\t\t\t\t\t\t\t\t\t\t\t\t<\/div>\n\t\t\t\t<\/div>\n\t\t\t\t<div class=\"elementor-element elementor-element-78a8058 elementor-invisible elementor-widget elementor-widget-heading\" data-id=\"78a8058\" data-element_type=\"widget\" data-settings=\"{&quot;_animation&quot;:&quot;fadeIn&quot;}\" data-widget_type=\"heading.default\">\n\t\t\t\t<div class=\"elementor-widget-container\">\n\t\t\t\t\t<h4 class=\"elementor-heading-title elementor-size-default\"><a href=\"https:\/\/alarmanlagen-puttinger.at\/index.php\/offnungsmelder\/\">\u00d6ffnungsmelder<br><\/a><\/h4>\t\t\t\t<\/div>\n\t\t\t\t<\/div>\n\t\t\t\t<div class=\"elementor-element elementor-element-9f3f553 elementor-widget elementor-widget-spacer\" data-id=\"9f3f553\" data-element_type=\"widget\" data-widget_type=\"spacer.default\">\n\t\t\t\t<div class=\"elementor-widget-container\">\n\t\t\t\t\t\t\t<div class=\"elementor-spacer\">\n\t\t\t<div class=\"elementor-spacer-inner\"><\/div>\n\t\t<\/div>\n\t\t\t\t\t\t<\/div>\n\t\t\t\t<\/div>\n\t\t\t\t<div class=\"elementor-element elementor-element-f08ab02 elementor-invisible elementor-widget elementor-widget-image\" data-id=\"f08ab02\" data-element_type=\"widget\" data-settings=\"{&quot;_animation&quot;:&quot;zoomIn&quot;}\" data-widget_type=\"image.default\">\n\t\t\t\t<div class=\"elementor-widget-container\">\n\t\t\t\t\t\t\t\t\t\t\t\t\t\t\t\t<a href=\"https:\/\/alarmanlagen-puttinger.at\/index.php\/wassermelder\/\">\n\t\t\t\t\t\t\t<img decoding=\"async\" src=\"https:\/\/alarmanlagen-puttinger.at\/wp-content\/uploads\/elementor\/thumbs\/Jablotron-100_Bus-Melder_BUS-Wassermelder-qp3hdrdmst4z8ghbt7rup1utt69ruchyk4vrr1uxco.png\" title=\"Jablotron BUS-Wassermelder\" alt=\"Unser Wassermelder erfasst Wasserlecks und warnt so vor gr\u00f6\u00dferen Wassersch\u00e4den.\" class=\"elementor-animation-shrink\" loading=\"lazy\" \/>\t\t\t\t\t\t\t\t<\/a>\n\t\t\t\t\t\t\t\t\t\t\t\t\t\t\t<\/div>\n\t\t\t\t<\/div>\n\t\t\t\t<div class=\"elementor-element elementor-element-7d40c2d elementor-invisible elementor-widget elementor-widget-heading\" data-id=\"7d40c2d\" data-element_type=\"widget\" data-settings=\"{&quot;_animation&quot;:&quot;fadeIn&quot;}\" data-widget_type=\"heading.default\">\n\t\t\t\t<div class=\"elementor-widget-container\">\n\t\t\t\t\t<h4 class=\"elementor-heading-title elementor-size-default\"><a href=\"https:\/\/alarmanlagen-puttinger.at\/index.php\/wassermelder\/\">Wassermelder<\/a><\/h4>\t\t\t\t<\/div>\n\t\t\t\t<\/div>\n\t\t\t\t\t<\/div>\n\t\t<\/div>\n\t\t\t\t<div class=\"elementor-column elementor-col-25 elementor-top-column elementor-element elementor-element-04dce82\" data-id=\"04dce82\" data-element_type=\"column\">\n\t\t\t<div class=\"elementor-widget-wrap elementor-element-populated\">\n\t\t\t\t\t\t<div class=\"elementor-element elementor-element-068c422 elementor-invisible elementor-widget elementor-widget-image\" data-id=\"068c422\" data-element_type=\"widget\" data-settings=\"{&quot;_animation&quot;:&quot;zoomIn&quot;}\" data-widget_type=\"image.default\">\n\t\t\t\t<div class=\"elementor-widget-container\">\n\t\t\t\t\t\t\t\t\t\t\t\t\t\t\t\t<a href=\"https:\/\/alarmanlagen-puttinger.at\/index.php\/rauchmelder\/\">\n\t\t\t\t\t\t\t<img decoding=\"async\" src=\"https:\/\/alarmanlagen-puttinger.at\/wp-content\/uploads\/elementor\/thumbs\/Jablotron-100_Bus-Melder_BUS-Brandmelder-qp3hdrdmst4z8ghbt7rup1utt69ruchyk4vrr1uxco.png\" title=\"Jablotron BUS-RM mit integrierter Sirene\" alt=\"Jablotron BUS-RM mit integrierter Sirene\" class=\"elementor-animation-shrink\" loading=\"lazy\" \/>\t\t\t\t\t\t\t\t<\/a>\n\t\t\t\t\t\t\t\t\t\t\t\t\t\t\t<\/div>\n\t\t\t\t<\/div>\n\t\t\t\t<div class=\"elementor-element elementor-element-1431492 elementor-invisible elementor-widget elementor-widget-heading\" data-id=\"1431492\" data-element_type=\"widget\" data-settings=\"{&quot;_animation&quot;:&quot;fadeIn&quot;}\" data-widget_type=\"heading.default\">\n\t\t\t\t<div class=\"elementor-widget-container\">\n\t\t\t\t\t<h4 class=\"elementor-heading-title elementor-size-default\"><a href=\"https:\/\/alarmanlagen-puttinger.at\/index.php\/rauchmelder\/\">Rauchmelder<br><\/a><\/h4>\t\t\t\t<\/div>\n\t\t\t\t<\/div>\n\t\t\t\t\t<\/div>\n\t\t<\/div>\n\t\t\t\t\t<\/div>\n\t\t<\/section>\n\t\t\t\t<section class=\"elementor-section elementor-top-section elementor-element elementor-element-3999010 elementor-section-boxed elementor-section-height-default elementor-section-height-default\" data-id=\"3999010\" data-element_type=\"section\">\n\t\t\t\t\t\t<div class=\"elementor-container elementor-column-gap-default\">\n\t\t\t\t\t<div class=\"elementor-column elementor-col-100 elementor-top-column elementor-element elementor-element-0657808\" data-id=\"0657808\" data-element_type=\"column\">\n\t\t\t<div class=\"elementor-widget-wrap elementor-element-populated\">\n\t\t\t\t\t\t<div class=\"elementor-element elementor-element-664f947 elementor-widget elementor-widget-spacer\" data-id=\"664f947\" data-element_type=\"widget\" data-widget_type=\"spacer.default\">\n\t\t\t\t<div class=\"elementor-widget-container\">\n\t\t\t\t\t\t\t<div class=\"elementor-spacer\">\n\t\t\t<div class=\"elementor-spacer-inner\"><\/div>\n\t\t<\/div>\n\t\t\t\t\t\t<\/div>\n\t\t\t\t<\/div>\n\t\t\t\t<div class=\"elementor-element elementor-element-67fb017 elementor-button-danger elementor-align-center elementor-widget elementor-widget-button\" data-id=\"67fb017\" data-element_type=\"widget\" data-widget_type=\"button.default\">\n\t\t\t\t<div class=\"elementor-widget-container\">\n\t\t\t\t\t\t\t\t\t<div class=\"elementor-button-wrapper\">\n\t\t\t\t\t<a class=\"elementor-button elementor-button-link elementor-size-md\" href=\"https:\/\/alarmanlagen-puttinger.at\/index.php\/kontakt\/\">\n\t\t\t\t\t\t<span class=\"elementor-button-content-wrapper\">\n\t\t\t\t\t\t\t\t\t<span class=\"elementor-button-text\">Kontakt<\/span>\n\t\t\t\t\t<\/span>\n\t\t\t\t\t<\/a>\n\t\t\t\t<\/div>\n\t\t\t\t\t\t\t\t<\/div>\n\t\t\t\t<\/div>\n\t\t\t\t\t<\/div>\n\t\t<\/div>\n\t\t\t\t\t<\/div>\n\t\t<\/section>\n\t\t\t\t<\/div>\n\t\t","protected":false},"excerpt":{"rendered":"<p>GEFAHRENMELDER Unsere verschiedenen Gefahrenmelder sind sowohl einzeln erh\u00e4ltlich als auch in Kombination mit unserer Alarmanlage oder als Teil eines ganzen Sicherheitssystems. Wir [&hellip;]<\/p>\n","protected":false},"author":2,"featured_media":0,"parent":0,"menu_order":0,"comment_status":"closed","ping_status":"closed","template":"elementor_header_footer","meta":{"footnotes":""},"class_list":["post-887","page","type-page","status-publish","hentry"],"yoast_head":"<!-- This site is optimized with the Yoast SEO Premium plugin v26.6 (Yoast SEO v26.6) - https:\/\/yoast.com\/wordpress\/plugins\/seo\/ -->\n<title>Gefahrenmelder I Gerald Puttinger - Gefahrenmelder und mehr<\/title>\n<meta name=\"description\" content=\"Unsere diversen Gefahrenmelder sind sowohl einzeln als auch in Kombination mit unserer Alarmanlage erh\u00e4ltlich. Puttinger: die Firma f\u00fcr Gefahrenmelder!\" \/>\n<meta name=\"robots\" content=\"index, follow, max-snippet:-1, max-image-preview:large, max-video-preview:-1\" \/>\n<link rel=\"canonical\" href=\"https:\/\/alarmanlagen-puttinger.at\/index.php\/gefahrenmelder\/\" \/>\n<meta property=\"og:locale\" content=\"de_DE\" \/>\n<meta property=\"og:type\" content=\"article\" \/>\n<meta property=\"og:title\" content=\"Gefahrenmelder\" \/>\n<meta property=\"og:description\" content=\"Unsere diversen Gefahrenmelder sind sowohl einzeln als auch in Kombination mit unserer Alarmanlage erh\u00e4ltlich. Puttinger: die Firma f\u00fcr Gefahrenmelder!\" \/>\n<meta property=\"og:url\" content=\"https:\/\/alarmanlagen-puttinger.at\/index.php\/gefahrenmelder\/\" \/>\n<meta property=\"og:site_name\" content=\"Puttinger\" \/>\n<meta property=\"article:modified_time\" content=\"2020-07-23T09:05:19+00:00\" \/>\n<meta property=\"og:image\" content=\"https:\/\/alarmanlagen-puttinger.at\/wp-content\/uploads\/elementor\/thumbs\/Jablotron-100_Bus-Melder_BUS-Bewegungsmelder-onuokftcgk7c1lp0ndkqd48vvy2z2mw30la7fwq99s.png\" \/>\n<meta name=\"twitter:card\" content=\"summary_large_image\" \/>\n<script type=\"application\/ld+json\" class=\"yoast-schema-graph\">{\"@context\":\"https:\/\/schema.org\",\"@graph\":[{\"@type\":\"WebPage\",\"@id\":\"https:\/\/alarmanlagen-puttinger.at\/index.php\/gefahrenmelder\/\",\"url\":\"https:\/\/alarmanlagen-puttinger.at\/index.php\/gefahrenmelder\/\",\"name\":\"Gefahrenmelder I Gerald Puttinger - Gefahrenmelder und mehr\",\"isPartOf\":{\"@id\":\"https:\/\/alarmanlagen-puttinger.at\/#website\"},\"primaryImageOfPage\":{\"@id\":\"https:\/\/alarmanlagen-puttinger.at\/index.php\/gefahrenmelder\/#primaryimage\"},\"image\":{\"@id\":\"https:\/\/alarmanlagen-puttinger.at\/index.php\/gefahrenmelder\/#primaryimage\"},\"thumbnailUrl\":\"https:\/\/alarmanlagen-puttinger.at\/wp-content\/uploads\/elementor\/thumbs\/Jablotron-100_Bus-Melder_BUS-Bewegungsmelder-onuokftcgk7c1lp0ndkqd48vvy2z2mw30la7fwq99s.png\",\"datePublished\":\"2020-04-09T15:59:25+00:00\",\"dateModified\":\"2020-07-23T09:05:19+00:00\",\"description\":\"Unsere diversen Gefahrenmelder sind sowohl einzeln als auch in Kombination mit unserer Alarmanlage erh\u00e4ltlich. Puttinger: die Firma f\u00fcr Gefahrenmelder!\",\"breadcrumb\":{\"@id\":\"https:\/\/alarmanlagen-puttinger.at\/index.php\/gefahrenmelder\/#breadcrumb\"},\"inLanguage\":\"de\",\"potentialAction\":[{\"@type\":\"ReadAction\",\"target\":[\"https:\/\/alarmanlagen-puttinger.at\/index.php\/gefahrenmelder\/\"]}]},{\"@type\":\"ImageObject\",\"inLanguage\":\"de\",\"@id\":\"https:\/\/alarmanlagen-puttinger.at\/index.php\/gefahrenmelder\/#primaryimage\",\"url\":\"https:\/\/alarmanlagen-puttinger.at\/wp-content\/uploads\/elementor\/thumbs\/Jablotron-100_Bus-Melder_BUS-Bewegungsmelder-onuokftcgk7c1lp0ndkqd48vvy2z2mw30la7fwq99s.png\",\"contentUrl\":\"https:\/\/alarmanlagen-puttinger.at\/wp-content\/uploads\/elementor\/thumbs\/Jablotron-100_Bus-Melder_BUS-Bewegungsmelder-onuokftcgk7c1lp0ndkqd48vvy2z2mw30la7fwq99s.png\"},{\"@type\":\"BreadcrumbList\",\"@id\":\"https:\/\/alarmanlagen-puttinger.at\/index.php\/gefahrenmelder\/#breadcrumb\",\"itemListElement\":[{\"@type\":\"ListItem\",\"position\":1,\"name\":\"Home\",\"item\":\"https:\/\/alarmanlagen-puttinger.at\/\"},{\"@type\":\"ListItem\",\"position\":2,\"name\":\"Gefahrenmelder\"}]},{\"@type\":\"WebSite\",\"@id\":\"https:\/\/alarmanlagen-puttinger.at\/#website\",\"url\":\"https:\/\/alarmanlagen-puttinger.at\/\",\"name\":\"Puttinger\",\"description\":\"Just another WordPress site\",\"potentialAction\":[{\"@type\":\"SearchAction\",\"target\":{\"@type\":\"EntryPoint\",\"urlTemplate\":\"https:\/\/alarmanlagen-puttinger.at\/?s={search_term_string}\"},\"query-input\":{\"@type\":\"PropertyValueSpecification\",\"valueRequired\":true,\"valueName\":\"search_term_string\"}}],\"inLanguage\":\"de\"}]}<\/script>\n<!-- \/ Yoast SEO Premium plugin. -->","yoast_head_json":{"title":"Gefahrenmelder I Gerald Puttinger - Gefahrenmelder und mehr","description":"Unsere diversen Gefahrenmelder sind sowohl einzeln als auch in Kombination mit unserer Alarmanlage erh\u00e4ltlich. Puttinger: die Firma f\u00fcr Gefahrenmelder!","robots":{"index":"index","follow":"follow","max-snippet":"max-snippet:-1","max-image-preview":"max-image-preview:large","max-video-preview":"max-video-preview:-1"},"canonical":"https:\/\/alarmanlagen-puttinger.at\/index.php\/gefahrenmelder\/","og_locale":"de_DE","og_type":"article","og_title":"Gefahrenmelder","og_description":"Unsere diversen Gefahrenmelder sind sowohl einzeln als auch in Kombination mit unserer Alarmanlage erh\u00e4ltlich. Puttinger: die Firma f\u00fcr Gefahrenmelder!","og_url":"https:\/\/alarmanlagen-puttinger.at\/index.php\/gefahrenmelder\/","og_site_name":"Puttinger","article_modified_time":"2020-07-23T09:05:19+00:00","og_image":[{"url":"https:\/\/alarmanlagen-puttinger.at\/wp-content\/uploads\/elementor\/thumbs\/Jablotron-100_Bus-Melder_BUS-Bewegungsmelder-onuokftcgk7c1lp0ndkqd48vvy2z2mw30la7fwq99s.png","type":"","width":"","height":""}],"twitter_card":"summary_large_image","schema":{"@context":"https:\/\/schema.org","@graph":[{"@type":"WebPage","@id":"https:\/\/alarmanlagen-puttinger.at\/index.php\/gefahrenmelder\/","url":"https:\/\/alarmanlagen-puttinger.at\/index.php\/gefahrenmelder\/","name":"Gefahrenmelder I Gerald Puttinger - Gefahrenmelder und mehr","isPartOf":{"@id":"https:\/\/alarmanlagen-puttinger.at\/#website"},"primaryImageOfPage":{"@id":"https:\/\/alarmanlagen-puttinger.at\/index.php\/gefahrenmelder\/#primaryimage"},"image":{"@id":"https:\/\/alarmanlagen-puttinger.at\/index.php\/gefahrenmelder\/#primaryimage"},"thumbnailUrl":"https:\/\/alarmanlagen-puttinger.at\/wp-content\/uploads\/elementor\/thumbs\/Jablotron-100_Bus-Melder_BUS-Bewegungsmelder-onuokftcgk7c1lp0ndkqd48vvy2z2mw30la7fwq99s.png","datePublished":"2020-04-09T15:59:25+00:00","dateModified":"2020-07-23T09:05:19+00:00","description":"Unsere diversen Gefahrenmelder sind sowohl einzeln als auch in Kombination mit unserer Alarmanlage erh\u00e4ltlich. Puttinger: die Firma f\u00fcr Gefahrenmelder!","breadcrumb":{"@id":"https:\/\/alarmanlagen-puttinger.at\/index.php\/gefahrenmelder\/#breadcrumb"},"inLanguage":"de","potentialAction":[{"@type":"ReadAction","target":["https:\/\/alarmanlagen-puttinger.at\/index.php\/gefahrenmelder\/"]}]},{"@type":"ImageObject","inLanguage":"de","@id":"https:\/\/alarmanlagen-puttinger.at\/index.php\/gefahrenmelder\/#primaryimage","url":"https:\/\/alarmanlagen-puttinger.at\/wp-content\/uploads\/elementor\/thumbs\/Jablotron-100_Bus-Melder_BUS-Bewegungsmelder-onuokftcgk7c1lp0ndkqd48vvy2z2mw30la7fwq99s.png","contentUrl":"https:\/\/alarmanlagen-puttinger.at\/wp-content\/uploads\/elementor\/thumbs\/Jablotron-100_Bus-Melder_BUS-Bewegungsmelder-onuokftcgk7c1lp0ndkqd48vvy2z2mw30la7fwq99s.png"},{"@type":"BreadcrumbList","@id":"https:\/\/alarmanlagen-puttinger.at\/index.php\/gefahrenmelder\/#breadcrumb","itemListElement":[{"@type":"ListItem","position":1,"name":"Home","item":"https:\/\/alarmanlagen-puttinger.at\/"},{"@type":"ListItem","position":2,"name":"Gefahrenmelder"}]},{"@type":"WebSite","@id":"https:\/\/alarmanlagen-puttinger.at\/#website","url":"https:\/\/alarmanlagen-puttinger.at\/","name":"Puttinger","description":"Just another WordPress site","potentialAction":[{"@type":"SearchAction","target":{"@type":"EntryPoint","urlTemplate":"https:\/\/alarmanlagen-puttinger.at\/?s={search_term_string}"},"query-input":{"@type":"PropertyValueSpecification","valueRequired":true,"valueName":"search_term_string"}}],"inLanguage":"de"}]}},"_links":{"self":[{"href":"https:\/\/alarmanlagen-puttinger.at\/index.php\/wp-json\/wp\/v2\/pages\/887","targetHints":{"allow":["GET"]}}],"collection":[{"href":"https:\/\/alarmanlagen-puttinger.at\/index.php\/wp-json\/wp\/v2\/pages"}],"about":[{"href":"https:\/\/alarmanlagen-puttinger.at\/index.php\/wp-json\/wp\/v2\/types\/page"}],"author":[{"embeddable":true,"href":"https:\/\/alarmanlagen-puttinger.at\/index.php\/wp-json\/wp\/v2\/users\/2"}],"replies":[{"embeddable":true,"href":"https:\/\/alarmanlagen-puttinger.at\/index.php\/wp-json\/wp\/v2\/comments?post=887"}],"version-history":[{"count":21,"href":"https:\/\/alarmanlagen-puttinger.at\/index.php\/wp-json\/wp\/v2\/pages\/887\/revisions"}],"predecessor-version":[{"id":1224,"href":"https:\/\/alarmanlagen-puttinger.at\/index.php\/wp-json\/wp\/v2\/pages\/887\/revisions\/1224"}],"wp:attachment":[{"href":"https:\/\/alarmanlagen-puttinger.at\/index.php\/wp-json\/wp\/v2\/media?parent=887"}],"curies":[{"name":"wp","href":"https:\/\/api.w.org\/{rel}","templated":true}]}}